{"id":284,"date":"2025-01-25T19:55:55","date_gmt":"2025-01-25T19:55:55","guid":{"rendered":"https:\/\/epar-service.com\/?page_id=284"},"modified":"2025-01-25T19:55:55","modified_gmt":"2025-01-25T19:55:55","slug":"interessante-fakta-om-aktivering-og-teknologi","status":"publish","type":"page","link":"https:\/\/epar-service.com\/da\/interessante-fakta-om-aktivering-og-teknologi\/","title":{"rendered":"Interessante fakta om aktivering og teknologi"},"content":{"rendered":"<h6 class=\"wp-block-heading\"><br>KLIMAANL\u00c6G 5.0<\/h6>\n\n\n\n<h2 class=\"wp-block-heading\">COOLINE SX3<\/h2>\n\n\n\n<h1 class=\"wp-block-heading\">3D-HIGHTECH<br>K\u00d8LING<\/h1>\n\n\n\n<p><strong>PATENTERET<br><\/strong><strong>UNIK<br>UDM\u00c6RKET<\/strong><\/p>\n\n\n\n<figure class=\"wp-block-image\"><img decoding=\"async\" src=\"https:\/\/e-cooline.de\/wp-content\/uploads\/2023\/02\/Cooline-SX3-Technologie-Verdunstungsdarstellung-1024%C3%971024px.webp\" alt=\"COOLINE SX3-teknologi til visning af fordampning\" class=\"wp-image-2931\"\/><\/figure>\n\n\n\n<h2 class=\"wp-block-heading\">KLIMAANL\u00c6GGET TIL AT B\u00c6RE<\/h2>\n\n\n\n<p>H\u00f8j kvalitet, genial 3D-teknologi, naturlige k\u00f8lemidler som vand og luft og en finish af h\u00f8j kvalitet i et stilfuldt design: COOLINE SX3 tilbyder alt, hvad du har brug for til b\u00e6redygtig aircondition i topklasse.<\/p>\n\n\n\n<p>Den h\u00f8jteknologiske fleece COOLINE SX3 har evnen til at binde store m\u00e6ngder vand p\u00e5 f\u00e5 sekunder og lagre det direkte p\u00e5 de smarte 3D-fibre. Fordelen er, at der skabes et enormt stort overfladeareal af vandmolekyler, som kan fordampe med det samme og k\u00f8le effektivt. Der dannes ingen vanddr\u00e5ber eller kondens under tryk - selv ikke ved ekstremt pres.<\/p>\n\n\n\n<figure class=\"wp-block-image\"><img decoding=\"async\" src=\"https:\/\/e-cooline.de\/wp-content\/uploads\/2023\/01\/UN-Woman-300x150px.jpg\" alt=\"Logo UN-Women\"\/><\/figure>\n\n\n\n<figure class=\"wp-block-image\"><img decoding=\"async\" src=\"https:\/\/e-cooline.de\/wp-content\/uploads\/2023\/02\/Logo-cool-coalition-300x150px.webp\" alt=\"Logo cool coalition-300x150px\"\/><\/figure>\n\n\n\n<figure class=\"wp-block-image\"><img decoding=\"async\" src=\"https:\/\/e-cooline.de\/wp-content\/uploads\/2023\/02\/Logo-Green-cooling-Initiative-300x150px.webp\" alt=\"Logo Gr\u00f8nt k\u00f8leinitiativ-300x150px\"\/><\/figure>\n\n\n\n<figure class=\"wp-block-image\"><img decoding=\"async\" src=\"https:\/\/e-cooline.de\/wp-content\/uploads\/2024\/06\/E-COOLINE-CP-Klimaneutrale-Produkte.png\" alt=\"E-COOLINE-CP klimaneutrale produkter\"\/><\/figure>\n\n\n\n<figure class=\"wp-block-image\"><img decoding=\"async\" src=\"https:\/\/e-cooline.de\/wp-content\/uploads\/2023\/01\/ecooline-made-in-germany.jpg\" alt=\"ecooline lavet i tyskland\"\/><\/figure>\n\n\n\n<figure class=\"wp-block-image\"><img decoding=\"async\" src=\"https:\/\/e-cooline.de\/wp-content\/uploads\/2023\/01\/ecooline-patentierte-technologie.jpg\" alt=\"ecooline patenteret teknologi\"\/><\/figure>\n\n\n\n<figure class=\"wp-block-image\"><img decoding=\"async\" src=\"https:\/\/e-cooline.de\/wp-content\/uploads\/2023\/01\/Logo-ecooline-cooling-effekt-durch-hohenstein-bestaetigt.jpg\" alt=\"Logo-ecooline-cooling-effect-by-high-stone-bekr\u00e6ftet\"\/><\/figure>\n\n\n\n<figure class=\"wp-block-image\"><img decoding=\"async\" src=\"https:\/\/e-cooline.de\/wp-content\/uploads\/2023\/01\/Caring-for-Climate-300x150uex.jpg\" alt=\"Caring-for-Climate-300x150\u00fcx\"\/><\/figure>\n\n\n\n<figure class=\"wp-block-image\"><img decoding=\"async\" src=\"https:\/\/e-cooline.de\/wp-content\/uploads\/2023\/01\/ecooline-alliance-for-climate-Kopie.jpg\" alt=\"ecooline-alliance-for-climate - Kopi\"\/><\/figure>\n\n\n\n<figure class=\"wp-block-image\"><img decoding=\"async\" src=\"https:\/\/e-cooline.de\/wp-content\/uploads\/2023\/01\/Logo_Textilbuendnis-Kopie.png\" alt=\"Logo_Textilb\u00fcndnis - Kopi\"\/><\/figure>\n\n\n\n<figure class=\"wp-block-image\"><img decoding=\"async\" src=\"https:\/\/e-cooline.de\/wp-content\/uploads\/2023\/01\/Senat-der-Wirtschaft-300x150px-Kopie.jpg\" alt=\"\u00d8konomiens senat-300x150px - Copy\"\/><\/figure>\n\n\n\n<figure class=\"wp-block-image\"><img decoding=\"async\" src=\"https:\/\/e-cooline.de\/wp-content\/uploads\/2023\/01\/suedwesttextil-Kopie.png\" alt=\"s\u00fcdwesttextil - Kopi\"\/><\/figure>\n\n\n\n<figure class=\"wp-block-image\"><img decoding=\"async\" src=\"https:\/\/e-cooline.de\/wp-content\/uploads\/2023\/01\/UN-Woman-300x150px.jpg\" alt=\"Logo UN-Women\"\/><\/figure>\n\n\n\n<figure class=\"wp-block-image\"><img decoding=\"async\" src=\"https:\/\/e-cooline.de\/wp-content\/uploads\/2023\/02\/Logo-cool-coalition-300x150px.webp\" alt=\"Logo cool coalition-300x150px\"\/><\/figure>\n\n\n\n<figure class=\"wp-block-image\"><img decoding=\"async\" src=\"https:\/\/e-cooline.de\/wp-content\/uploads\/2023\/02\/Logo-Green-cooling-Initiative-300x150px.webp\" alt=\"Logo Gr\u00f8nt k\u00f8leinitiativ-300x150px\"\/><\/figure>\n\n\n\n<figure class=\"wp-block-image\"><img decoding=\"async\" src=\"https:\/\/e-cooline.de\/wp-content\/uploads\/2024\/06\/E-COOLINE-CP-Klimaneutrale-Produkte.png\" alt=\"E-COOLINE-CP klimaneutrale produkter\"\/><\/figure>\n\n\n\n<figure class=\"wp-block-image\"><img decoding=\"async\" src=\"https:\/\/e-cooline.de\/wp-content\/uploads\/2023\/01\/ecooline-made-in-germany.jpg\" alt=\"ecooline lavet i tyskland\"\/><\/figure>\n\n\n\n<figure class=\"wp-block-image\"><img decoding=\"async\" src=\"https:\/\/e-cooline.de\/wp-content\/uploads\/2023\/01\/ecooline-patentierte-technologie.jpg\" alt=\"ecooline patenteret teknologi\"\/><\/figure>\n\n\n\n<figure class=\"wp-block-image\"><img decoding=\"async\" src=\"https:\/\/e-cooline.de\/wp-content\/uploads\/2023\/01\/Logo-ecooline-cooling-effekt-durch-hohenstein-bestaetigt.jpg\" alt=\"Logo-ecooline-cooling-effect-by-high-stone-bekr\u00e6ftet\"\/><\/figure>\n\n\n\n<figure class=\"wp-block-image\"><img decoding=\"async\" src=\"https:\/\/e-cooline.de\/wp-content\/uploads\/2023\/01\/Caring-for-Climate-300x150uex.jpg\" alt=\"Caring-for-Climate-300x150\u00fcx\"\/><\/figure>\n\n\n\n<p>EFFEKTIVT K\u00d8LIGT, MEN BEHAGELIGT T\u00d8RT<\/p>\n\n\n\n<h2 class=\"wp-block-heading\">KLIMATEKNOLOGI<br>MED INTELLIGENTE FIBRE<\/h2>\n\n\n\n<p>De potentielle anvendelser af 3D-COOL-materialet er enorme og har allerede vist sig at v\u00e6re succesfulde p\u00e5 mange omr\u00e5der i de senere \u00e5r. N\u00e5r den h\u00f8jteknologiske fleece integreres i t\u00f8jet, kan den bruges som et airconditionanl\u00e6g. Enkelt, effektivt og klimaneutralt - med en feel-good-faktor.<\/p>\n\n\n\n<p>Takket v\u00e6re sin fremragende ydeevne bruges materialet af f\u00f8rende virksomheder inden for sundhedsbeskyttelse p\u00e5 arbejdspladser, der uds\u00e6ttes for varme, i klinikker og af l\u00e6ger inden for det neurologiske omr\u00e5de, f.eks. ved MS, men ogs\u00e5 inden for fritid og sport. COOLINE SX3-materialet spiller nu ogs\u00e5 en f\u00f8rende rolle inden for v\u00e6gttab.<\/p>\n\n\n\n<p>Materialet, der er forarbejdet i trendy designs, er hurtigt at bruge og t\u00f8rt p\u00e5 ydersiden. Takket v\u00e6re en naturlig antibakteriel finish med DEOXX fresh forbliver du ikke bare k\u00f8lig, men ogs\u00e5 hygiejnisk ren. Det er netop disse fordele, der adskiller COOLINE SX3 fra alle andre materialer p\u00e5 markedet. For en vidunderlig k\u00f8lig f\u00f8lelse af friskhed.<\/p>\n\n\n\n<p><a href=\"https:\/\/e-cooline.de\/shop\">K\u00d8B NU<\/a><\/p>\n\n\n\n<figure class=\"wp-block-image\"><a href=\"https:\/\/e-cooline.de\/shop\/kuehlwesten\/e-cooline-powercool-sx3-raceweste\/\"><img decoding=\"async\" src=\"https:\/\/e-cooline.de\/wp-content\/uploads\/2023\/02\/Raceweste_Site-IF-award-Logo-links-Kopie.webp\" alt=\"Race-vest med iF Award-logo p\u00e5 siden\" class=\"wp-image-2858\"\/><\/a><\/figure>\n\n\n\n<figure class=\"wp-block-image\"><img decoding=\"async\" src=\"https:\/\/e-cooline.de\/wp-content\/uploads\/2023\/03\/if_designaward2021_red_p_rgb-154x300.png\" alt=\"Logo IF Design Award 2021\" class=\"wp-image-6364\"\/><\/figure>\n\n\n\n<figure class=\"wp-block-image\"><a href=\"https:\/\/e-cooline.de\/shop\/kuehlshirts\/e-cooline-powercool-sx3-t-shirt\/\"><img decoding=\"async\" src=\"https:\/\/e-cooline.de\/wp-content\/uploads\/2023\/02\/Powercool-SX3-T-Shirt-Design-Award.webp\" alt=\"Powercool SX3 T-shirt med logo fra iF Design Award\" class=\"wp-image-2857\"\/><\/a><\/figure>\n\n\n\n<h5 class=\"wp-block-heading\">KLAR TIL BRUG P\u00c5 F\u00c5 SEKUNDER<\/h5>\n\n\n\n<p>E.COOLINE-produkter aktiveres med vand p\u00e5 f\u00e5 sekunder, t\u00f8rrer hurtigt og er straks klar til brug med en k\u00f8lekapacitet p\u00e5 660 watt pr. liter.<\/p>\n\n\n\n<h5 class=\"wp-block-heading\">10 TIMER K\u00d8L<\/h5>\n\n\n\n<p>COOLINE SX3-materialet lagrer nok vand til at holde dig t\u00f8r og afk\u00f8let hele dagen.<\/p>\n\n\n\n<h5 class=\"wp-block-heading\">VASKBAR<\/h5>\n\n\n\n<p>E.COOLINE-produkter er de eneste vaskbare funktionelle k\u00f8letekstiler med DEOXX fresh. De skal blot vaskes i h\u00e5nden eller i vaskemaskinen ved 30 \u00b0C.<\/p>\n\n\n\n<p>MULIG K\u00d8LEFORSKEL<\/p>\n\n\n\n<p>12\u00b0C<\/p>\n\n\n\n<figure class=\"wp-block-image\"><img decoding=\"async\" src=\"https:\/\/e-cooline.de\/wp-content\/uploads\/2023\/02\/COOLINE-SX3-Hybrid-Technologie-1500x1500px.webp\" alt=\"COOLINE SX3 Hybrid-teknologi\" class=\"wp-image-2967\"\/><\/figure>\n\n\n\n<h2 class=\"wp-block-heading\">INDIVIDUEL TILPASNING TIL OMGIVELSESTEMPERATUREN<\/h2>\n\n\n\n<p>Den unikke og patenterede 3D-teknologi g\u00f8r det muligt: Hvert produkt med COOLINE SX3-fleece kan tilpasses af hver enkelt bruger efter behov. I over 90% af tilf\u00e6ldene fungerer E.COOLINE efter 3D COOL-fordampningsprincippet. Hvis du har brug for mere k\u00f8ling, kan du selvf\u00f8lgelig til enhver tid booste systemet efter behov. L\u00e6s hvordan nedenfor.<\/p>\n\n\n\n<p>Det gode ved dem er, at de k\u00f8ler effektivt og b\u00e6redygtigt. Vi bruger kun naturlige k\u00f8lemidler som vand og luft. Teknologien er ogs\u00e5 hurtig, nem, praktisk og mobil og kan bruges overalt. Med det cool design af&nbsp;<strong><a href=\"https:\/\/e-cooline.de\/shop\">E.COOLINE<\/a><\/strong>&nbsp;og SlimCOOL-kollektionerne, vil du ogs\u00e5 se godt ud.<\/p>\n\n\n\n<figure class=\"wp-block-image\"><img decoding=\"async\" src=\"https:\/\/e-cooline.de\/wp-content\/uploads\/2023\/02\/Logo-HNU-Award-150x150px-sw.webp\" alt=\"Logo Employer Branding Award 2021\"\/><\/figure>\n\n\n\n<figure class=\"wp-block-image\"><img decoding=\"async\" src=\"https:\/\/e-cooline.de\/wp-content\/uploads\/2023\/02\/Logo-IFaward-150x150px-sw.webp\" alt=\"Logo iF Design Award 2021\"\/><\/figure>\n\n\n\n<figure class=\"wp-block-image\"><img decoding=\"async\" src=\"https:\/\/e-cooline.de\/wp-content\/uploads\/2023\/02\/Logo-Land-der-Ideen-150x150px.webp\" alt=\"Logo Land of Ideas-150x150px\"\/><\/figure>\n\n\n\n<figure class=\"wp-block-image\"><img decoding=\"async\" src=\"https:\/\/e-cooline.de\/wp-content\/uploads\/2023\/02\/Logo-PlusX-150x150px-sw.webp\" alt=\"Logo PlusX-150x150px-sw\"\/><\/figure>\n\n\n\n<figure class=\"wp-block-image\"><img decoding=\"async\" src=\"https:\/\/e-cooline.de\/wp-content\/uploads\/2023\/02\/LogoMarketing-for-Future-150x150px-sw.webp\" alt=\"LogoMarketing for Future-150x150px-sw\"\/><\/figure>\n\n\n\n<figure class=\"wp-block-image\"><img decoding=\"async\" src=\"https:\/\/e-cooline.de\/wp-content\/uploads\/2023\/02\/Logo-Excellent-Award-150x150px-sw.webp\" alt=\"Pris for fremragende logo\"\/><\/figure>\n\n\n\n<figure class=\"wp-block-image\"><img decoding=\"async\" src=\"https:\/\/e-cooline.de\/wp-content\/uploads\/2023\/02\/Logo-HNU-Award-150x150px-sw.webp\" alt=\"Logo Employer Branding Award 2021\"\/><\/figure>\n\n\n\n<figure class=\"wp-block-image\"><img decoding=\"async\" src=\"https:\/\/e-cooline.de\/wp-content\/uploads\/2023\/02\/Logo-IFaward-150x150px-sw.webp\" alt=\"Logo iF Design Award 2021\"\/><\/figure>\n\n\n\n<figure class=\"wp-block-image\"><img decoding=\"async\" src=\"https:\/\/e-cooline.de\/wp-content\/uploads\/2023\/02\/Logo-Land-der-Ideen-150x150px.webp\" alt=\"Logo Land of Ideas-150x150px\"\/><\/figure>\n\n\n\n<figure class=\"wp-block-image\"><img decoding=\"async\" src=\"https:\/\/e-cooline.de\/wp-content\/uploads\/2023\/02\/Logo-PlusX-150x150px-sw.webp\" alt=\"Logo PlusX-150x150px-sw\"\/><\/figure>\n\n\n\n<figure class=\"wp-block-image\"><img decoding=\"async\" src=\"https:\/\/e-cooline.de\/wp-content\/uploads\/2023\/02\/LogoMarketing-for-Future-150x150px-sw.webp\" alt=\"LogoMarketing for Future-150x150px-sw\"\/><\/figure>\n\n\n\n<figure class=\"wp-block-image\"><img decoding=\"async\" src=\"https:\/\/e-cooline.de\/wp-content\/uploads\/2023\/02\/Logo-Excellent-Award-150x150px-sw.webp\" alt=\"Pris for fremragende logo\"\/><\/figure>\n\n\n\n<figure class=\"wp-block-image\"><img decoding=\"async\" src=\"https:\/\/e-cooline.de\/wp-content\/uploads\/2023\/02\/Logo-HNU-Award-150x150px-sw.webp\" alt=\"Logo Employer Branding Award 2021\"\/><\/figure>\n\n\n\n<figure class=\"wp-block-image\"><img decoding=\"async\" src=\"https:\/\/e-cooline.de\/wp-content\/uploads\/2023\/02\/Logo-IFaward-150x150px-sw.webp\" alt=\"Logo iF Design Award 2021\"\/><\/figure>\n\n\n\n<figure class=\"wp-block-image\"><img decoding=\"async\" src=\"https:\/\/e-cooline.de\/wp-content\/uploads\/2023\/02\/Logo-Land-der-Ideen-150x150px.webp\" alt=\"Logo Land of Ideas-150x150px\"\/><\/figure>\n\n\n\n<figure class=\"wp-block-image\"><img decoding=\"async\" src=\"https:\/\/e-cooline.de\/wp-content\/uploads\/2023\/02\/Logo-PlusX-150x150px-sw.webp\" alt=\"Logo PlusX-150x150px-sw\"\/><\/figure>\n\n\n\n<h5 class=\"wp-block-heading\">HYBRIDTEKNOLOGIEN FRA PERVORMANCE<\/h5>\n\n\n\n<h2 class=\"wp-block-heading\">\u00c9N K\u00d8LETEKNOLOGI TIL ALLE VARMESITUATIONER<\/h2>\n\n\n\n<h5 class=\"wp-block-heading\">3D COOL TEKNOLOGI<\/h5>\n\n\n\n<p>P\u00e5 grund af kroppens normale varmeudvikling fordamper de vandmolekyler, der er bundet til fibrene i 3D-COOL-materialet COOLINE SX3, s\u00e5 effektivt, at der opn\u00e5s en behagelig temperatur p\u00e5 16-20 \u00b0C med en k\u00f8lekapacitet p\u00e5 op til 660 watt\/l.<\/p>\n\n\n\n<p>P\u00e5 grund af det fysiske princip om fordampningsk\u00f8ling k\u00f8ler COOLINE mere ved h\u00f8jere temperaturer og mindre ved lavere temperaturer. Det giver altid et optimalt k\u00f8leresultat - helt automatisk. Og det bedste ved det: Du har ikke brug for en ekstern energikilde, du kan bev\u00e6ge dig frit omkring - du bestemmer selv, hvor og hvorn\u00e5r du vil k\u00f8le dig ned. Uanset om det er indend\u00f8rs eller udend\u00f8rs. Det giver dig et selvforsynende klimaanl\u00e6g, som du hurtigt og nemt kan bruge overalt.<\/p>\n\n\n\n<h5 class=\"wp-block-heading\">3D COOL BOOSTER<\/h5>\n\n\n\n<p>Men COOLINE kan g\u00f8re endnu mere. Mens du skal vente i timevis under ekstreme forhold med is eller PCM-materiale, kan COOLINEs 3D-overflade lagre kuldekapacitet fra 0 - 10 \u00b0C p\u00e5 en rekordtid p\u00e5 5-20 minutter (afh\u00e6ngigt af produktet) og frigive den effektivt som supplement til fordampningsk\u00f8ling. Ved at bruge enkle, mobile k\u00f8letasker og isposer eller knust is er E.COOLINE effektiv selv ved ekstreme temperaturer og over 90% luftfugtighed eller luftt\u00e6t beskyttelsest\u00f8j. Produktet er altid klar til brug inden for f\u00e5 minutter. SlimCOOL-produkter drager ogs\u00e5 fordel af dette.<\/p>\n\n\n\n<p>I 90%-kabinetter har du slet ikke brug for Cool Booster. 3D-teknologien med fordampningsk\u00f8ling alene er normalt helt tilstr\u00e6kkelig. Det fantastiske ved det er, at du har \u00e9t produkt til alle kabinetter.<\/p>\n\n\n\n<p><strong>I alle 90%-anvendelser k\u00f8ler 3D-COOL-teknologien med ren fordampningsk\u00f8ling effektivt kroppen ned til 12 \u00b0C med op til 660 Wh. Du har ikke brug for et k\u00f8leskab eller en fryser. Spar 97% CO2 med den!<\/strong><\/p>\n\n\n\n<p><strong>COOLINE SX3 fungerer ogs\u00e5 perfekt under ekstreme forhold (over 90% luftfugtighed). I disse tilf\u00e6lde (kun ca. 10%) er alt, hvad du beh\u00f8ver, en simpel k\u00f8letaske med ispakker eller ispakker til fork\u00f8ling.<\/strong><\/p>","protected":false},"excerpt":{"rendered":"<p>KLIMATECHNIK 5.0 COOLINE SX3 3D-HIGHTECHK\u00dcHLUNG PATENTIERTEINZIGARTIGAUSGEZEICHNET DIE KLIMAANLAGE ZUM ANZIEHEN Hohe Qualit\u00e4t, brillante 3D-Technologie, nat\u00fcrliche K\u00e4ltemittel, wie Wasser und Luft und eine hochwertige Verarbeitung in schickem Design: COOLINE SX3 bietet alles, was nachhaltige Klimatisierung der Spitzenklasse ben\u00f6tigt. Das COOLINE SX3 Hightech- Vlies hat die Eigenschaft, gro\u00dfe Mengen Wasser sekundenschnell im Innern zu binden und direkt [&hellip;]<\/p>\n","protected":false},"author":1,"featured_media":0,"parent":0,"menu_order":0,"comment_status":"closed","ping_status":"closed","template":"","meta":{"om_disable_all_campaigns":false,"_monsterinsights_skip_tracking":false,"_monsterinsights_sitenote_active":false,"_monsterinsights_sitenote_note":"","_monsterinsights_sitenote_category":0,"footnotes":""},"class_list":["post-284","page","type-page","status-publish","hentry"],"aioseo_notices":[],"_links":{"self":[{"href":"https:\/\/epar-service.com\/da\/wp-json\/wp\/v2\/pages\/284","targetHints":{"allow":["GET"]}}],"collection":[{"href":"https:\/\/epar-service.com\/da\/wp-json\/wp\/v2\/pages"}],"about":[{"href":"https:\/\/epar-service.com\/da\/wp-json\/wp\/v2\/types\/page"}],"author":[{"embeddable":true,"href":"https:\/\/epar-service.com\/da\/wp-json\/wp\/v2\/users\/1"}],"replies":[{"embeddable":true,"href":"https:\/\/epar-service.com\/da\/wp-json\/wp\/v2\/comments?post=284"}],"version-history":[{"count":1,"href":"https:\/\/epar-service.com\/da\/wp-json\/wp\/v2\/pages\/284\/revisions"}],"predecessor-version":[{"id":285,"href":"https:\/\/epar-service.com\/da\/wp-json\/wp\/v2\/pages\/284\/revisions\/285"}],"wp:attachment":[{"href":"https:\/\/epar-service.com\/da\/wp-json\/wp\/v2\/media?parent=284"}],"curies":[{"name":"wp","href":"https:\/\/api.w.org\/{rel}","templated":true}]}}