{"id":280,"date":"2025-01-25T19:49:26","date_gmt":"2025-01-25T19:49:26","guid":{"rendered":"https:\/\/epar-service.com\/?page_id=280"},"modified":"2025-01-25T20:08:21","modified_gmt":"2025-01-25T20:08:21","slug":"e-cooline-powercool-sx3-race-vest-kolende-vest-din-kolende-vest-mod-varmestress","status":"publish","type":"page","link":"https:\/\/epar-service.com\/da\/e-cooline-powercool-sx3-race-vest-kolende-vest-din-kolende-vest-mod-varmestress\/","title":{"rendered":"E.COOLINE Powercool SX3 RaceVest - k\u00f8levest - din k\u00f8levest mod varmestress"},"content":{"rendered":"<h5 class=\"wp-block-heading\">Powercool SX3 RaceVest - den perfekte k\u00f8levest til sport<\/h5>\n\n\n\n<p>Med E.COOLINE&nbsp;<strong>Powercool SX3 RaceVest<\/strong>&nbsp;Med COOLINE SX3 3D-k\u00f8leteknologien forbliver du dejligt k\u00f8lig, selv i varmen. Uanset om du&nbsp;<strong>p\u00e5 arbejde, mens du jogger, k\u00f8rer p\u00e5 motorcykel eller cykler<\/strong>&nbsp;eller simpelthen&nbsp;<strong>ved grillfesten<\/strong>&nbsp;- Med op til 660 watt sikrer den k\u00f8lende vest en behagelig t\u00f8r afk\u00f8ling og dermed et perfekt feelgood-klima.&nbsp;<strong>Indend\u00f8rs og udend\u00f8rs<\/strong>! Det afhj\u00e6lper varmestress og helbredsproblemer for\u00e5rsaget af h\u00f8je temperaturer og giver dig en ekstra portion energi. Videnskabelige unders\u00f8gelser har bekr\u00e6ftet effektiviteten af E.COOLINE.<\/p>\n\n\n\n<p>Det lette, smidige materiale med indbygget, elastisk mesh giver den sporty race-vest en behagelig pasform og giver enest\u00e5ende b\u00e6rekomfort! Takket v\u00e6re det t\u00e6tsiddende snit og den flade lynl\u00e5s kan den k\u00f8lende vest b\u00e6res b\u00e5de over og under andet t\u00f8j, f.eks. motorcykeludstyr, brandmandens beskyttelsesdragt eller blot under et jakkes\u00e6t p\u00e5 kontoret.<\/p>\n\n\n\n<p>RaceVest har et sporty kort snit. Bem\u00e6rk venligst oplysningerne om produktets rygl\u00e6ngde.<\/p>\n\n\n\n<p><strong>Materiale:&nbsp;<\/strong>Ydermateriale: 100% polyester; Netmateriale: 83% polyester \/17% elastan; Fyld: 100% COOLINE polyester<\/p>\n\n\n\n<p>Hold dig afk\u00f8let med E.COOLINE race-vesten&nbsp;<strong>klimaneutral<\/strong>&nbsp;med en&nbsp;<strong>Teknologi \"Made in Germany\"<\/strong>&nbsp;<br>&nbsp;<\/p>\n\n\n\n<hr class=\"wp-block-separator has-alpha-channel-opacity\"\/>\n\n\n\n<h5 class=\"wp-block-heading\">360\u00b0 visning - E.COOLINE Powercool SX3 RaceVest \/ k\u00f8levest<\/h5>\n\n\n\n<figure class=\"wp-block-image\"><img decoding=\"async\" src=\"https:\/\/cdn02.plentymarkets.com\/07jvlffix7ng\/frontend\/Gifs\/E_COOLINE_Westen\/Powercool_SX3_Raceweste_-_animiert_WEB.gif\" alt=\"360\u00b0 visning - E.COOLINE Powercool SX3 RaceVest \/ k\u00f8levest\"\/><\/figure>\n\n\n\n<h5 class=\"wp-block-heading\">ST\u00d8RRELSESBORD<\/h5>\n\n\n\n<figure class=\"wp-block-table\"><table class=\"has-fixed-layout\"><tbody><tr><td>&nbsp;St\u00f8rrelse<\/td><td>&nbsp;Bredde\/brystomkreds<\/td><td>&nbsp;L\u00e6ngde&nbsp;&nbsp;<\/td><\/tr><tr><td>XXS&nbsp;&nbsp;<\/td><td>77 - 84 cm<\/td><td>44 cm<\/td><\/tr><tr><td>XS<\/td><td>&nbsp;84 - 88 cm<\/td><td>46 cm<\/td><\/tr><tr><td>S<\/td><td>88 - 92 cm<\/td><td>48 cm<\/td><\/tr><tr><td>M<\/td><td>92 - 96 cm<\/td><td>50 cm<\/td><\/tr><tr><td>&nbsp;L<\/td><td>&nbsp;96 - 100 cm<\/td><td>52 cm<\/td><\/tr><tr><td>&nbsp;XL<\/td><td>&nbsp;100 - 106 cm<\/td><td>56 cm<\/td><\/tr><tr><td>&nbsp;XXL<\/td><td>&nbsp;106 - 114 cm<\/td><td>59 cm<\/td><\/tr><tr><td>&nbsp;3XL<\/td><td>&nbsp;114 - 120 cm<\/td><td>62 cm<\/td><\/tr><tr><td>4XL<\/td><td>&nbsp;120 - 126 cm<\/td><td>64 cm<\/td><\/tr><\/tbody><\/table><\/figure>\n\n\n\n<h5 class=\"wp-block-heading\">AKTIVERING<\/h5>\n\n\n\n<p>Det er hurtigt og nemt at aktivere E.COOLINE-produkter. P\u00e5f\u00f8r vand - rul sammen - t\u00f8r af.<\/p>\n\n\n\n<figure class=\"wp-block-embed is-type-video is-provider-youtube wp-block-embed-youtube wp-embed-aspect-16-9 wp-has-aspect-ratio\"><div class=\"wp-block-embed__wrapper\">\n<iframe loading=\"lazy\" title=\"S\u00e5dan aktiverer du din E.COOLINE Powercool SX3 skjortevest\" width=\"500\" height=\"281\" src=\"https:\/\/www.youtube.com\/embed\/yaru7NmcFLo?feature=oembed\" frameborder=\"0\" allow=\"accelerometer; autoplay; clipboard-write; encrypted-media; gyroscope; picture-in-picture; web-share\" referrerpolicy=\"strict-origin-when-cross-origin\" allowfullscreen><\/iframe>\n<\/div><\/figure>\n\n\n\n<h5 class=\"wp-block-heading\">PLEJEANVISNINGER<\/h5>\n\n\n\n<p><strong>E.COOLINE k\u00f8let\u00f8j<\/strong>&nbsp;er - i mods\u00e6tning til de fleste andre funktionelle k\u00f8letekstiler&nbsp;<strong>vaskbar<\/strong>.<\/p>\n\n\n\n<figure class=\"wp-block-image is-resized\"><img decoding=\"async\" src=\"https:\/\/cdn02.plentymarkets.com\/07jvlffix7ng\/frontend\/E_COOLINE_E_COMMERCE\/Bilder_fuer_Produktbeschreibungen_allg\/Gluehbirne_pix_Artikeldetail1.png\" alt=\"Interessante fakta om aktivering og teknologi\" style=\"width:41px;height:auto\"\/><\/figure>\n\n\n\n<p><strong><a href=\"https:\/\/epar-service.com\/da\/interessante-fakta-om-aktivering-og-teknologi\/\" title=\"Interessante fakta om aktivering og teknologi\">Interessante fakta om aktivering og teknologi<\/a><\/strong><\/p>\n\n\n\n<p><\/p>","protected":false},"excerpt":{"rendered":"<p>Powercool SX3 RaceWeste \u2013 die perfekte K\u00fchlweste beim Sport Mit der E.COOLINE&nbsp;Powercool SX3 RaceWeste&nbsp;mit der 3D -K\u00fchltechnologie COOLINE SX3 bleiben Sie auch bei Hitze herrlich cool. Ob bei&nbsp;der Arbeit, beim Joggen, Motorrad- oder Radfahren&nbsp;oder einfach&nbsp;beim Grillen&nbsp;\u2013 die K\u00fchlweste sorgt mit bis zu 660 Watt f\u00fcr eine angenehm trockene K\u00fchlung und damit f\u00fcr ein perfektes Wohlf\u00fchlklima.&nbsp;Indoor [&hellip;]<\/p>\n","protected":false},"author":1,"featured_media":0,"parent":0,"menu_order":0,"comment_status":"closed","ping_status":"closed","template":"","meta":{"om_disable_all_campaigns":false,"_monsterinsights_skip_tracking":false,"_monsterinsights_sitenote_active":false,"_monsterinsights_sitenote_note":"","_monsterinsights_sitenote_category":0,"footnotes":""},"class_list":["post-280","page","type-page","status-publish","hentry"],"aioseo_notices":[],"_links":{"self":[{"href":"https:\/\/epar-service.com\/da\/wp-json\/wp\/v2\/pages\/280","targetHints":{"allow":["GET"]}}],"collection":[{"href":"https:\/\/epar-service.com\/da\/wp-json\/wp\/v2\/pages"}],"about":[{"href":"https:\/\/epar-service.com\/da\/wp-json\/wp\/v2\/types\/page"}],"author":[{"embeddable":true,"href":"https:\/\/epar-service.com\/da\/wp-json\/wp\/v2\/users\/1"}],"replies":[{"embeddable":true,"href":"https:\/\/epar-service.com\/da\/wp-json\/wp\/v2\/comments?post=280"}],"version-history":[{"count":4,"href":"https:\/\/epar-service.com\/da\/wp-json\/wp\/v2\/pages\/280\/revisions"}],"predecessor-version":[{"id":289,"href":"https:\/\/epar-service.com\/da\/wp-json\/wp\/v2\/pages\/280\/revisions\/289"}],"wp:attachment":[{"href":"https:\/\/epar-service.com\/da\/wp-json\/wp\/v2\/media?parent=280"}],"curies":[{"name":"wp","href":"https:\/\/api.w.org\/{rel}","templated":true}]}}