{"id":213,"date":"2025-01-01T17:59:03","date_gmt":"2025-01-01T17:59:03","guid":{"rendered":"https:\/\/epar-service.com\/?page_id=213"},"modified":"2025-07-21T21:02:00","modified_gmt":"2025-07-21T21:02:00","slug":"kammerat-xb","status":"publish","type":"page","link":"https:\/\/epar-service.com\/da\/kammerat-xb\/","title":{"rendered":"MATE - XB"},"content":{"rendered":"<div class=\"wp-block-group alignfull has-white-color has-pale-cyan-blue-background-color has-text-color has-background has-global-padding is-layout-constrained wp-container-core-group-is-layout-6493990a wp-block-group-is-layout-constrained\" style=\"padding-top:0vw;padding-right:0vw;padding-bottom:0vw;padding-left:0vw\">\n<h1 class=\"wp-block-heading has-text-align-center\">Eksoskelettet med muskelunderst\u00f8ttende teknologi<\/h1>\n\n\n\n<p class=\"has-text-align-center\">MATE-XB er et ikke-drevet exoskelet, der er designet til at reducere tr\u00e6thed i l\u00e6nderegionen for arbejdere, der flytter v\u00e6gte. Det st\u00f8tter brugeren, n\u00e5r der arbejdes i forskellige statiske positioner, eller n\u00e5r der l\u00f8ftes byrder gentagne gange.<\/p>\n\n\n\n<h2 class=\"wp-block-heading\" id=\"gf849df257f1a\">Batterifrit, b\u00e6rbart robot-eksoskelet<\/h2>\n\n\n\n<p>Find ud af, hvordan det ikke-drevne b\u00e6rbare exoskelet fra Comau...&nbsp;<strong>MATE-XB<\/strong>&nbsp;- lagrer menneskelig energi i en kilde og hj\u00e6lper dermed arbejderne,<br>at l\u00f8fte tunge genstande og store byrder med mindre fysisk anstrengelse og<br>tr\u00e6thed.<\/p>\n\n\n\n<div class=\"wp-block-buttons is-content-justification-center is-layout-flex wp-container-core-buttons-is-layout-a89b3969 wp-block-buttons-is-layout-flex\">\n<div class=\"wp-block-button is-style-outline is-style-outline--1\"><a class=\"wp-block-button__link has-white-color has-text-color wp-element-button\" href=\"https:\/\/epar-service.com\/da\/rueckerstattung_rueckgaben\/\">Kontakt os<\/a><\/div>\n<\/div>\n<\/div>\n\n\n\n<div class=\"wp-block-group alignfull has-white-background-color has-background has-global-padding is-layout-constrained wp-container-core-group-is-layout-a4e63d72 wp-block-group-is-layout-constrained\" style=\"margin-top:0px;padding-top:4vw;padding-right:4vw;padding-bottom:4vw;padding-left:4vw\">\n<div class=\"wp-block-columns alignwide is-layout-flex wp-container-core-columns-is-layout-828b44bc wp-block-columns-is-layout-flex\">\n<div class=\"wp-block-column is-layout-flow wp-block-column-is-layout-flow\">\n<figure class=\"wp-block-image size-large is-style-default\"><img decoding=\"async\" src=\"https:\/\/www.comau.com\/wp-content\/webp-express\/webp-images\/uploads\/2023\/06\/uomo-a-sx.png.webp\" alt=\"MATE - XB\"\/><\/figure>\n\n\n\n<p>Mekanisk-kinematisk k\u00e6de<br>Struktur, der g\u00f8r det lettere for brugeren at bev\u00e6ge sig frit.<br>Enheden giver brugeren mulighed for at bev\u00e6ge st\u00f8vlen frit<br>Den passive kinematiske k\u00e6de er designet til at v\u00e6re kompakt omkring menneskekroppen<br>Den passive kinematiske k\u00e6de er designet til at tage h\u00f8jde for den kinematiske kompatibilitet mellem menneske og exoskelet.<\/p>\n<\/div>\n\n\n\n<div class=\"wp-block-column is-layout-flow wp-block-column-is-layout-flow\">\n<figure class=\"wp-block-image size-large is-style-default\"><img decoding=\"async\" src=\"https:\/\/www.comau.com\/wp-content\/webp-express\/webp-images\/uploads\/2023\/06\/Comau_MATE-XT_Exoskeleton_Lumbar_Support-1.png.webp\" alt=\"MATE - XB\"\/><\/figure>\n\n\n\n<p><strong>Interface til t\u00f8j<\/strong><br>Alle dele er i direkte kontakt med brugerens krop.<br>\u00c5ndbare og biokompatible materialer<br>Bred kontaktflade for at fordele reaktionskr\u00e6fterne uden at skabe h\u00f8je kraftpunkter.<\/p>\n<\/div>\n\n\n\n<div class=\"wp-block-column is-layout-flow wp-block-column-is-layout-flow\">\n<figure class=\"wp-block-image size-large is-style-default\"><img decoding=\"async\" src=\"https:\/\/www.comau.com\/wp-content\/webp-express\/webp-images\/uploads\/2023\/06\/Comau_MATE-XT_Exoskeleton_Back_Body-2.png.webp\" alt=\"MATE - XB\"\/><\/figure>\n\n\n\n<p><strong>Boks til generering af drejningsmoment (TGB)<\/strong><br>Kernemekanisme, der lagrer og omdanner potentiel mekanisk energi til at generere et justerbart st\u00f8ttemoment.<br>St\u00f8tten er proportional med det drejningsmoment, der genereres af overkroppen, sk\u00e5nsom st\u00f8tte op til 25 kg<br>Mulighed for at justere h\u00f8jden p\u00e5 st\u00f8tten i 5 niveauer<br>Ingen forhindring, n\u00e5r man g\u00e5r.<\/p>\n<\/div>\n<\/div>\n<\/div>\n\n\n\n<div class=\"wp-block-group alignfull has-white-color has-pale-cyan-blue-background-color has-text-color has-background has-global-padding is-layout-constrained wp-container-core-group-is-layout-5789501e wp-block-group-is-layout-constrained\" style=\"margin-top:0px;padding-top:4vw;padding-right:4vw;padding-bottom:4vw;padding-left:4vw\">\n<div class=\"wp-block-columns is-layout-flex wp-container-core-columns-is-layout-403af8ad wp-block-columns-is-layout-flex\">\n<div class=\"wp-block-column is-layout-flow wp-block-column-is-layout-flow\">\n<p class=\"has-text-align-center\" style=\"font-size:clamp(35.2px, 2.2rem + ((1vw - 3.2px) * 2.824), 64px);line-height:1\"><strong>2,4 kg<\/strong><\/p>\n\n\n\n<p class=\"has-text-align-center has-medium-font-size\">V\u00e6gt<\/p>\n<\/div>\n\n\n\n<div class=\"wp-block-column is-layout-flow wp-block-column-is-layout-flow\">\n<p class=\"has-text-align-center\" style=\"font-size:clamp(35.2px, 2.2rem + ((1vw - 3.2px) * 2.824), 64px);line-height:1\"><strong>62%<\/strong><\/p>\n\n\n\n<p class=\"has-text-align-center has-medium-font-size\">Aflastning af ryggen<\/p>\n<\/div>\n\n\n\n<div class=\"wp-block-column is-layout-flow wp-block-column-is-layout-flow\">\n<p class=\"has-text-align-center\" style=\"font-size:clamp(35.2px, 2.2rem + ((1vw - 3.2px) * 2.824), 64px);line-height:1\"><strong>84%<\/strong><\/p>\n\n\n\n<p class=\"has-text-align-center has-medium-font-size\">Reduceret muskeltr\u00e6thed<\/p>\n<\/div>\n\n\n\n<div class=\"wp-block-column is-layout-flow wp-block-column-is-layout-flow\">\n<p class=\"has-text-align-center\" style=\"font-size:clamp(35.2px, 2.2rem + ((1vw - 3.2px) * 2.824), 64px);line-height:1\"><strong>25%<\/strong><\/p>\n\n\n\n<p class=\"has-text-align-center has-medium-font-size\">Mere styrke, n\u00e5r du l\u00f8fter<\/p>\n<\/div>\n<\/div>\n<\/div>\n\n\n\n<h3 class=\"wp-block-heading\">HVAD ER MATE-XB?<\/h3>\n\n\n\n<p>MATE-XB er et ikke-elektrisk exoskelet til aflastning af musklerne i l\u00e6ndehvirvels\u00f8jlen for arbejdere, der skal flytte v\u00e6gte. Det st\u00f8tter brugeren, n\u00e5r der arbejdes i forskellige stillinger, f.eks. n\u00e5r man b\u00f8jer med benene (sidder p\u00e5 hug), b\u00f8jer sig forover eller l\u00f8fter byrder gentagne gange. Hj\u00e6lpemidlet blev udviklet for at reducere belastningen p\u00e5 ryggen under disse aktiviteter og forbedre brugerens arbejdskvalitet.<\/p>\n\n\n\n<h3 class=\"wp-block-heading\">MATE-XB GIVER DIG PR\u00c6CIS DEN RETTE M\u00c6NGDE ST\u00d8TTE<\/h3>\n\n\n\n<figure class=\"wp-block-image\"><img decoding=\"async\" src=\"https:\/\/www.comau.com\/wp-content\/uploads\/2023\/06\/Comau_MATE-XT_Exoskeleton_Lumbar_Support-2.png\" alt=\"MATE - XB\" class=\"wp-image-54474\"\/><\/figure>\n\n\n\n<p>St\u00f8tten fra MATE-XB-eksoskelettet efterligner effekten af b\u00f8jning af overkroppen p\u00e5 den nedre del af ryggen.<\/p>\n\n\n\n<p>MATE-XB BEV\u00c6GER SIG I HARMONI MED DIN KROP<\/p>\n\n\n\n<figure class=\"wp-block-image\"><img decoding=\"async\" src=\"https:\/\/www.comau.com\/wp-content\/uploads\/2023\/06\/Comau_MATE-XT_Exoskeleton_Back_Body-2.png\" alt=\"MATE - XB\" class=\"wp-image-54480\"\/><\/figure>\n\n\n\n<p>Takket v\u00e6re en k\u00e6de af passive frihedsgrader giver exoskelettet brugeren fuld bev\u00e6gelsesfrihed.<\/p>\n\n\n\n<h2 class=\"wp-block-heading\">MATE-XB tilpasser sig din krop og giver dig frihed til at bev\u00e6ge dig<\/h2>\n\n\n\n<figure class=\"wp-block-image\"><img decoding=\"async\" src=\"https:\/\/www.comau.com\/wp-content\/uploads\/2023\/06\/Comau_MATE-XT_Exoskeleton_Lumbar_Support-1.png\" alt=\"MATE - XB\" class=\"wp-image-54468\"\/><\/figure>\n\n\n\n<p><strong _msttexthash=\"1478854\" _msthash=\"5\">MATE-XB virker, n\u00e5r, hvor og hvordan du g\u00f8r det<\/strong><\/p>\n\n\n\n<p>St\u00f8tten fra MATE-XB-eksoskelettet efterligner effekten af b\u00f8jning af overkroppen p\u00e5 den nedre del af ryggen.<\/p>\n\n\n\n<h3 class=\"wp-block-heading\">MATE-XB BEV\u00c6GER SIG I HARMONI MED DIN KROP<\/h3>\n\n\n\n<p>Takket v\u00e6re en k\u00e6de af passive frihedsgrader giver exoskelettet brugeren fuld bev\u00e6gelsesfrihed.<\/p>\n\n\n\n<p><strong>M\u00c5DEN DU G\u00d8R DET P\u00c5 MATE-XB PASSER TIL DIN KROP<\/strong><\/p>\n\n\n\n<h3 class=\"wp-block-heading\">FRIHEDEN TIL AT BEV\u00c6GE SIG<\/h3>\n\n\n\n<h2 class=\"wp-block-heading\">EKSTREMT ERGONOMISK, OVERALT<\/h2>\n\n\n\n<div class=\"wp-block-buttons is-content-justification-center is-layout-flex wp-container-core-buttons-is-layout-a89b3969 wp-block-buttons-is-layout-flex\">\n<div class=\"wp-block-button\"><a class=\"wp-block-button__link has-text-align-center wp-element-button\" href=\"https:\/\/epar-service.com\/da\/rueckerstattung_rueckgaben\/\">Kontakt DEMO<\/a><\/div>\n<\/div>\n\n\n\n<div class=\"wp-block-group alignfull has-white-color has-pale-cyan-blue-background-color has-text-color has-background has-global-padding is-layout-constrained wp-container-core-group-is-layout-2b508e44 wp-block-group-is-layout-constrained\" style=\"margin-top:0px;padding-top:4vw;padding-right:4vw;padding-bottom:4vw;padding-left:4vw\">\n<h3 class=\"wp-block-heading has-text-align-center\">Til sidst st\u00e5r der MATE<\/h3>\n\n\n\n<p>MATE st\u00e5r for Muscular Aiding Tech Exoskeleton.<\/p>\n\n\n\n<p>Det er en passiv, fjederbelastet exoskeletdragt (dvs. uden motoriserede led eller batterier), som giver medarbejderne st\u00f8tte mod tyngdekraften til at b\u00f8je og str\u00e6kke skuldrene. MATE er s\u00e6rligt velegnet til arbejde over hovedh\u00f8jde.<\/p>\n\n\n\n<div class=\"wp-block-buttons is-content-justification-center is-layout-flex wp-container-core-buttons-is-layout-766bf85b wp-block-buttons-is-layout-flex\">\n<div class=\"wp-block-button is-style-outline is-style-outline--2\"><a class=\"wp-block-button__link has-white-color has-text-color wp-element-button\" href=\"https:\/\/epar-service.com\/da\/rueckerstattung_rueckgaben\/\">Kontakt os<\/a><\/div>\n<\/div>\n<\/div>","protected":false},"excerpt":{"rendered":"<p>Muskelunterst\u00fctzende Technologie Exoskelett MATE-XB ist ein nicht angetriebenes Exoskelett zur Verringerung der Erm\u00fcdung im Lendenwirbelbereich f\u00fcr Arbeiter, die Gewichte bewegen. Es unterst\u00fctzt den Benutzer bei der Arbeit in verschiedenen statischen Positionen oder beim wiederholten Heben von Lasten. Batterieloses, tragbares Roboter-Exoskelett Erfahren Sie, wie das nicht angetriebene tragbare Exoskelett von Comau \u2013&nbsp;MATE-XB&nbsp;\u2013 menschliche Energie in einer [&hellip;]<\/p>\n","protected":false},"author":1,"featured_media":0,"parent":0,"menu_order":0,"comment_status":"closed","ping_status":"closed","template":"","meta":{"om_disable_all_campaigns":false,"_monsterinsights_skip_tracking":false,"_monsterinsights_sitenote_active":false,"_monsterinsights_sitenote_note":"","_monsterinsights_sitenote_category":0,"footnotes":""},"class_list":["post-213","page","type-page","status-publish","hentry"],"aioseo_notices":[],"_links":{"self":[{"href":"https:\/\/epar-service.com\/da\/wp-json\/wp\/v2\/pages\/213","targetHints":{"allow":["GET"]}}],"collection":[{"href":"https:\/\/epar-service.com\/da\/wp-json\/wp\/v2\/pages"}],"about":[{"href":"https:\/\/epar-service.com\/da\/wp-json\/wp\/v2\/types\/page"}],"author":[{"embeddable":true,"href":"https:\/\/epar-service.com\/da\/wp-json\/wp\/v2\/users\/1"}],"replies":[{"embeddable":true,"href":"https:\/\/epar-service.com\/da\/wp-json\/wp\/v2\/comments?post=213"}],"version-history":[{"count":14,"href":"https:\/\/epar-service.com\/da\/wp-json\/wp\/v2\/pages\/213\/revisions"}],"predecessor-version":[{"id":352,"href":"https:\/\/epar-service.com\/da\/wp-json\/wp\/v2\/pages\/213\/revisions\/352"}],"wp:attachment":[{"href":"https:\/\/epar-service.com\/da\/wp-json\/wp\/v2\/media?parent=213"}],"curies":[{"name":"wp","href":"https:\/\/api.w.org\/{rel}","templated":true}]}}