{"id":2,"date":"2024-12-22T19:48:28","date_gmt":"2024-12-22T19:48:28","guid":{"rendered":"https:\/\/epar-service.com\/?page_id=2"},"modified":"2024-12-24T15:46:01","modified_gmt":"2024-12-24T15:46:01","slug":"eksempel-pa-side","status":"publish","type":"page","link":"https:\/\/epar-service.com\/da\/eksempel-pa-side\/","title":{"rendered":"Generelle vilk\u00e5r og betingelser AGB"},"content":{"rendered":"<p>EPAR-service GmbH GENERELLE VILK\u00c5R OG BETINGELSER FOR SALG, LEVERING OG BETALING<\/p>\n\n\n\n<ul class=\"wp-block-list\">\n<li>F\u00f8lgende salgs-, leverings- og betalingsbetingelser g\u00e6lder for alle kontrakter, leveringer og andre ydelser, herunder konsulentydelser og information.<\/li>\n\n\n\n<li>De g\u00e6lder ogs\u00e5 for alle fremtidige kontrakter med kunden samt for fremtidige leverancer og andre tjenester, der skal leveres til kunden.<\/li>\n\n\n\n<li>Alle modstridende vilk\u00e5r og betingelser afvises hermed.<\/li>\n\n\n\n<li>Vi leverer kun til iv\u00e6rks\u00e6ttere (\u00a7 14 BGB), juridiske personer under offentlig ret og s\u00e6rlige fonde under offentlig ret. Vi leverer ikke til private slutbrugere.<\/li>\n\n\n\n<li>Vores produkter er udelukkende beregnet til professionel brug og opfylder ikke de krav, der g\u00e6lder for private slutbrugere.<\/li>\n<\/ul>\n\n\n\n<p><strong>Indg\u00e5else af kontrakt<\/strong><br>Bestillinger hos os, \u00e6ndringer og tilf\u00f8jelser til kontrakten samt till\u00e6gsaftaler skal ske skriftligt. Telefoniske eller andre ordrer anses for at v\u00e6re accepteret, n\u00e5r varen og fakturaen er afsendt eller udleveret.<\/p>\n\n\n\n<p><strong>Priser, prislister<\/strong><\/p>\n\n\n\n<ul class=\"wp-block-list\">\n<li>Vores priser er ab fabrik plus de bortskaffelsesgebyrer, der opkr\u00e6ves af Dual System, og som fremg\u00e5r af listen nedenfor. De priser, der g\u00e6lder p\u00e5 tidspunktet for bestillingen, er g\u00e6ldende. Moms er ikke inkluderet i prisen og vil blive faktureret separat med den lovpligtige sats.<\/li>\n\n\n\n<li>Der opkr\u00e6ves en forsendelsesafgift p\u00e5 17,90 euro for hver levering.<\/li>\n\n\n\n<li>Gratis fragt fra en k\u00f8bsv\u00e6rdi p\u00e5 1000\u20ac.<\/li>\n\n\n\n<li>Ved brug af ekspresservice opkr\u00e6ver vi et servicegebyr p\u00e5 23,80 euro. EPAR-service GmbH er berettiget til at opkr\u00e6ve h\u00f8jere servicegebyrer for s\u00e6rlig h\u00e5ndtering (f.eks. volumin\u00f8se varer, ekspresordrer, stykgods).<\/li>\n\n\n\n<li>Hvis den aftalte leveringsperiode er l\u00e6ngere end en m\u00e5ned fra kontraktens indg\u00e5else, er vi berettiget til at opkr\u00e6ve priserne i henhold til vores prisliste, der er gyldig p\u00e5 leveringsdagen.<\/li>\n\n\n\n<li>Ved fakturering afrundes priserne pr. emballageenhed til hele cent (tredje decimal over 4 rundes op, ellers rundes den ned) og ganges med ordrem\u00e6ngden.<\/li>\n<\/ul>\n\n\n\n<p>Betaling<\/p>\n\n\n\n<ul class=\"wp-block-list\">\n<li>Vores fakturaer skal betales inden for 14 dage efter fakturering uden fradrag.<\/li>\n\n\n\n<li>For ordrer p\u00e5 over 5000\u20ac kr\u00e6ves et depositum p\u00e5 50% af bel\u00f8bet p\u00e5 bestillingstidspunktet.<\/li>\n\n\n\n<li>Hvis Eparcare er bemyndiget til at opkr\u00e6ve krav mod kunden ved direkte debitering p\u00e5 grundlag af en SEPA-direkte debiteringsfuldmagt fra kunden, accepterer kunden, at Eparcare sender ham en forh\u00e5ndsmeddelelse senest tre (3) kalenderdage f\u00f8r datoen for den planlagte opkr\u00e6vning af en SEPA-direkte debitering (gennemf\u00f8relsesdato).<\/li>\n\n\n\n<li>Kunden er i betalingsmisligholdelse ved modtagelse af den f\u00f8rste rykker eller uden rykker 14 dage efter forfaldsdatoen og modtagelse af en faktura i henhold til \u00a7 286 (3) BGB. I tilf\u00e6lde af misligholdelse har vi ret til morarenter i henhold til \u00a7 288 BGB, forudsat at vi kan bevise, at der er opst\u00e5et yderligere skader som f\u00f8lge af misligholdelsen.<\/li>\n\n\n\n<li>Modregning med ikke-anerkendte eller ikke retskraftigt fastsl\u00e5ede krav fra kunden er udelukket. Dette g\u00e6lder ogs\u00e5 for en tilbageholdelsesret p\u00e5 grund af s\u00e5danne modkrav, for s\u00e5 vidt som disse krav ikke er baseret p\u00e5 det samme kontraktforhold.<\/li>\n<\/ul>\n\n\n\n<p><strong>levering<\/strong><\/p>\n\n\n\n<ul class=\"wp-block-list\">\n<li>Vores leveringsforpligtelse er betinget af fuldst\u00e6ndig og korrekt levering til os, medmindre vi er ansvarlige for manglende levering eller forsinkelse.<\/li>\n\n\n\n<li>I tilf\u00e6lde af specialfremstillede produkter er over- eller underleverancer p\u00e5 op til 10 % tilladt og vil blive taget i betragtning p\u00e5 fakturaen.<\/li>\n\n\n\n<li>Med hensyn til de angivne m\u00e5l for vores leveringsartikler forbeholder vi os ret til de s\u00e6dvanlige afvigelser, medmindre vi udtrykkeligt har garanteret overholdelse af m\u00e5lene.<\/li>\n\n\n\n<li>Vi er berettigede til at foretage rimelige delleverancer.<\/li>\n\n\n\n<li>Hvis afsendelsen af de bestilte leveringsgenstande forsinkes af \u00e5rsager, som kunden er ansvarlig for, overg\u00e5r risikoen til kunden ved modtagelse af meddelelsen om, at de er klar til afsendelse.<\/li>\n\n\n\n<li>P\u00e5lidelig afsendelse af de bestilte varer skal sikres af transport\u00f8rer, der er bestilt af os. Parterne er enige om, at det i tilf\u00e6lde af en tvist er kundens ansvar at bevise, at en levering ikke er ankommet.<\/li>\n\n\n\n<li>I tilf\u00e6lde af at varer tages tilbage som en gestus af goodwill, har vi ret til at opkr\u00e6ve et genopfyldningsgebyr p\u00e5 15% af v\u00e6rdien af de varer, der tages tilbage, med et minimum p\u00e5 15,00 euro og et maksimum p\u00e5 250,00 euro.<\/li>\n<\/ul>\n\n\n\n<p><strong>Leveringstid<\/strong><br>Aftalte leveringstider forl\u00e6nges p\u00e5 passende vis i tilf\u00e6lde af uforudsete hindringer uden for vores kontrol, s\u00e5som strejker, lockouts, driftsforstyrrelser, forsinkelser i leveringen af prim\u00e6re materialer, uanset om disse hindringer opst\u00e5r hos os eller hos vores leverand\u00f8rer. Vi er ikke ansvarlige for s\u00e5danne omst\u00e6ndigheder, selv om vi allerede er i misligholdelse. Hvis de opst\u00e5r, har begge parter ret til at tr\u00e6kke sig ud af kontrakten.<\/p>\n\n\n\n<p><strong>Bevarelse af ejendomsretten<\/strong><\/p>\n\n\n\n<ul class=\"wp-block-list\">\n<li>De af os leverede varer forbliver vores ejendom, indtil alle vores nuv\u00e6rende krav mod kunden samt fremtidige krav, for s\u00e5 vidt som de er relateret til de leverede varer, er opfyldt.<\/li>\n\n\n\n<li>Kunden er berettiget til at videres\u00e6lge de leveringsgenstande (varer med ejendomsforbehold), der ejes af os, i den almindelige forretningsgang. Han overdrager dog allerede nu alle krav, der opst\u00e5r som f\u00f8lge af dette videresalg, til os, uanset om forbeholdsvarerne videres\u00e6lges f\u00f8r eller efter forarbejdning, eller om de kombineres med fast ejendom eller l\u00f8s\u00f8re eller ej. Hvis forbeholdsvarerne videres\u00e6lges efter forarbejdning eller sammen med andre varer, der ikke tilh\u00f8rer os, eller hvis de kombineres med fast ejendom eller l\u00f8s\u00f8re, anses k\u00f8berens krav mod hans kunder for at v\u00e6re overdraget til os med et bel\u00f8b svarende til den leveringspris, der er aftalt mellem k\u00f8beren og os for forbeholdsvarerne.<\/li>\n\n\n\n<li>Kunden er bemyndiget til at inddrive dette krav ogs\u00e5 efter overdragelsen. Vores bemyndigelse til selv at inddrive kravet ber\u00f8res ikke heraf, men vi forpligter os til ikke at g\u00f8re det, s\u00e5 l\u00e6nge kunden beh\u00f8rigt opfylder sine betalingsforpligtelser. Hvis kunden g\u00f8r brug af inddrivelsesbef\u00f8jelsen, har vi ret til det inddrevne provenu svarende til den leveringspris, der er aftalt mellem kunden og os for forbeholdsvaren.<\/li>\n\n\n\n<li>Forarbejdningen eller omdannelsen af forbeholdsvaren sker for os som producent i henhold til \u00a7 950 BGB uden forpligtelse for os. Ved forarbejdning af den forbeholdte vare sammen med andre varer f\u00e5r vi medejerskab til den nye vare i forholdet mellem markedsv\u00e6rdien af vores varer og v\u00e6rdien af de andre forarbejdede varer p\u00e5 tidspunktet for forarbejdningen. Kunden skal opbevare den nye vare gratis for os med den s\u00e6dvanlige omhu i branchen.<\/li>\n\n\n\n<li>Vi forpligter os til p\u00e5 beg\u00e6ring at frigive de v\u00e6rdipapirer, som vi er berettiget til, i det omfang deres realisationsv\u00e6rdi overstiger de krav, der skal sikres, med mere end 20 %.<\/li>\n\n\n\n<li>Hvis vi accepterer veksler som betalingsmiddel, forts\u00e6tter vores ejendomsforbehold, indtil det konstateres, at vi ikke l\u00e6ngere kan holdes ansvarlige i henhold til denne veksel.<\/li>\n<\/ul>\n\n\n\n<ul class=\"wp-block-list\">\n<li><strong>Klager<\/strong><br>\u00c5benlyse mangler skal anmeldes skriftligt og specificeres inden for 10 dage efter modtagelse af varen.<\/li>\n\n\n\n<li><strong>Garanti<\/strong><br>Vi giver k\u00f8beren ubegr\u00e6nsede lovbestemte garantirettigheder p\u00e5 trods af lovbestemte begr\u00e6nsninger og genveje.<\/li>\n<\/ul>\n\n\n\n<p><strong>Udelukkelse af erstatningskrav<\/strong><\/p>\n\n\n\n<ul id=\"block-866ea755-7669-48ad-afc8-4a9e9f48ff6a\" class=\"wp-block-list\">\n<li>Vi er kun ansvarlige - uanset retsgrundlaget - for skader, der opst\u00e5r som f\u00f8lge af manglende eller forkert udf\u00f8relse af forslag eller r\u00e5d, der er givet f\u00f8r eller efter aftalens indg\u00e5else, eller som f\u00f8lge af overtr\u00e6delse af andre kontraktlige till\u00e6gsforpligtelser - is\u00e6r instruktioner om betjening og vedligeholdelse af leveringsgenstanden - som ikke er opst\u00e5et p\u00e5 selve leveringsgenstanden.\n<ul class=\"wp-block-list\">\n<li>med vilje<\/li>\n\n\n\n<li>i tilf\u00e6lde af grov uagtsomhed fra vores ledelsesorganers eller vores ledende medarbejderes side<\/li>\n\n\n\n<li>i tilf\u00e6lde af uagtsom skade p\u00e5 liv, legeme og helbred,<\/li>\n\n\n\n<li>i tilf\u00e6lde af mangler, som vi svigagtigt har skjult, eller hvis frav\u00e6r vi har garanteret,<\/li>\n\n\n\n<li>i tilf\u00e6lde af mangler ved leveringsgenstanden, i det omfang der efter produktansvarsloven er ansvar for person- eller tingskade p\u00e5 privat anvendte genstande.<\/li>\n\n\n\n<li>I tilf\u00e6lde af culp\u00f8s overtr\u00e6delse af v\u00e6sentlige kontraktlige forpligtelser er vi ogs\u00e5 ansvarlige for grov uagtsomhed fra ikke-ledende medarbejderes side og for let uagtsomhed, men i sidstn\u00e6vnte tilf\u00e6lde begr\u00e6nset til rimeligt forudsigelige skader, der er typiske for kontrakten. Yderligere erstatningskrav er udelukket.<\/li>\n\n\n\n<li>Eparcare er ansvarlig for skader som f\u00f8lge af forsinket levering af ekspresordrer (\"levering inden for den n\u00e6ste arbejdsdag\") op til et maksimalt bel\u00f8b p\u00e5 250 EUR pr. ordre. P\u00e5standen om yderligere skader for\u00e5rsaget af forsinkelse er udelukket.<\/li>\n\n\n\n<li>Vi p\u00e5tager os intet ansvar, hvis kunden g\u00f8r vores produkter, der er beregnet til professionel brug, tilg\u00e6ngelige for private slutbrugere.<\/li>\n<\/ul>\n<\/li>\n<\/ul>\n\n\n\n<p><strong>Software<\/strong><br>Kunden f\u00e5r en ikke-eksklusiv og ikke-overdragelig brugsret til programmerne og de tilh\u00f8rende dokumenter og efterf\u00f8lgende tilf\u00f8jelser til intern brug med de produkter, hvortil der leveres programmer. Alle andre rettigheder til programmerne og dokumentationen, herunder kopier og senere tilf\u00f8jelser, forbliver hos vores virksomhed. Kunden skal sikre, at disse programmer og dokumenter ikke er tilg\u00e6ngelige for tredjeparter uden forudg\u00e5ende samtykke fra vores virksomhed. Der m\u00e5 kun tages kopier til arkiveringsform\u00e5l som erstatning eller til fejlfinding. Overdragelse af kildeprogrammer kr\u00e6ver en s\u00e6rskilt skriftlig aftale. Hvis originalerne er forsynet med en meddelelse om ophavsret, skal denne meddelelse anbringes p\u00e5 originalen af kunden. Medmindre andet er aftalt, anses brugsretten for at v\u00e6re givet ved levering af ordren og levering af programmer, dokumentation og efterf\u00f8lgende till\u00e6g. \u00c6ndringer af programmerne er ikke tilladt; hvis \u00e6ndrede programmer anvendes af kunden eller af tredjeparter, er vores virksomhed ikke ansvarlig for skader.<br>Kunden g\u00f8res opm\u00e6rksom p\u00e5, at fejl i softwareprogrammet p\u00e5 baggrund af den aktuelle tekniske udvikling ikke kan udelukkes fuldst\u00e6ndigt. Kunden skal unders\u00f8ge softwaren umiddelbart efter levering og straks give vores virksomhed skriftlig besked om eventuelle \u00e5benlyse fejl. Vores virksomhed garanterer, at softwarens funktionalitet i det v\u00e6sentlige svarer til beskrivelsen i dokumentationen eller specifikationerne i ordrebekr\u00e6ftelsen. Derudover garanterer vores virksomhed ikke visse egenskaber ved softwareprogrammerne eller deres egnethed til kundeform\u00e5l eller kundekrav. Vores virksomhed er ikke ansvarlig for genskabelse af data, medmindre vores virksomhed har for\u00e5rsaget deres \u00f8del\u00e6ggelse ved grov uagtsomhed eller fors\u00e6t, og kunden har sikret, at disse data kan rekonstrueres fra datamaterialet, der er gemt i maskinl\u00e6sbar form, med en rimelig indsats.<br>For s\u00e5 vidt som ansvarsfraskrivelser i overensstemmelse med ovenst\u00e5ende afsnit kun kan aftales p\u00e5 en juridisk bindende m\u00e5de mellem fuldt kvalificerede forhandlere, forbliver den lovligt tilladte mulighed for en omfattende ansvarsfraskrivelse i tilf\u00e6lde af en transaktion med en ikke-forhandler.<\/p>\n\n\n\n<p><strong>Karakteristika<\/strong><br>Oplysninger, tegninger, illustrationer, pr\u00f8ver, brochurer, tekniske specifikationer og kataloger samt andre tekniske data og anvendelsesanbefalinger i brochurer, kataloger, annoncer og prislister eller i de dokumenter, der h\u00f8rer til et tilbud, er ikke bindende; de fritager ikke kunden for at kontrollere varerne for deres egnethed til de tilsigtede form\u00e5l, processer og anvendelser. De bliver kun en del af kontrakten, hvis og i det omfang de udtrykkeligt er blevet bekr\u00e6ftet af os som bindende. Kvalitetsgarantier er kun dem, der udtrykkeligt er betegnet som s\u00e5danne i ordrebekr\u00e6ftelsen. Anvendelse, brug og behandling af de k\u00f8bte varer er udelukkende kundens ansvar. Vi forbeholder os ejendomsretten og ophavsretten til illustrationer, tegninger og andre dokumenter. De m\u00e5 kun anvendes til det kontraktlige form\u00e5l uden vores samtykke og m\u00e5 ikke g\u00f8res tilg\u00e6ngelige for tredjeparter.<\/p>\n\n\n\n<p><strong>Udf\u00f8relsessted, jurisdiktion, g\u00e6ldende lov<\/strong><\/p>\n\n\n\n<ul class=\"wp-block-list\">\n<li> V\u00e6rneting for alle tvister, der opst\u00e5r i forbindelse med vores juridiske forhold til kunden, er Stuttgart. Vi har dog ogs\u00e5 ret til at anl\u00e6gge sag ved kundens hovedkontor.<\/li>\n\n\n\n<li>Tysk lov g\u00e6lder; i undtagelsestilf\u00e6lde g\u00e6lder ogs\u00e5 FN's k\u00f8belov.<\/li>\n<\/ul>","protected":false},"excerpt":{"rendered":"<p>EPAR-service GmbH ALLGEMEINE VERKAUFS-, LIEFERUNGS- UND ZAHLUNGSBEDINGUNGEN VertragsabschlussAuftr\u00e4ge an uns, Vertrags\u00e4nderungen und -erg\u00e4nzungen sowie Nebenabreden bed\u00fcrfen der Schriftform. Telefonisch oder in anderer Form erteilte Auftr\u00e4ge gelten als angenommen, wenn Versendung oder Aush\u00e4ndigung der Ware und Rechnung erfolgt. Preise, Preislisten Zahlung Lieferung LieferfristVereinbarte Lieferfristen verl\u00e4ngern sich angemessen beim Eintritt unvorhergesehener Hindernisse, die au\u00dferhalb unserer Einflussm\u00f6glichkeiten liegen, [&hellip;]<\/p>\n","protected":false},"author":1,"featured_media":0,"parent":0,"menu_order":0,"comment_status":"closed","ping_status":"open","template":"","meta":{"om_disable_all_campaigns":false,"_monsterinsights_skip_tracking":false,"_monsterinsights_sitenote_active":false,"_monsterinsights_sitenote_note":"","_monsterinsights_sitenote_category":0,"footnotes":""},"class_list":["post-2","page","type-page","status-publish","hentry"],"aioseo_notices":[],"_links":{"self":[{"href":"https:\/\/epar-service.com\/da\/wp-json\/wp\/v2\/pages\/2","targetHints":{"allow":["GET"]}}],"collection":[{"href":"https:\/\/epar-service.com\/da\/wp-json\/wp\/v2\/pages"}],"about":[{"href":"https:\/\/epar-service.com\/da\/wp-json\/wp\/v2\/types\/page"}],"author":[{"embeddable":true,"href":"https:\/\/epar-service.com\/da\/wp-json\/wp\/v2\/users\/1"}],"replies":[{"embeddable":true,"href":"https:\/\/epar-service.com\/da\/wp-json\/wp\/v2\/comments?post=2"}],"version-history":[{"count":1,"href":"https:\/\/epar-service.com\/da\/wp-json\/wp\/v2\/pages\/2\/revisions"}],"predecessor-version":[{"id":90,"href":"https:\/\/epar-service.com\/da\/wp-json\/wp\/v2\/pages\/2\/revisions\/90"}],"wp:attachment":[{"href":"https:\/\/epar-service.com\/da\/wp-json\/wp\/v2\/media?parent=2"}],"curies":[{"name":"wp","href":"https:\/\/api.w.org\/{rel}","templated":true}]}}