{"id":415,"date":"2025-08-23T15:58:20","date_gmt":"2025-08-23T15:58:20","guid":{"rendered":"https:\/\/epar-service.com\/?page_id=415"},"modified":"2025-08-23T16:04:47","modified_gmt":"2025-08-23T16:04:47","slug":"uplift-leight","status":"publish","type":"page","link":"https:\/\/epar-service.com\/cs\/uplift-leight\/","title":{"rendered":"UPLIFT Leight"},"content":{"rendered":"<div class=\"wp-block-group alignfull has-white-color has-pale-cyan-blue-background-color has-text-color has-background has-global-padding is-layout-constrained wp-container-core-group-is-layout-6493990a wp-block-group-is-layout-constrained\" style=\"padding-top:0vw;padding-right:0vw;padding-bottom:0vw;padding-left:0vw\">\n<h1 class=\"wp-block-heading has-text-align-center\">N\u00e1\u0161 lehk\u00fd, extr\u00e9mn\u011b pohodln\u00fd exoskelet,<\/h1>\n\n\n\n<p class=\"has-text-align-center has-medium-font-size\">Mechanika ve slu\u017eb\u00e1ch lidsk\u00e9ho pohybov\u00e9ho apar\u00e1tu<\/p>\n\n\n\n<div class=\"wp-block-buttons is-content-justification-center is-layout-flex wp-container-core-buttons-is-layout-a89b3969 wp-block-buttons-is-layout-flex\">\n<div class=\"wp-block-button is-style-outline is-style-outline--1\"><a class=\"wp-block-button__link has-white-color has-text-color wp-element-button\" href=\"https:\/\/epar-service.com\/cs\/rueckerstattung_rueckgaben\/\">Kontaktujte n\u00e1s<\/a><\/div>\n<\/div>\n<\/div>\n\n\n\n<figure class=\"wp-block-image size-full\"><img loading=\"lazy\" decoding=\"async\" width=\"487\" height=\"608\" src=\"https:\/\/epar-service.com\/wp-content\/uploads\/2025\/08\/UPLIFT-Leight-1.jpg\" alt=\"UPLIFT Leight\" class=\"wp-image-417\" srcset=\"https:\/\/epar-service.com\/wp-content\/uploads\/2025\/08\/UPLIFT-Leight-1.jpg 487w, https:\/\/epar-service.com\/wp-content\/uploads\/2025\/08\/UPLIFT-Leight-1-240x300.jpg 240w, https:\/\/epar-service.com\/wp-content\/uploads\/2025\/08\/UPLIFT-Leight-1-10x12.jpg 10w\" sizes=\"auto, (max-width: 487px) 100vw, 487px\" \/><\/figure>\n\n\n\n<h2 class=\"wp-block-heading\">10 d\u016fvod\u016f, pro\u010d si vybrat exoskelet UPLIFT\u2122 Lite vyvinut\u00fd spole\u010dnost\u00ed Mawashi<\/h2>\n\n\n\n<figure class=\"wp-block-image\"><img decoding=\"async\" src=\"https:\/\/uplift.mawashi.ca\/wp-content\/uploads\/2023\/07\/separator-left.svg\" alt=\"UPLIFT Leight\" class=\"wp-image-2712\" title=\"odd\u011blova\u010d vlevo\"\/><\/figure>\n\n\n\n<ul class=\"wp-block-list\">\n<li>V\u011bt\u0161\u00ed v\u0161estrannost<\/li>\n\n\n\n<li>V\u011bt\u0161\u00ed volnost pohybu<\/li>\n\n\n\n<li>Vylep\u0161en\u00e1 ergonomie a pohodl\u00ed<\/li>\n\n\n\n<li>Neomezen\u00e1 autonomie<\/li>\n\n\n\n<li>Intuitivn\u00ed a p\u0159irozen\u00e1 podpora, kter\u00e1 se \u0159\u00edd\u00ed biomechanick\u00fdmi principy lidsk\u00e9ho t\u011bla.<\/li>\n<\/ul>\n\n\n\n<ul class=\"wp-block-list\">\n<li>\u0158e\u0161en\u00ed na m\u00edru<\/li>\n\n\n\n<li>Exoskelet nejvy\u0161\u0161\u00ed kvality<\/li>\n\n\n\n<li>Podpora a s\u00ed\u0165 pomoci<\/li>\n\n\n\n<li>Technologie vyvinut\u00e1 p\u0159edn\u00ed spole\u010dnost\u00ed v t\u00e9to oblasti.<\/li>\n\n\n\n<li>Praktick\u00e9 a u\u017eivatelsky p\u0159\u00edv\u011btiv\u00e9 \u0159e\u0161en\u00ed<\/li>\n\n\n\n<li><\/li>\n<\/ul>\n\n\n\n<figure class=\"wp-block-embed is-type-video is-provider-youtube wp-block-embed-youtube wp-embed-aspect-16-9 wp-has-aspect-ratio\"><div class=\"wp-block-embed__wrapper\">\n<iframe loading=\"lazy\" title=\"Mawashi | Spu\u0161t\u011bn\u00ed UPLIFT Lite\" width=\"500\" height=\"281\" src=\"https:\/\/www.youtube.com\/embed\/JC-URQKIaBc?feature=oembed\" frameborder=\"0\" allow=\"accelerometer; autoplay; clipboard-write; encrypted-media; gyroscope; picture-in-picture; web-share\" referrerpolicy=\"strict-origin-when-cross-origin\" allowfullscreen><\/iframe>\n<\/div><\/figure>\n\n\n\n<h2 class=\"wp-block-heading\">Nejd\u016fle\u017eit\u011bj\u0161\u00ed funkce<\/h2>\n\n\n\n<figure class=\"wp-block-image\"><img decoding=\"async\" src=\"https:\/\/uplift.mawashi.ca\/wp-content\/uploads\/2023\/07\/shape-angle-2.svg\" alt=\"UPLIFT Leight\" class=\"wp-image-2723\" title=\"tvar-\u00faheln\u00edk\"\/><\/figure>\n\n\n\n<ul class=\"wp-block-list\">\n<li>P\u0159izp\u016fsobiteln\u00e1 podpora, kter\u00e1 se p\u0159izp\u016fsobuje v re\u00e1ln\u00e9m \u010dase<\/li>\n\n\n\n<li>Rychl\u00e9 a intuitivn\u00ed ru\u010dn\u00ed ovl\u00e1d\u00e1n\u00ed pro aktivaci nebo deaktivaci podpory v\u0161ech pomocn\u00fdch modul\u016f.<\/li>\n\n\n\n<li>Intuitivn\u00ed, snadn\u00e9 pou\u017e\u00edv\u00e1n\u00ed a vytv\u00e1\u0159en\u00ed<\/li>\n\n\n\n<li>Cenov\u011b dostupn\u00e9 pro ka\u017ed\u00fd rozpo\u010det<\/li>\n<\/ul>\n\n\n\n<ul class=\"wp-block-list\">\n<li>Vysoce kvalitn\u00ed materi\u00e1ly<\/li>\n\n\n\n<li>Ultralehk\u00fd, pouze 1,6 kg<\/li>\n\n\n\n<li>Prody\u0161n\u00e9 materi\u00e1ly podporuj\u00ed cirkulaci vzduchu pro optim\u00e1ln\u00ed regulaci t\u011blesn\u00e9ho tepla.<\/li>\n<\/ul>","protected":false},"excerpt":{"rendered":"<p>N\u00e1\u0161 lehk\u00fd, extr\u00e9mn\u011b pohodln\u00fd exoskelet, mechanika ve slu\u017eb\u00e1ch lidsk\u00e9ho pohybov\u00e9ho apar\u00e1tu 10 d\u016fvod\u016f, pro\u010d si vybrat exoskelet UPLIFT\u2122 Lite vyvinut\u00fd spole\u010dnost\u00ed Mawashi Hlavn\u00ed vlastnosti<\/p>","protected":false},"author":1,"featured_media":0,"parent":0,"menu_order":0,"comment_status":"closed","ping_status":"closed","template":"","meta":{"om_disable_all_campaigns":false,"_monsterinsights_skip_tracking":false,"_monsterinsights_sitenote_active":false,"_monsterinsights_sitenote_note":"","_monsterinsights_sitenote_category":0,"footnotes":""},"class_list":["post-415","page","type-page","status-publish","hentry"],"aioseo_notices":[],"_links":{"self":[{"href":"https:\/\/epar-service.com\/cs\/wp-json\/wp\/v2\/pages\/415","targetHints":{"allow":["GET"]}}],"collection":[{"href":"https:\/\/epar-service.com\/cs\/wp-json\/wp\/v2\/pages"}],"about":[{"href":"https:\/\/epar-service.com\/cs\/wp-json\/wp\/v2\/types\/page"}],"author":[{"embeddable":true,"href":"https:\/\/epar-service.com\/cs\/wp-json\/wp\/v2\/users\/1"}],"replies":[{"embeddable":true,"href":"https:\/\/epar-service.com\/cs\/wp-json\/wp\/v2\/comments?post=415"}],"version-history":[{"count":2,"href":"https:\/\/epar-service.com\/cs\/wp-json\/wp\/v2\/pages\/415\/revisions"}],"predecessor-version":[{"id":422,"href":"https:\/\/epar-service.com\/cs\/wp-json\/wp\/v2\/pages\/415\/revisions\/422"}],"wp:attachment":[{"href":"https:\/\/epar-service.com\/cs\/wp-json\/wp\/v2\/media?parent=415"}],"curies":[{"name":"wp","href":"https:\/\/api.w.org\/{rel}","templated":true}]}}