{"id":378,"date":"2025-08-10T14:49:45","date_gmt":"2025-08-10T14:49:45","guid":{"rendered":"https:\/\/epar-service.com\/?page_id=378"},"modified":"2025-08-10T14:49:45","modified_gmt":"2025-08-10T14:49:45","slug":"exia-z-nemeckeho-bionic","status":"publish","type":"page","link":"https:\/\/epar-service.com\/cs\/exia-z-nemeckeho-bionic\/","title":{"rendered":"EXIA od German Bionic"},"content":{"rendered":"<figure class=\"wp-block-image\"><img decoding=\"async\" src=\"https:\/\/framerusercontent.com\/images\/2HpIMMxn0cO3dSmhtr0t0lTWepg.jpg\" alt=\"GB Exia Hero Image\"\/><\/figure>\n\n\n\n<h3 class=\"wp-block-heading\">Nejv\u00fdkonn\u011bj\u0161\u00ed exoskelet na sv\u011bt\u011b<\/h3>\n\n\n\n<h3 class=\"wp-block-heading\">Exoskelet s um\u011blou inteligenc\u00ed pro v\u0161echny p\u0159\u00edpady pou\u017eit\u00ed: od nejt\u011b\u017e\u0161\u00ed pr\u00e1ce v pr\u016fmyslu po empatickou p\u00e9\u010di o pacienty<\/h3>\n\n\n\n<p>Exia - roz\u0161\u00ed\u0159en\u00e1 um\u011bl\u00e1 inteligence, kter\u00e1 rozum\u00ed tomu, jak lid\u00e9 pracuj\u00ed. Exia se u\u010d\u00ed u\u017e roky. Od lid\u00ed. Z miliard aplika\u010dn\u00edch dat shrom\u00e1\u017ed\u011bn\u00fdch v re\u00e1ln\u00e9m ka\u017edodenn\u00edm pracovn\u00edm \u017eivot\u011b. V\u00fdsledek: poskytuje inteligentn\u00ed a personalizovanou podporu, d\u00edky n\u00ed\u017e jsou lid\u00e9 efektivn\u011bj\u0161\u00ed. Spojuje v\u0161echny p\u0159\u00edpady pou\u017eit\u00ed v jedin\u00e9m vysoce v\u00fdkonn\u00e9m exoskeletu. Exia, kter\u00e1 byla od z\u00e1kladu p\u0159epracov\u00e1na, se toti\u017e flexibiln\u011b p\u0159izp\u016fsobuje u\u017eivatel\u016fm, \u00fakol\u016fm a odv\u011btv\u00edm.<\/p>\n\n\n\n<figure class=\"wp-block-image\"><img decoding=\"async\" src=\"https:\/\/framerusercontent.com\/images\/s9V9e4zDbzVc3Oddsn7ARkdYpfw.jpg\" alt=\"N\u011bmeck\u00fd exoskelet Bionic Exia poh\u00e1n\u011bn\u00fd um\u011blou inteligenc\u00ed, kter\u00fd podporuje skladn\u00edka zvedaj\u00edc\u00edho t\u011b\u017ek\u00e9 krabice a zlep\u0161uje ergonomii a p\u0159edch\u00e1z\u00ed zran\u011bn\u00edm zad v logistice.\"\/><\/figure>\n\n\n\n<figure class=\"wp-block-image\"><img decoding=\"async\" src=\"https:\/\/framerusercontent.com\/images\/v7vYQaELJQwJFn61qziMts3VBw.jpg\" alt=\"N\u011bmeck\u00fd robotick\u00fd exoskelet Bionic Exia pom\u00e1h\u00e1 pr\u016fmyslov\u00e9mu pracovn\u00edkovi p\u0159i pr\u00e1ci v p\u0159edklonu, poskytuje oporu doln\u00ed \u010d\u00e1sti zad a zvy\u0161uje efektivitu skladovac\u00edch operac\u00ed.\"\/><\/figure>\n\n\n\n<figure class=\"wp-block-image\"><img decoding=\"async\" src=\"https:\/\/framerusercontent.com\/images\/eVguWHxDFW6zQ09rnGbirnnSwVs.jpg\" alt=\"N\u011bmeck\u00fd robotick\u00fd exoskelet Bionic Exia podporuje zved\u00e1n\u00ed t\u011b\u017ek\u00fdch b\u0159emen, pom\u00e1h\u00e1 p\u0159edch\u00e1zet muskuloskelet\u00e1ln\u00edm poruch\u00e1m a zvy\u0161uje produktivitu.\"\/><\/figure>\n\n\n\n<h1 class=\"wp-block-heading\">V\u00fdkon AI pro v\u0161echny \u00falohy<\/h1>\n\n\n\n<h2 class=\"wp-block-heading\">Men\u0161\u00ed z\u00e1t\u011b\u017e, lep\u0161\u00ed zdrav\u00ed - a t\u00edm i bezpe\u010dn\u011bj\u0161\u00ed, inkluzivn\u011bj\u0161\u00ed a atraktivn\u011bj\u0161\u00ed pracovi\u0161t\u011b: Exia odleh\u010d\u00ed lidem, kte\u0159\u00ed jsou p\u0159i pr\u00e1ci fyzicky nam\u00e1h\u00e1ni, a to d\u00edky kompenzaci hmotnosti a\u017e 38 kg na jeden zvedac\u00ed pohyb. T\u00edm se tak\u00e9 \u010del\u00ed nedostatku kvalifikovan\u00e9 pracovn\u00ed s\u00edly. Sni\u017euje toti\u017e po\u010det absenc\u00ed z d\u016fvodu nemoci, prodlu\u017euje pracovn\u00ed \u017eivot a zvy\u0161uje udr\u017eitelnost pracovn\u00edch m\u00edst - a\u0165 u\u017e v logistice, stavebnictv\u00ed nebo v pe\u010dovatelstv\u00ed.<\/h2>\n\n\n\n<h2 class=\"wp-block-heading\">N\u00e1stroj, kter\u00fd se p\u0159izp\u016fsobuje lidem.<\/h2>\n\n\n\n<p>Ka\u017ed\u00fd \u010dlov\u011bk je jin\u00fd. Ka\u017ed\u00fd \u00fakol je jedine\u010dn\u00fd. Exia je zalo\u017eena na um\u011bl\u00e9 inteligenci a strojov\u00e9m u\u010den\u00ed a vyu\u017e\u00edv\u00e1 miliardy anonymizovan\u00fdch dat z re\u00e1ln\u00fdch pracovn\u00edch situac\u00ed - aby porozum\u011bla individu\u00e1ln\u00edm pohyb\u016fm a poskytla c\u00edlenou podporu. V re\u00e1ln\u00e9m \u010dase se p\u0159izp\u016fsobuje osob\u011b a \u010dinnosti a poskytuje podporu p\u0159esn\u011b tam, kde je j\u00ed nejv\u00edce pot\u0159eba.<\/p>\n\n\n\n<p>P\u0159ehled v\u00fdhod:<\/p>\n\n\n\n<ul class=\"wp-block-list\">\n<li>Nosnost a\u017e 38 kg na jeden zvedac\u00ed pohyb<\/li>\n\n\n\n<li>Zm\u00edr\u0148uje z\u00e1t\u011b\u017e p\u0159i zved\u00e1n\u00ed, ch\u016fzi, p\u0159en\u00e1\u0161en\u00ed a nakl\u00e1d\u00e1n\u00ed a p\u0159i pr\u00e1ci v p\u0159edklonu.<\/li>\n\n\n\n<li>Pom\u00e1h\u00e1 p\u0159edch\u00e1zet zran\u011bn\u00edm a muskuloskelet\u00e1ln\u00edm poruch\u00e1m (MSD).<\/li>\n\n\n\n<li>U\u010d\u00ed se s ka\u017ed\u00fdm pou\u017eit\u00edm a neust\u00e1le se zlep\u0161uje d\u00edky um\u011bl\u00e9 inteligenci.<\/li>\n\n\n\n<li>Pravideln\u011b p\u0159ij\u00edm\u00e1 aktualizace over-the-air<\/li>\n\n\n\n<li>Integrace do digit\u00e1ln\u00edch pracovn\u00edch postup\u016f a datov\u00fdch platforem<\/li>\n\n\n\n<li>Robustn\u00ed, prachot\u011bsn\u00e9 a vodot\u011bsn\u00e9<\/li>\n\n\n\n<li>Vyzkou\u0161eno a otestov\u00e1no v re\u00e1ln\u00fdch pracovn\u00edch situac\u00edch v pr\u016fmyslu a v pe\u010dovatelstv\u00ed.<\/li>\n<\/ul>\n\n\n\n<h1 class=\"wp-block-heading\">360\u00b0 roz\u0161\u00ed\u0159en\u00ed \u010dlov\u011bka pomoc\u00ed um\u011bl\u00e9 inteligence<\/h1>\n\n\n\n<h2 class=\"wp-block-heading\">Pln\u011b zas\u00ed\u0165ovan\u00e9 a navr\u017een\u00e9 se zam\u011b\u0159en\u00edm na lidi: Data z aplikac\u00ed exoskeletonu jsou vyu\u017e\u00edv\u00e1na pro pokro\u010dil\u00e9 strojov\u00e9 u\u010den\u00ed. Um\u011bl\u00e1 inteligence tak umo\u017e\u0148uje, aby se Exia neust\u00e1le p\u0159izp\u016fsobovala individu\u00e1ln\u00edm pot\u0159eb\u00e1m, pohyb\u016fm a \u010dinnostem lid\u00ed v jejich ka\u017edodenn\u00edm pracovn\u00edm \u017eivot\u011b.<\/h2>\n\n\n\n<p>Chytr\u00fd bezpe\u010dnostn\u00ed spole\u010dn\u00edk<\/p>\n\n\n\n<p>Syst\u00e9m v\u010dasn\u00e9ho varov\u00e1n\u00ed pro ergonomii s podporou um\u011bl\u00e9 inteligence<\/p>\n\n\n\n<p>N\u011bmeck\u00e1 platforma Bionic IO<\/p>\n\n\n\n<p>Rozs\u00e1hl\u00e1 anal\u00fdza dat, monitorov\u00e1n\u00ed a reporting \u0159\u00edzen\u00fd um\u011blou inteligenc\u00ed pro optimalizaci pracovn\u00edch proces\u016f.<\/p>\n\n\n\n<p>N\u011bmeck\u00e1 aplikace Bionic Connect<\/p>\n\n\n\n<p>Integruje a uzn\u00e1v\u00e1 u\u017eivatele jako ned\u00edlnou sou\u010d\u00e1st syst\u00e9mu s obousm\u011brnou zp\u011btnou vazbou.<\/p>\n\n\n\n<figure class=\"wp-block-video\"><video height=\"1080\" style=\"aspect-ratio: 1920 \/ 1080;\" width=\"1920\" controls src=\"https:\/\/epar-service.com\/wp-content\/uploads\/2025\/08\/Suevch4oN7z26XXZBTL83XeeU.mp4\"><\/video><\/figure>","protected":false},"excerpt":{"rendered":"<p>Das weltweit leistungsst\u00e4rkste Exoskelett KI-Exoskelett f\u00fcr alle Use Cases: vom h\u00e4rtesten Job in der Industrie bis zur einf\u00fchlsamen Pflege von Patienten Exia \u2013 Augmented AI, die versteht, wie Menschen arbeiten. Das Exia hat jahrelang gelernt. Vom Menschen. Aus Milliarden von Anwendungsdaten, die im realen Arbeitsalltag gesammelt wurden. Das Ergebnis: Es unterst\u00fctzt intelligent und personalisiert und [&hellip;]<\/p>\n","protected":false},"author":1,"featured_media":0,"parent":0,"menu_order":0,"comment_status":"closed","ping_status":"closed","template":"","meta":{"om_disable_all_campaigns":false,"_monsterinsights_skip_tracking":false,"_monsterinsights_sitenote_active":false,"_monsterinsights_sitenote_note":"","_monsterinsights_sitenote_category":0,"footnotes":""},"class_list":["post-378","page","type-page","status-publish","hentry"],"aioseo_notices":[],"_links":{"self":[{"href":"https:\/\/epar-service.com\/cs\/wp-json\/wp\/v2\/pages\/378","targetHints":{"allow":["GET"]}}],"collection":[{"href":"https:\/\/epar-service.com\/cs\/wp-json\/wp\/v2\/pages"}],"about":[{"href":"https:\/\/epar-service.com\/cs\/wp-json\/wp\/v2\/types\/page"}],"author":[{"embeddable":true,"href":"https:\/\/epar-service.com\/cs\/wp-json\/wp\/v2\/users\/1"}],"replies":[{"embeddable":true,"href":"https:\/\/epar-service.com\/cs\/wp-json\/wp\/v2\/comments?post=378"}],"version-history":[{"count":1,"href":"https:\/\/epar-service.com\/cs\/wp-json\/wp\/v2\/pages\/378\/revisions"}],"predecessor-version":[{"id":380,"href":"https:\/\/epar-service.com\/cs\/wp-json\/wp\/v2\/pages\/378\/revisions\/380"}],"wp:attachment":[{"href":"https:\/\/epar-service.com\/cs\/wp-json\/wp\/v2\/media?parent=378"}],"curies":[{"name":"wp","href":"https:\/\/api.w.org\/{rel}","templated":true}]}}