{"id":284,"date":"2025-01-25T19:55:55","date_gmt":"2025-01-25T19:55:55","guid":{"rendered":"https:\/\/epar-service.com\/?page_id=284"},"modified":"2025-01-25T19:55:55","modified_gmt":"2025-01-25T19:55:55","slug":"zajimavosti-o-aktivaci-a-technologii","status":"publish","type":"page","link":"https:\/\/epar-service.com\/cs\/zajimavosti-o-aktivaci-a-technologii\/","title":{"rendered":"Zaj\u00edmav\u00e1 fakta o aktivaci a technologii"},"content":{"rendered":"<h6 class=\"wp-block-heading\"><br>KLIMATIZA\u010cN\u00cd TECHNIKA 5.0<\/h6>\n\n\n\n<h2 class=\"wp-block-heading\">COOLINE SX3<\/h2>\n\n\n\n<h1 class=\"wp-block-heading\">3D-HIGHTECH<br>CHLAZEN\u00cd<\/h1>\n\n\n\n<p><strong>PATENTOVAN\u00c9<br><\/strong><strong>UNIK\u00c1TN\u00cd<br>VYNIKAJ\u00cdC\u00cd<\/strong><\/p>\n\n\n\n<figure class=\"wp-block-image\"><img decoding=\"async\" src=\"https:\/\/e-cooline.de\/wp-content\/uploads\/2023\/02\/Cooline-SX3-Technologie-Verdunstungsdarstellung-1024%C3%971024px.webp\" alt=\"Odpa\u0159ovac\u00ed displej technologie COOLINE SX3\" class=\"wp-image-2931\"\/><\/figure>\n\n\n\n<h2 class=\"wp-block-heading\">KLIMATIZACE NA NO\u0160EN\u00cd<\/h2>\n\n\n\n<p>Vysok\u00e1 kvalita, brilantn\u00ed 3D technologie, p\u0159\u00edrodn\u00ed chladiva, jako je voda a vzduch, a vysoce kvalitn\u00ed proveden\u00ed ve stylov\u00e9m designu: COOLINE SX3 nab\u00edz\u00ed v\u0161e, co pot\u0159ebujete pro udr\u017eitelnou klimatizaci nejvy\u0161\u0161\u00ed t\u0159\u00eddy.<\/p>\n\n\n\n<p>Vysoce technologick\u00e9 rouno COOLINE SX3 m\u00e1 schopnost v\u00e1zat velk\u00e9 mno\u017estv\u00ed vody b\u011bhem n\u011bkolika sekund a ukl\u00e1dat ji p\u0159\u00edmo na chytr\u00fdch 3D vl\u00e1knech. V\u00fdhoda: vytvo\u0159\u00ed se enormn\u011b velk\u00e1 plocha molekul vody, kter\u00e1 se m\u016f\u017ee okam\u017eit\u011b odpa\u0159ovat a \u00fa\u010dinn\u011b chladit. Pod tlakem se netvo\u0159\u00ed \u017e\u00e1dn\u00e9 vodn\u00ed kapky ani kondenzace - a to ani v p\u0159\u00edpad\u011b, \u017ee vyvinete extr\u00e9mn\u00ed tlak.<\/p>\n\n\n\n<figure class=\"wp-block-image\"><img decoding=\"async\" src=\"https:\/\/e-cooline.de\/wp-content\/uploads\/2023\/01\/UN-Woman-300x150px.jpg\" alt=\"Logo UN-Women\"\/><\/figure>\n\n\n\n<figure class=\"wp-block-image\"><img decoding=\"async\" src=\"https:\/\/e-cooline.de\/wp-content\/uploads\/2023\/02\/Logo-cool-coalition-300x150px.webp\" alt=\"Logo cool koalice-300x150px\"\/><\/figure>\n\n\n\n<figure class=\"wp-block-image\"><img decoding=\"async\" src=\"https:\/\/e-cooline.de\/wp-content\/uploads\/2023\/02\/Logo-Green-cooling-Initiative-300x150px.webp\" alt=\"Logo Iniciativa za zelen\u00e9 chlazen\u00ed-300x150px\"\/><\/figure>\n\n\n\n<figure class=\"wp-block-image\"><img decoding=\"async\" src=\"https:\/\/e-cooline.de\/wp-content\/uploads\/2024\/06\/E-COOLINE-CP-Klimaneutrale-Produkte.png\" alt=\"Klimaticky neutr\u00e1ln\u00ed v\u00fdrobky E-COOLINE-CP\"\/><\/figure>\n\n\n\n<figure class=\"wp-block-image\"><img decoding=\"async\" src=\"https:\/\/e-cooline.de\/wp-content\/uploads\/2023\/01\/ecooline-made-in-germany.jpg\" alt=\"ecooline made-in-germany\"\/><\/figure>\n\n\n\n<figure class=\"wp-block-image\"><img decoding=\"async\" src=\"https:\/\/e-cooline.de\/wp-content\/uploads\/2023\/01\/ecooline-patentierte-technologie.jpg\" alt=\"patentovan\u00e1 technologie ecooline\"\/><\/figure>\n\n\n\n<figure class=\"wp-block-image\"><img decoding=\"async\" src=\"https:\/\/e-cooline.de\/wp-content\/uploads\/2023\/01\/Logo-ecooline-cooling-effekt-durch-hohenstein-bestaetigt.jpg\" alt=\"Logo-chlazen\u00ed-chladic\u00ed-\u00fa\u010dinek-na-velk\u00fd-k\u00e1men-potvrzeno\"\/><\/figure>\n\n\n\n<figure class=\"wp-block-image\"><img decoding=\"async\" src=\"https:\/\/e-cooline.de\/wp-content\/uploads\/2023\/01\/Caring-for-Climate-300x150uex.jpg\" alt=\"Caring-for-Climate-300x150\u00fcx\"\/><\/figure>\n\n\n\n<figure class=\"wp-block-image\"><img decoding=\"async\" src=\"https:\/\/e-cooline.de\/wp-content\/uploads\/2023\/01\/ecooline-alliance-for-climate-Kopie.jpg\" alt=\"ecooline-alliance-for-climate - Kop\u00edrovat\"\/><\/figure>\n\n\n\n<figure class=\"wp-block-image\"><img decoding=\"async\" src=\"https:\/\/e-cooline.de\/wp-content\/uploads\/2023\/01\/Logo_Textilbuendnis-Kopie.png\" alt=\"Logo_Textilb\u00fcndnis - Kop\u00edrovat\"\/><\/figure>\n\n\n\n<figure class=\"wp-block-image\"><img decoding=\"async\" src=\"https:\/\/e-cooline.de\/wp-content\/uploads\/2023\/01\/Senat-der-Wirtschaft-300x150px-Kopie.jpg\" alt=\"Sen\u00e1t pro ekonomiku-300x150px - Kop\u00edrovat\"\/><\/figure>\n\n\n\n<figure class=\"wp-block-image\"><img decoding=\"async\" src=\"https:\/\/e-cooline.de\/wp-content\/uploads\/2023\/01\/suedwesttextil-Kopie.png\" alt=\"s\u00fcdwesttextil - Kop\u00edrovat\"\/><\/figure>\n\n\n\n<figure class=\"wp-block-image\"><img decoding=\"async\" src=\"https:\/\/e-cooline.de\/wp-content\/uploads\/2023\/01\/UN-Woman-300x150px.jpg\" alt=\"Logo UN-Women\"\/><\/figure>\n\n\n\n<figure class=\"wp-block-image\"><img decoding=\"async\" src=\"https:\/\/e-cooline.de\/wp-content\/uploads\/2023\/02\/Logo-cool-coalition-300x150px.webp\" alt=\"Logo cool koalice-300x150px\"\/><\/figure>\n\n\n\n<figure class=\"wp-block-image\"><img decoding=\"async\" src=\"https:\/\/e-cooline.de\/wp-content\/uploads\/2023\/02\/Logo-Green-cooling-Initiative-300x150px.webp\" alt=\"Logo Iniciativa za zelen\u00e9 chlazen\u00ed-300x150px\"\/><\/figure>\n\n\n\n<figure class=\"wp-block-image\"><img decoding=\"async\" src=\"https:\/\/e-cooline.de\/wp-content\/uploads\/2024\/06\/E-COOLINE-CP-Klimaneutrale-Produkte.png\" alt=\"Klimaticky neutr\u00e1ln\u00ed v\u00fdrobky E-COOLINE-CP\"\/><\/figure>\n\n\n\n<figure class=\"wp-block-image\"><img decoding=\"async\" src=\"https:\/\/e-cooline.de\/wp-content\/uploads\/2023\/01\/ecooline-made-in-germany.jpg\" alt=\"ecooline made-in-germany\"\/><\/figure>\n\n\n\n<figure class=\"wp-block-image\"><img decoding=\"async\" src=\"https:\/\/e-cooline.de\/wp-content\/uploads\/2023\/01\/ecooline-patentierte-technologie.jpg\" alt=\"patentovan\u00e1 technologie ecooline\"\/><\/figure>\n\n\n\n<figure class=\"wp-block-image\"><img decoding=\"async\" src=\"https:\/\/e-cooline.de\/wp-content\/uploads\/2023\/01\/Logo-ecooline-cooling-effekt-durch-hohenstein-bestaetigt.jpg\" alt=\"Logo-chlazen\u00ed-chladic\u00ed-\u00fa\u010dinek-na-velk\u00fd-k\u00e1men-potvrzeno\"\/><\/figure>\n\n\n\n<figure class=\"wp-block-image\"><img decoding=\"async\" src=\"https:\/\/e-cooline.de\/wp-content\/uploads\/2023\/01\/Caring-for-Climate-300x150uex.jpg\" alt=\"Caring-for-Climate-300x150\u00fcx\"\/><\/figure>\n\n\n\n<p>\u00da\u010cINN\u011a CHLADN\u00c9, ALE P\u0158\u00cdJEMN\u011a SUCH\u00c9<\/p>\n\n\n\n<h2 class=\"wp-block-heading\">KLIMATICK\u00c9 TECHNOLOGIE<br>S INTELIGENTN\u00cdMI VL\u00c1KNY<\/h2>\n\n\n\n<p>Mo\u017enosti vyu\u017eit\u00ed materi\u00e1lu 3D-COOL jsou obrovsk\u00e9 a v posledn\u00edch letech se ji\u017e osv\u011bd\u010dily v mnoha oblastech. P\u0159i integraci do od\u011bvu lze high-tech rouno pou\u017e\u00edvat jako klimatiza\u010dn\u00ed syst\u00e9m. Jednoduch\u00e9, \u00fa\u010dinn\u00e9 a klimaticky neutr\u00e1ln\u00ed - s dobr\u00fdm pocitem.<\/p>\n\n\n\n<p>D\u00edky sv\u00fdm vynikaj\u00edc\u00edm vlastnostem je tento materi\u00e1l pou\u017e\u00edv\u00e1n p\u0159edn\u00edmi spole\u010dnostmi v oblasti ochrany zdrav\u00ed na pracovi\u0161t\u00edch vystaven\u00fdch teplu, na klinik\u00e1ch a l\u00e9ka\u0159i v neurologick\u00e9 oblasti, nap\u0159. p\u0159i roztrou\u0161en\u00e9 skler\u00f3ze, ale tak\u00e9 ve voln\u00e9m \u010dase a p\u0159i sportu. Materi\u00e1l COOLINE SX3 nyn\u00ed hraje vedouc\u00ed roli tak\u00e9 v oblasti hubnut\u00ed.<\/p>\n\n\n\n<p>Materi\u00e1l je zpracov\u00e1n v m\u00f3dn\u00edch designech, rychle se pou\u017e\u00edv\u00e1 a na vn\u011bj\u0161\u00ed stran\u011b schne. D\u00edky p\u0159\u00edrodn\u00ed antibakteri\u00e1ln\u00ed \u00faprav\u011b s DEOXX fresh z\u016fstanete nejen v pohod\u011b, ale tak\u00e9 hygienicky \u010dist\u00ed. Pr\u00e1v\u011b tyto v\u00fdhody odli\u0161uj\u00ed COOLINE SX3 od v\u0161ech ostatn\u00edch materi\u00e1l\u016f dostupn\u00fdch na trhu. Pro \u00fa\u017easn\u011b chladiv\u00fd pocit sv\u011b\u017eesti.<\/p>\n\n\n\n<p><a href=\"https:\/\/e-cooline.de\/shop\">KOUPIT NYN\u00cd<\/a><\/p>\n\n\n\n<figure class=\"wp-block-image\"><a href=\"https:\/\/e-cooline.de\/shop\/kuehlwesten\/e-cooline-powercool-sx3-raceweste\/\"><img decoding=\"async\" src=\"https:\/\/e-cooline.de\/wp-content\/uploads\/2023\/02\/Raceweste_Site-IF-award-Logo-links-Kopie.webp\" alt=\"Z\u00e1vodn\u00ed vesta s logem iF Award na boku\" class=\"wp-image-2858\"\/><\/a><\/figure>\n\n\n\n<figure class=\"wp-block-image\"><img decoding=\"async\" src=\"https:\/\/e-cooline.de\/wp-content\/uploads\/2023\/03\/if_designaward2021_red_p_rgb-154x300.png\" alt=\"Logo IF Design Award 2021\" class=\"wp-image-6364\"\/><\/figure>\n\n\n\n<figure class=\"wp-block-image\"><a href=\"https:\/\/e-cooline.de\/shop\/kuehlshirts\/e-cooline-powercool-sx3-t-shirt\/\"><img decoding=\"async\" src=\"https:\/\/e-cooline.de\/wp-content\/uploads\/2023\/02\/Powercool-SX3-T-Shirt-Design-Award.webp\" alt=\"Tri\u010dko Powercool SX3 s logem iF Design Award\" class=\"wp-image-2857\"\/><\/a><\/figure>\n\n\n\n<h5 class=\"wp-block-heading\">P\u0158IPRAVEN\u00c9 K POU\u017dIT\u00cd B\u011aHEM N\u011aKOLIKA SEKUND<\/h5>\n\n\n\n<p>V\u00fdrobky E.COOLINE se aktivuj\u00ed vodou b\u011bhem n\u011bkolika sekund, rychle schnou a jsou okam\u017eit\u011b p\u0159ipraveny k pou\u017eit\u00ed s chladic\u00edm v\u00fdkonem 660 W na litr.<\/p>\n\n\n\n<h5 class=\"wp-block-heading\">10 HODIN CHLAZEN\u00cd<\/h5>\n\n\n\n<p>Materi\u00e1l COOLINE SX3 uchov\u00e1v\u00e1 dostatek vody, aby v\u00e1s udr\u017eel v suchu a chladu po cel\u00fd den.<\/p>\n\n\n\n<h5 class=\"wp-block-heading\">UM\u00ddVATELN\u00c9<\/h5>\n\n\n\n<p>V\u00fdrobky E.COOLINE jsou jedin\u00e9 prateln\u00e9 funk\u010dn\u00ed chladic\u00ed textilie s DEOXX fresh. Sta\u010d\u00ed pr\u00e1t v ruce nebo v pra\u010dce na 30 \u00b0C.<\/p>\n\n\n\n<p>MO\u017dN\u00dd ROZD\u00cdL V CHLAZEN\u00cd<\/p>\n\n\n\n<p>12\u00b0C<\/p>\n\n\n\n<figure class=\"wp-block-image\"><img decoding=\"async\" src=\"https:\/\/e-cooline.de\/wp-content\/uploads\/2023\/02\/COOLINE-SX3-Hybrid-Technologie-1500x1500px.webp\" alt=\"Hybridn\u00ed technologie COOLINE SX3\" class=\"wp-image-2967\"\/><\/figure>\n\n\n\n<h2 class=\"wp-block-heading\">INDIVIDU\u00c1LN\u00cd P\u0158IZP\u016eSOBEN\u00cd OKOLN\u00cd TEPLOT\u011a<\/h2>\n\n\n\n<p>Jedine\u010dn\u00e1 a patentovan\u00e1 3D technologie to umo\u017e\u0148uje: ka\u017ed\u00fd v\u00fdrobek s rounem COOLINE SX3 si m\u016f\u017ee ka\u017ed\u00fd u\u017eivatel p\u0159izp\u016fsobit podle sv\u00fdch pot\u0159eb. Ve v\u00edce ne\u017e 90% p\u0159\u00edpadech funguje E.COOLINE na principu 3D odpa\u0159ov\u00e1n\u00ed COOL. Pokud pot\u0159ebujete v\u011bt\u0161\u00ed chlazen\u00ed, m\u016f\u017eete samoz\u0159ejm\u011b syst\u00e9m kdykoli podle pot\u0159eby pos\u00edlit. N\u00ed\u017ee si p\u0159e\u010dt\u011bte, jak na to.<\/p>\n\n\n\n<p>Jejich p\u0159ednost\u00ed je, \u017ee \u00fa\u010dinn\u011b a trvale chlad\u00ed. Pou\u017e\u00edv\u00e1me pouze p\u0159\u00edrodn\u00ed chladiva, jako je voda a vzduch. Tato technologie je nav\u00edc rychl\u00e1, snadn\u00e1, praktick\u00e1 a mobiln\u00ed a lze ji pou\u017e\u00edt kdekoli. D\u00edky skv\u011bl\u00e9mu designu&nbsp;<strong><a href=\"https:\/\/e-cooline.de\/shop\">E.COOLINE<\/a><\/strong>&nbsp;a kolekce SlimCOOL, budete vypadat dob\u0159e i vy.<\/p>\n\n\n\n<figure class=\"wp-block-image\"><img decoding=\"async\" src=\"https:\/\/e-cooline.de\/wp-content\/uploads\/2023\/02\/Logo-HNU-Award-150x150px-sw.webp\" alt=\"Logo Employer Branding Award 2021\"\/><\/figure>\n\n\n\n<figure class=\"wp-block-image\"><img decoding=\"async\" src=\"https:\/\/e-cooline.de\/wp-content\/uploads\/2023\/02\/Logo-IFaward-150x150px-sw.webp\" alt=\"Logo iF Design Award 2021\"\/><\/figure>\n\n\n\n<figure class=\"wp-block-image\"><img decoding=\"async\" src=\"https:\/\/e-cooline.de\/wp-content\/uploads\/2023\/02\/Logo-Land-der-Ideen-150x150px.webp\" alt=\"Logo Zem\u011b n\u00e1pad\u016f-150x150px\"\/><\/figure>\n\n\n\n<figure class=\"wp-block-image\"><img decoding=\"async\" src=\"https:\/\/e-cooline.de\/wp-content\/uploads\/2023\/02\/Logo-PlusX-150x150px-sw.webp\" alt=\"Logo PlusX-150x150px-sw\"\/><\/figure>\n\n\n\n<figure class=\"wp-block-image\"><img decoding=\"async\" src=\"https:\/\/e-cooline.de\/wp-content\/uploads\/2023\/02\/LogoMarketing-for-Future-150x150px-sw.webp\" alt=\"LogoMarketing pro budoucnost-150x150px-sw\"\/><\/figure>\n\n\n\n<figure class=\"wp-block-image\"><img decoding=\"async\" src=\"https:\/\/e-cooline.de\/wp-content\/uploads\/2023\/02\/Logo-Excellent-Award-150x150px-sw.webp\" alt=\"Cena za vynikaj\u00edc\u00ed logo\"\/><\/figure>\n\n\n\n<figure class=\"wp-block-image\"><img decoding=\"async\" src=\"https:\/\/e-cooline.de\/wp-content\/uploads\/2023\/02\/Logo-HNU-Award-150x150px-sw.webp\" alt=\"Logo Employer Branding Award 2021\"\/><\/figure>\n\n\n\n<figure class=\"wp-block-image\"><img decoding=\"async\" src=\"https:\/\/e-cooline.de\/wp-content\/uploads\/2023\/02\/Logo-IFaward-150x150px-sw.webp\" alt=\"Logo iF Design Award 2021\"\/><\/figure>\n\n\n\n<figure class=\"wp-block-image\"><img decoding=\"async\" src=\"https:\/\/e-cooline.de\/wp-content\/uploads\/2023\/02\/Logo-Land-der-Ideen-150x150px.webp\" alt=\"Logo Zem\u011b n\u00e1pad\u016f-150x150px\"\/><\/figure>\n\n\n\n<figure class=\"wp-block-image\"><img decoding=\"async\" src=\"https:\/\/e-cooline.de\/wp-content\/uploads\/2023\/02\/Logo-PlusX-150x150px-sw.webp\" alt=\"Logo PlusX-150x150px-sw\"\/><\/figure>\n\n\n\n<figure class=\"wp-block-image\"><img decoding=\"async\" src=\"https:\/\/e-cooline.de\/wp-content\/uploads\/2023\/02\/LogoMarketing-for-Future-150x150px-sw.webp\" alt=\"LogoMarketing pro budoucnost-150x150px-sw\"\/><\/figure>\n\n\n\n<figure class=\"wp-block-image\"><img decoding=\"async\" src=\"https:\/\/e-cooline.de\/wp-content\/uploads\/2023\/02\/Logo-Excellent-Award-150x150px-sw.webp\" alt=\"Cena za vynikaj\u00edc\u00ed logo\"\/><\/figure>\n\n\n\n<figure class=\"wp-block-image\"><img decoding=\"async\" src=\"https:\/\/e-cooline.de\/wp-content\/uploads\/2023\/02\/Logo-HNU-Award-150x150px-sw.webp\" alt=\"Logo Employer Branding Award 2021\"\/><\/figure>\n\n\n\n<figure class=\"wp-block-image\"><img decoding=\"async\" src=\"https:\/\/e-cooline.de\/wp-content\/uploads\/2023\/02\/Logo-IFaward-150x150px-sw.webp\" alt=\"Logo iF Design Award 2021\"\/><\/figure>\n\n\n\n<figure class=\"wp-block-image\"><img decoding=\"async\" src=\"https:\/\/e-cooline.de\/wp-content\/uploads\/2023\/02\/Logo-Land-der-Ideen-150x150px.webp\" alt=\"Logo Zem\u011b n\u00e1pad\u016f-150x150px\"\/><\/figure>\n\n\n\n<figure class=\"wp-block-image\"><img decoding=\"async\" src=\"https:\/\/e-cooline.de\/wp-content\/uploads\/2023\/02\/Logo-PlusX-150x150px-sw.webp\" alt=\"Logo PlusX-150x150px-sw\"\/><\/figure>\n\n\n\n<h5 class=\"wp-block-heading\">HYBRIDN\u00cd TECHNOLOGIE OD SPOLE\u010cNOSTI PERVORMANCE<\/h5>\n\n\n\n<h2 class=\"wp-block-heading\">JEDNA TECHNOLOGIE CHLAZEN\u00cd PRO V\u0160ECHNY TEPELN\u00c9 SITUACE<\/h2>\n\n\n\n<h5 class=\"wp-block-heading\">3D COOL TECHNOLOGIE<\/h5>\n\n\n\n<p>D\u00edky norm\u00e1ln\u00edmu v\u00fdvoji tepla v na\u0161em t\u011ble se molekuly vody v\u00e1zan\u00e9 na vl\u00e1kna materi\u00e1lu 3D-COOL COOLINE SX3 odpa\u0159uj\u00ed tak \u00fa\u010dinn\u011b, \u017ee je dosa\u017eeno p\u0159\u00edjemn\u00e9 teploty 16-20 \u00b0C s chladic\u00edm v\u00fdkonem a\u017e 660 Watt\u016f\/litr.<\/p>\n\n\n\n<p>D\u00edky fyzik\u00e1ln\u00edmu principu odpa\u0159ovac\u00edho chlazen\u00ed chlad\u00ed COOLINE v\u00edce p\u0159i vy\u0161\u0161\u00edch teplot\u00e1ch a m\u00e9n\u011b p\u0159i ni\u017e\u0161\u00edch teplot\u00e1ch. T\u00edm se v\u017edy dos\u00e1hne optim\u00e1ln\u00edho v\u00fdsledku chlazen\u00ed - automaticky. A co je na tom nejlep\u0161\u00ed: nepot\u0159ebujete \u017e\u00e1dn\u00fd extern\u00ed zdroj energie, m\u016f\u017eete se voln\u011b pohybovat - sami rozhodujete, kde a kdy se chcete ochladit. A\u0165 u\u017e v interi\u00e9ru, nebo venku. Z\u00edsk\u00e1te tak sob\u011bsta\u010dnou klimatizaci, kterou m\u016f\u017eete snadno a rychle pou\u017e\u00edt kdekoli.<\/p>\n\n\n\n<h5 class=\"wp-block-heading\">3D COOL BOOSTER<\/h5>\n\n\n\n<p>COOLINE toho v\u0161ak um\u00ed je\u0161t\u011b v\u00edce. Zat\u00edmco v extr\u00e9mn\u00edch podm\u00ednk\u00e1ch s ledem nebo materi\u00e1lem PCM mus\u00edte \u010dekat hodiny, 3D povrch COOLINE dok\u00e1\u017ee v rekordn\u00edm \u010dase 5-20 minut (v z\u00e1vislosti na v\u00fdrobku) ulo\u017eit chladn\u00fd v\u00fdkon od 0 do 10 \u00b0C a krom\u011b odpa\u0159ovac\u00edho chlazen\u00ed jej \u00fa\u010dinn\u011b uvolnit. Pomoc\u00ed jednoduch\u00fdch mobiln\u00edch chladic\u00edch s\u00e1\u010dk\u016f a ledov\u00fdch obklad\u016f nebo drcen\u00e9ho ledu je E.COOLINE \u00fa\u010dinn\u00fd i p\u0159i extr\u00e9mn\u00edch teplot\u00e1ch a vlhkosti nad 90% nebo vzduchot\u011bsn\u00e9m ochrann\u00e9m od\u011bvu. V\u00fdrobek je v\u017edy p\u0159ipraven k pou\u017eit\u00ed b\u011bhem n\u011bkolika minut. Z toho t\u011b\u017e\u00ed i v\u00fdrobky SlimCOOL.<\/p>\n\n\n\n<p>V p\u0159\u00edpadech 90% nen\u00ed Cool Booster v\u016fbec pot\u0159eba. Samotn\u00e1 3D technologie s odpa\u0159ovac\u00edm chlazen\u00edm je obvykle zcela dosta\u010duj\u00edc\u00ed. Skv\u011bl\u00e1 v\u011bc: m\u00e1te jeden produkt pro v\u0161echny sk\u0159\u00edn\u011b.<\/p>\n\n\n\n<p><strong>Technologie 3D-COOL s \u010dist\u011b odpa\u0159ovac\u00edm chlazen\u00edm \u00fa\u010dinn\u011b ochlazuje t\u011blo a\u017e na 12 \u00b0C p\u0159i v\u00fdkonu a\u017e 660 Wh. Nepot\u0159ebujete k tomu ledni\u010dku ani mrazni\u010dku. U\u0161et\u0159ete s n\u00ed 97% CO2!<\/strong><\/p>\n\n\n\n<p><strong>COOLINE SX3 funguje perfektn\u011b i v extr\u00e9mn\u00edch podm\u00ednk\u00e1ch (nad 90% vlhkosti). V t\u011bchto p\u0159\u00edpadech (pouze cca 10%) sta\u010d\u00ed jednoduch\u00e1 chladic\u00ed ta\u0161ka s ledov\u00fdmi s\u00e1\u010dky nebo ledov\u00e9 obklady pro p\u0159edb\u011b\u017en\u00e9 chlazen\u00ed.<\/strong><\/p>","protected":false},"excerpt":{"rendered":"<p>KLIMATECHNIK 5.0 COOLINE SX3 3D-HIGHTECHK\u00dcHLUNG PATENTIERTEINZIGARTIGAUSGEZEICHNET DIE KLIMAANLAGE ZUM ANZIEHEN Hohe Qualit\u00e4t, brillante 3D-Technologie, nat\u00fcrliche K\u00e4ltemittel, wie Wasser und Luft und eine hochwertige Verarbeitung in schickem Design: COOLINE SX3 bietet alles, was nachhaltige Klimatisierung der Spitzenklasse ben\u00f6tigt. Das COOLINE SX3 Hightech- Vlies hat die Eigenschaft, gro\u00dfe Mengen Wasser sekundenschnell im Innern zu binden und direkt [&hellip;]<\/p>\n","protected":false},"author":1,"featured_media":0,"parent":0,"menu_order":0,"comment_status":"closed","ping_status":"closed","template":"","meta":{"om_disable_all_campaigns":false,"_monsterinsights_skip_tracking":false,"_monsterinsights_sitenote_active":false,"_monsterinsights_sitenote_note":"","_monsterinsights_sitenote_category":0,"footnotes":""},"class_list":["post-284","page","type-page","status-publish","hentry"],"aioseo_notices":[],"_links":{"self":[{"href":"https:\/\/epar-service.com\/cs\/wp-json\/wp\/v2\/pages\/284","targetHints":{"allow":["GET"]}}],"collection":[{"href":"https:\/\/epar-service.com\/cs\/wp-json\/wp\/v2\/pages"}],"about":[{"href":"https:\/\/epar-service.com\/cs\/wp-json\/wp\/v2\/types\/page"}],"author":[{"embeddable":true,"href":"https:\/\/epar-service.com\/cs\/wp-json\/wp\/v2\/users\/1"}],"replies":[{"embeddable":true,"href":"https:\/\/epar-service.com\/cs\/wp-json\/wp\/v2\/comments?post=284"}],"version-history":[{"count":1,"href":"https:\/\/epar-service.com\/cs\/wp-json\/wp\/v2\/pages\/284\/revisions"}],"predecessor-version":[{"id":285,"href":"https:\/\/epar-service.com\/cs\/wp-json\/wp\/v2\/pages\/284\/revisions\/285"}],"wp:attachment":[{"href":"https:\/\/epar-service.com\/cs\/wp-json\/wp\/v2\/media?parent=284"}],"curies":[{"name":"wp","href":"https:\/\/api.w.org\/{rel}","templated":true}]}}