{"id":280,"date":"2025-01-25T19:49:26","date_gmt":"2025-01-25T19:49:26","guid":{"rendered":"https:\/\/epar-service.com\/?page_id=280"},"modified":"2025-01-25T20:08:21","modified_gmt":"2025-01-25T20:08:21","slug":"e-cooline-powercool-sx3-race-waistcoat-chladici-vesta-vase-chladici-vesta-proti-tepelnemu-stresu","status":"publish","type":"page","link":"https:\/\/epar-service.com\/cs\/e-cooline-powercool-sx3-race-waistcoat-chladici-vesta-vase-chladici-vesta-proti-tepelnemu-stresu\/","title":{"rendered":"E.COOLINE Powercool SX3 RaceVest - chladic\u00ed vesta - va\u0161e chladic\u00ed vesta proti tepeln\u00e9mu stresu"},"content":{"rendered":"<h5 class=\"wp-block-heading\">Powercool SX3 RaceVest - dokonal\u00e1 chladic\u00ed vesta pro sportovn\u00ed aktivity<\/h5>\n\n\n\n<p>Se za\u0159\u00edzen\u00edm E.COOLINE&nbsp;<strong>Powercool SX3 RaceVest<\/strong>&nbsp;D\u00edky technologii chlazen\u00ed COOLINE SX3 3D z\u016fstanete i v horku v \u00fa\u017easn\u00e9m chladu. A\u0165 u\u017e p\u0159i&nbsp;<strong>v pr\u00e1ci, p\u0159i b\u011bhu, j\u00edzd\u011b na motorce nebo na kole.<\/strong>&nbsp;nebo jednodu\u0161e&nbsp;<strong>p\u0159i grilov\u00e1n\u00ed<\/strong>&nbsp;- Chladic\u00ed vesta s p\u0159\u00edkonem a\u017e 660 W zaji\u0161\u0165uje p\u0159\u00edjemn\u00e9 such\u00e9 chlazen\u00ed, a t\u00edm i dokonalou pohodu.&nbsp;<strong>Vnit\u0159n\u00ed a venkovn\u00ed<\/strong>! Zm\u00edr\u0148uje tepeln\u00fd stres a zdravotn\u00ed pot\u00ed\u017ee zp\u016fsoben\u00e9 vysok\u00fdmi teplotami a dod\u00e1v\u00e1 v\u00e1m dal\u0161\u00ed porci energie. V\u011bdeck\u00e9 studie potvrdily \u00fa\u010dinnost E.COOLINE.<\/p>\n\n\n\n<p>Lehk\u00fd, pru\u017en\u00fd materi\u00e1l se zabudovanou elastickou s\u00ed\u0165ovinou dod\u00e1v\u00e1 sportovn\u00ed z\u00e1vodn\u00ed vest\u011b pohodln\u00fd st\u0159ih a nab\u00edz\u00ed vynikaj\u00edc\u00ed komfort no\u0161en\u00ed! D\u00edky p\u0159il\u00e9hav\u00e9mu st\u0159ihu a ploch\u00e9mu zipu lze chladic\u00ed vestu nosit jak p\u0159es, tak pod jin\u00fdm oble\u010den\u00edm, jako je motork\u00e1\u0159sk\u00e1 v\u00fdstroj, ochrann\u00fd oblek hasi\u010de nebo jednodu\u0161e pod oblekem v kancel\u00e1\u0159i.<\/p>\n\n\n\n<p>Vesta RaceVest m\u00e1 sportovn\u00ed kr\u00e1tk\u00fd st\u0159ih. Vezm\u011bte pros\u00edm na v\u011bdom\u00ed \u00fadaje o d\u00e9lce zadn\u00ed \u010d\u00e1sti v\u00fdrobku.<\/p>\n\n\n\n<p><strong>Materi\u00e1l:&nbsp;<\/strong>Vn\u011bj\u0161\u00ed materi\u00e1l: 100% polyester; s\u00ed\u0165ovina: 83% polyester \/17% elastan; v\u00fdpl\u0148: 100% polyester COOLINE.<\/p>\n\n\n\n<p>Bu\u010fte v pohod\u011b se z\u00e1vodn\u00ed vestou E.COOLINE&nbsp;<strong>klimaticky neutr\u00e1ln\u00ed<\/strong>&nbsp;s&nbsp;<strong>Technologie \"Made in Germany\"<\/strong>&nbsp;<br>&nbsp;<\/p>\n\n\n\n<hr class=\"wp-block-separator has-alpha-channel-opacity\"\/>\n\n\n\n<h5 class=\"wp-block-heading\">360\u00b0 pohled - E.COOLINE Powercool SX3 RaceVest \/ chladic\u00ed vesta<\/h5>\n\n\n\n<figure class=\"wp-block-image\"><img decoding=\"async\" src=\"https:\/\/cdn02.plentymarkets.com\/07jvlffix7ng\/frontend\/Gifs\/E_COOLINE_Westen\/Powercool_SX3_Raceweste_-_animiert_WEB.gif\" alt=\"360\u00b0 pohled - E.COOLINE Powercool SX3 RaceVest \/ chladic\u00ed vesta\"\/><\/figure>\n\n\n\n<h5 class=\"wp-block-heading\">TABULKA VELIKOSTI<\/h5>\n\n\n\n<figure class=\"wp-block-table\"><table class=\"has-fixed-layout\"><tbody><tr><td>&nbsp;Velikost<\/td><td>&nbsp;\u0160\u00ed\u0159ka\/obvod hrudn\u00edku<\/td><td>&nbsp;D\u00e9lka&nbsp;&nbsp;<\/td><\/tr><tr><td>XXS&nbsp;&nbsp;<\/td><td>77 - 84 cm<\/td><td>44 cm<\/td><\/tr><tr><td>XS<\/td><td>&nbsp;84 - 88 cm<\/td><td>46 cm<\/td><\/tr><tr><td>S<\/td><td>88 - 92 cm<\/td><td>48 cm<\/td><\/tr><tr><td>M<\/td><td>92 - 96 cm<\/td><td>50 cm<\/td><\/tr><tr><td>&nbsp;L<\/td><td>&nbsp;96 - 100 cm<\/td><td>52 cm<\/td><\/tr><tr><td>&nbsp;XL<\/td><td>&nbsp;100 - 106 cm<\/td><td>56 cm<\/td><\/tr><tr><td>&nbsp;XXL<\/td><td>&nbsp;106 - 114 cm<\/td><td>59 cm<\/td><\/tr><tr><td>&nbsp;3XL<\/td><td>&nbsp;114 - 120 cm<\/td><td>62 cm<\/td><\/tr><tr><td>4XL<\/td><td>&nbsp;120 - 126 cm<\/td><td>64 cm<\/td><\/tr><\/tbody><\/table><\/figure>\n\n\n\n<h5 class=\"wp-block-heading\">AKTIVACE<\/h5>\n\n\n\n<p>Aktivace produkt\u016f E.COOLINE je rychl\u00e1 a snadn\u00e1. Naneste vodu - srolujte - osu\u0161te.<\/p>\n\n\n\n<figure class=\"wp-block-embed is-type-video is-provider-youtube wp-block-embed-youtube wp-embed-aspect-16-9 wp-has-aspect-ratio\"><div class=\"wp-block-embed__wrapper\">\n<iframe loading=\"lazy\" title=\"Jak aktivovat ko\u0161ilovou vestu E.COOLINE Powercool SX3?\" width=\"500\" height=\"281\" src=\"https:\/\/www.youtube.com\/embed\/yaru7NmcFLo?feature=oembed\" frameborder=\"0\" allow=\"accelerometer; autoplay; clipboard-write; encrypted-media; gyroscope; picture-in-picture; web-share\" referrerpolicy=\"strict-origin-when-cross-origin\" allowfullscreen><\/iframe>\n<\/div><\/figure>\n\n\n\n<h5 class=\"wp-block-heading\">POKYNY K P\u00c9\u010cI<\/h5>\n\n\n\n<p><strong>Chladic\u00ed oble\u010den\u00ed E.COOLINE<\/strong>&nbsp;je na rozd\u00edl od v\u011bt\u0161iny ostatn\u00edch funk\u010dn\u00edch chladic\u00edch textili\u00ed&nbsp;<strong>omyvateln\u00e9<\/strong>.<\/p>\n\n\n\n<figure class=\"wp-block-image is-resized\"><img decoding=\"async\" src=\"https:\/\/cdn02.plentymarkets.com\/07jvlffix7ng\/frontend\/E_COOLINE_E_COMMERCE\/Bilder_fuer_Produktbeschreibungen_allg\/Gluehbirne_pix_Artikeldetail1.png\" alt=\"Zaj\u00edmav\u00e1 fakta o aktivaci a technologii\" style=\"width:41px;height:auto\"\/><\/figure>\n\n\n\n<p><strong><a href=\"https:\/\/epar-service.com\/cs\/zajimavosti-o-aktivaci-a-technologii\/\" title=\"Zaj\u00edmav\u00e1 fakta o aktivaci a technologii\">Zaj\u00edmav\u00e1 fakta o aktivaci a technologii<\/a><\/strong><\/p>\n\n\n\n<p><\/p>","protected":false},"excerpt":{"rendered":"<p>Powercool SX3 RaceWeste \u2013 die perfekte K\u00fchlweste beim Sport Mit der E.COOLINE&nbsp;Powercool SX3 RaceWeste&nbsp;mit der 3D -K\u00fchltechnologie COOLINE SX3 bleiben Sie auch bei Hitze herrlich cool. Ob bei&nbsp;der Arbeit, beim Joggen, Motorrad- oder Radfahren&nbsp;oder einfach&nbsp;beim Grillen&nbsp;\u2013 die K\u00fchlweste sorgt mit bis zu 660 Watt f\u00fcr eine angenehm trockene K\u00fchlung und damit f\u00fcr ein perfektes Wohlf\u00fchlklima.&nbsp;Indoor [&hellip;]<\/p>\n","protected":false},"author":1,"featured_media":0,"parent":0,"menu_order":0,"comment_status":"closed","ping_status":"closed","template":"","meta":{"om_disable_all_campaigns":false,"_monsterinsights_skip_tracking":false,"_monsterinsights_sitenote_active":false,"_monsterinsights_sitenote_note":"","_monsterinsights_sitenote_category":0,"footnotes":""},"class_list":["post-280","page","type-page","status-publish","hentry"],"aioseo_notices":[],"_links":{"self":[{"href":"https:\/\/epar-service.com\/cs\/wp-json\/wp\/v2\/pages\/280","targetHints":{"allow":["GET"]}}],"collection":[{"href":"https:\/\/epar-service.com\/cs\/wp-json\/wp\/v2\/pages"}],"about":[{"href":"https:\/\/epar-service.com\/cs\/wp-json\/wp\/v2\/types\/page"}],"author":[{"embeddable":true,"href":"https:\/\/epar-service.com\/cs\/wp-json\/wp\/v2\/users\/1"}],"replies":[{"embeddable":true,"href":"https:\/\/epar-service.com\/cs\/wp-json\/wp\/v2\/comments?post=280"}],"version-history":[{"count":4,"href":"https:\/\/epar-service.com\/cs\/wp-json\/wp\/v2\/pages\/280\/revisions"}],"predecessor-version":[{"id":289,"href":"https:\/\/epar-service.com\/cs\/wp-json\/wp\/v2\/pages\/280\/revisions\/289"}],"wp:attachment":[{"href":"https:\/\/epar-service.com\/cs\/wp-json\/wp\/v2\/media?parent=280"}],"curies":[{"name":"wp","href":"https:\/\/api.w.org\/{rel}","templated":true}]}}