{"id":216,"date":"2025-01-01T18:02:32","date_gmt":"2025-01-01T18:02:32","guid":{"rendered":"https:\/\/epar-service.com\/?page_id=216"},"modified":"2025-07-21T20:32:25","modified_gmt":"2025-07-21T20:32:25","slug":"mate-xt-xt-4-0","status":"publish","type":"page","link":"https:\/\/epar-service.com\/cs\/mate-xt-xt-4-0\/","title":{"rendered":"MATE - XT &amp; XT 4.0"},"content":{"rendered":"<div class=\"wp-block-group alignfull has-white-color has-pale-cyan-blue-background-color has-text-color has-background has-global-padding is-layout-constrained wp-container-core-group-is-layout-6493990a wp-block-group-is-layout-constrained\" style=\"padding-top:0vw;padding-right:0vw;padding-bottom:0vw;padding-left:0vw\">\n<h1 class=\"wp-block-heading has-text-align-center\">MATE-XT vhodn\u00fd pro zam\u011bstnance<\/h1>\n\n\n\n<h1 class=\"wp-block-heading has-text-align-center\"> Kde to funguje? <\/h1>\n\n\n\n<h1 class=\"wp-block-heading has-text-align-center\">Kde pracujete<\/h1>\n\n\n\n<p class=\"has-text-align-center\">MATE-XT je mechanicky poh\u00e1n\u011bn\u00fd exoskelet (bez bateri\u00ed, bez motor\u016f) pro odleh\u010den\u00ed sval\u016f v oblasti ramen zam\u011bstnanc\u016f, kte\u0159\u00ed pracuj\u00ed se zdvi\u017eenou pa\u017e\u00ed, a to prost\u0159ednictv\u00edm fyziologick\u00e9 podpory p\u0159i opakovan\u00fdch a statick\u00fdch \u00fakonech.<\/p>\n\n\n\n<div class=\"wp-block-buttons is-content-justification-center is-layout-flex wp-container-core-buttons-is-layout-a89b3969 wp-block-buttons-is-layout-flex\">\n<div class=\"wp-block-button is-style-outline is-style-outline--1\"><a class=\"wp-block-button__link has-white-color has-text-color wp-element-button\" href=\"https:\/\/epar-service.com\/cs\/rueckerstattung_rueckgaben\/\">Kontaktujte n\u00e1s<\/a><\/div>\n<\/div>\n<\/div>\n\n\n\n<div class=\"wp-block-group alignfull has-white-background-color has-background has-global-padding is-layout-constrained wp-container-core-group-is-layout-a4e63d72 wp-block-group-is-layout-constrained\" style=\"margin-top:0px;padding-top:4vw;padding-right:4vw;padding-bottom:4vw;padding-left:4vw\">\n<div class=\"wp-block-columns alignwide is-layout-flex wp-container-core-columns-is-layout-828b44bc wp-block-columns-is-layout-flex\">\n<div class=\"wp-block-column is-layout-flow wp-block-column-is-layout-flow\">\n<figure class=\"wp-block-image size-large is-style-default\"><img decoding=\"async\" src=\"https:\/\/www.comau.com\/wp-content\/webp-express\/webp-images\/uploads\/2024\/02\/Img_Hotspot_MATE-XT-1-2048x1179.jpg.webp\" alt=\"MATE - XT &amp; XT 4.0\"\/><\/figure>\n\n\n\n<div class=\"wp-block-buttons is-layout-flex wp-block-buttons-is-layout-flex\">\n<div class=\"wp-block-button\"><a class=\"wp-block-button__link wp-element-button\">P\u0159ineste si lehkou a vysoce prody\u0161nou ergonomickou oporu v modelu eXTreme.<\/a><\/div>\n<\/div>\n<\/div>\n\n\n\n<div class=\"wp-block-column is-layout-flow wp-block-column-is-layout-flow\">\n<figure class=\"wp-block-image size-full\"><img loading=\"lazy\" decoding=\"async\" width=\"800\" height=\"800\" src=\"https:\/\/epar-service.com\/wp-content\/uploads\/2025\/07\/Extension-bras-dos-Exosquelette.jpg\" alt=\"MATE - XT &amp; XT 4.0\" class=\"wp-image-339\" srcset=\"https:\/\/epar-service.com\/wp-content\/uploads\/2025\/07\/Extension-bras-dos-Exosquelette.jpg 800w, https:\/\/epar-service.com\/wp-content\/uploads\/2025\/07\/Extension-bras-dos-Exosquelette-300x300.jpg 300w, https:\/\/epar-service.com\/wp-content\/uploads\/2025\/07\/Extension-bras-dos-Exosquelette-150x150.jpg 150w, https:\/\/epar-service.com\/wp-content\/uploads\/2025\/07\/Extension-bras-dos-Exosquelette-768x768.jpg 768w, https:\/\/epar-service.com\/wp-content\/uploads\/2025\/07\/Extension-bras-dos-Exosquelette-12x12.jpg 12w\" sizes=\"auto, (max-width: 800px) 100vw, 800px\" \/><\/figure>\n\n\n\n<div class=\"wp-block-buttons is-layout-flex wp-block-buttons-is-layout-flex\">\n<div class=\"wp-block-button\"><a class=\"wp-block-button__link wp-element-button\">P\u0159edstavujeme: MATE-XT: nov\u00fd, robustn\u00ed a z\u00e1rove\u0148 lehk\u00fd exoskelet spole\u010dnosti Comau pro vnit\u0159n\u00ed i venkovn\u00ed pou\u017eit\u00ed.<br>MATE-XT<strong>&nbsp;Sni\u017euje svalovou n\u00e1mahu&nbsp;<\/strong>pro nam\u00e1hav\u00e9 vnit\u0159n\u00ed i venkovn\u00ed pr\u00e1ce.<\/a><\/div>\n<\/div>\n<\/div>\n\n\n\n<div class=\"wp-block-column is-layout-flow wp-block-column-is-layout-flow\">\n<figure class=\"wp-block-image size-large is-style-default\"><img decoding=\"async\" src=\"https:\/\/www.comau.com\/wp-content\/uploads\/2024\/02\/app-gepet.jpg\" alt=\"MATE - XT &amp; XT 4.0\"\/><\/figure>\n\n\n\n<div class=\"wp-block-buttons is-layout-flex wp-block-buttons-is-layout-flex\">\n<div class=\"wp-block-button\"><a class=\"wp-block-button__link wp-element-button\"><br><strong>Exoskelet MATE-XT funguje, kdy, kde a jak to d\u011bl\u00e1te.<\/strong>.<\/a><\/div>\n\n\n\n<div class=\"wp-block-button\"><a class=\"wp-block-button__link wp-element-button\">Co bylo vyrobeno v MATE?<br>Exoskeletov\u00fd oblek MATE je navr\u017een tak, aby zlep\u0161il kvalitu \u017eivota na pracovi\u0161ti t\u00edm, \u017ee poskytuje konzistentn\u00ed, pokro\u010dilou podporu ramen a pa\u017e\u00ed p\u0159i opakovan\u00fdch operac\u00edch a ka\u017edodenn\u00edch \u00fakonech.<\/a><\/div>\n<\/div>\n<\/div>\n<\/div>\n<\/div>\n\n\n\n<div class=\"wp-block-group alignfull has-white-color has-pale-cyan-blue-background-color has-text-color has-background has-global-padding is-layout-constrained wp-container-core-group-is-layout-5789501e wp-block-group-is-layout-constrained\" style=\"margin-top:0px;padding-top:4vw;padding-right:4vw;padding-bottom:4vw;padding-left:4vw\">\n<div class=\"wp-block-columns is-layout-flex wp-container-core-columns-is-layout-403af8ad wp-block-columns-is-layout-flex\">\n<div class=\"wp-block-column is-layout-flow wp-block-column-is-layout-flow\">\n<p class=\"has-text-align-center\" style=\"font-size:clamp(35.2px, 2.2rem + ((1vw - 3.2px) * 2.824), 64px);line-height:1\"><strong>2,1 kg<\/strong><\/p>\n\n\n\n<p class=\"has-text-align-center has-medium-font-size\">Hmotnost<\/p>\n<\/div>\n\n\n\n<div class=\"wp-block-column is-layout-flow wp-block-column-is-layout-flow\">\n<p class=\"has-text-align-center\" style=\"font-size:clamp(35.2px, 2.2rem + ((1vw - 3.2px) * 2.824), 64px);line-height:1\"><strong>30%<\/strong><\/p>\n\n\n\n<p class=\"has-text-align-center has-medium-font-size\">\u00daleva pro z\u00e1da<\/p>\n<\/div>\n\n\n\n<div class=\"wp-block-column is-layout-flow wp-block-column-is-layout-flow\">\n<p class=\"has-text-align-center\" style=\"font-size:clamp(35.2px, 2.2rem + ((1vw - 3.2px) * 2.824), 64px);line-height:1\"><strong>50%<\/strong><\/p>\n\n\n\n<p class=\"has-text-align-center has-medium-font-size\">Sn\u00ed\u017een\u00ed svalov\u00e9 \u00fanavy<\/p>\n<\/div>\n\n\n\n<div class=\"wp-block-column is-layout-flow wp-block-column-is-layout-flow\">\n<p class=\"has-text-align-center\" style=\"font-size:clamp(35.2px, 2.2rem + ((1vw - 3.2px) * 2.824), 64px);line-height:1\"><strong>25%<\/strong><\/p>\n\n\n\n<p class=\"has-text-align-center has-medium-font-size\">V\u011bt\u0161\u00ed s\u00edla p\u0159i zved\u00e1n\u00ed<\/p>\n<\/div>\n<\/div>\n<\/div>\n\n\n\n<div class=\"wp-block-buttons is-content-justification-center is-layout-flex wp-container-core-buttons-is-layout-a89b3969 wp-block-buttons-is-layout-flex\">\n<div class=\"wp-block-button\"><a class=\"wp-block-button__link has-text-align-center wp-element-button\" href=\"https:\/\/epar-service.com\/cs\/rueckerstattung_rueckgaben\/\">Kontakt DEMO<\/a><\/div>\n<\/div>\n\n\n\n<div class=\"wp-block-group alignfull has-white-color has-pale-cyan-blue-background-color has-text-color has-background has-global-padding is-layout-constrained wp-container-core-group-is-layout-2b508e44 wp-block-group-is-layout-constrained\" style=\"margin-top:0px;padding-top:4vw;padding-right:4vw;padding-bottom:4vw;padding-left:4vw\">\n<h3 class=\"wp-block-heading has-text-align-center\">Na konci je MATE<\/h3>\n\n\n\n<p>MATE je zkratka pro Muscular Aiding Tech Exoskeleton.<\/p>\n\n\n\n<p>Jedn\u00e1 se o pasivn\u00ed, odpru\u017een\u00fd exoskeletov\u00fd oblek (tj. bez motorizovan\u00fdch kloub\u016f nebo bateri\u00ed), kter\u00fd poskytuje pracovn\u00edk\u016fm antigravita\u010dn\u00ed podporu p\u0159i oh\u00fdb\u00e1n\u00ed a natahov\u00e1n\u00ed ramen. MATE je vhodn\u00fd zejm\u00e9na pro pr\u00e1ci nad hlavou.<\/p>\n\n\n\n<div class=\"wp-block-buttons is-content-justification-center is-layout-flex wp-container-core-buttons-is-layout-766bf85b wp-block-buttons-is-layout-flex\">\n<div class=\"wp-block-button is-style-outline is-style-outline--2\"><a class=\"wp-block-button__link has-white-color has-text-color wp-element-button\" href=\"https:\/\/epar-service.com\/cs\/rueckerstattung_rueckgaben\/\">Kontaktujte n\u00e1s<\/a><\/div>\n<\/div>\n<\/div>","protected":false},"excerpt":{"rendered":"<p>MATE-XT fit f\u00fcr Arbeitnehmer Wo funktioniert es? Wo Sie arbeiten MATE-XT ist ein mechanisch angetriebenes Exoskelett (keine Batterien, keine Motoren) zur Entlastung der Muskulatur im Schulterbereich von Arbeitnehmern, die mit hochgehobenem(n) Arm(en) arbeiten, durch physiologische Unterst\u00fctzung bei repetitiven und statischen Aufgaben. 2,1 Kg Gewicht 30% R\u00fccken Entlastung 50% Muskelerm\u00fcdung reduziert 25% Mehr Kraft beim Heben [&hellip;]<\/p>\n","protected":false},"author":1,"featured_media":0,"parent":0,"menu_order":0,"comment_status":"closed","ping_status":"closed","template":"","meta":{"om_disable_all_campaigns":false,"_monsterinsights_skip_tracking":false,"_monsterinsights_sitenote_active":false,"_monsterinsights_sitenote_note":"","_monsterinsights_sitenote_category":0,"footnotes":""},"class_list":["post-216","page","type-page","status-publish","hentry"],"aioseo_notices":[],"_links":{"self":[{"href":"https:\/\/epar-service.com\/cs\/wp-json\/wp\/v2\/pages\/216","targetHints":{"allow":["GET"]}}],"collection":[{"href":"https:\/\/epar-service.com\/cs\/wp-json\/wp\/v2\/pages"}],"about":[{"href":"https:\/\/epar-service.com\/cs\/wp-json\/wp\/v2\/types\/page"}],"author":[{"embeddable":true,"href":"https:\/\/epar-service.com\/cs\/wp-json\/wp\/v2\/users\/1"}],"replies":[{"embeddable":true,"href":"https:\/\/epar-service.com\/cs\/wp-json\/wp\/v2\/comments?post=216"}],"version-history":[{"count":8,"href":"https:\/\/epar-service.com\/cs\/wp-json\/wp\/v2\/pages\/216\/revisions"}],"predecessor-version":[{"id":340,"href":"https:\/\/epar-service.com\/cs\/wp-json\/wp\/v2\/pages\/216\/revisions\/340"}],"wp:attachment":[{"href":"https:\/\/epar-service.com\/cs\/wp-json\/wp\/v2\/media?parent=216"}],"curies":[{"name":"wp","href":"https:\/\/api.w.org\/{rel}","templated":true}]}}