{"id":213,"date":"2025-01-01T17:59:03","date_gmt":"2025-01-01T17:59:03","guid":{"rendered":"https:\/\/epar-service.com\/?page_id=213"},"modified":"2025-07-21T21:02:00","modified_gmt":"2025-07-21T21:02:00","slug":"kamarad-xb","status":"publish","type":"page","link":"https:\/\/epar-service.com\/cs\/kamarad-xb\/","title":{"rendered":"MATE - XB"},"content":{"rendered":"<div class=\"wp-block-group alignfull has-white-color has-pale-cyan-blue-background-color has-text-color has-background has-global-padding is-layout-constrained wp-container-core-group-is-layout-6493990a wp-block-group-is-layout-constrained\" style=\"padding-top:0vw;padding-right:0vw;padding-bottom:0vw;padding-left:0vw\">\n<h1 class=\"wp-block-heading has-text-align-center\">Exoskeleton s technologi\u00ed podporuj\u00edc\u00ed svaly<\/h1>\n\n\n\n<p class=\"has-text-align-center\">MATE-XB je nepoh\u00e1n\u011bn\u00fd exoskelet navr\u017een\u00fd pro sn\u00ed\u017een\u00ed \u00fanavy v bedern\u00ed oblasti u pracovn\u00edk\u016f, kte\u0159\u00ed p\u0159en\u00e1\u0161ej\u00ed z\u00e1va\u017e\u00ed. Podporuje u\u017eivatele p\u0159i pr\u00e1ci v r\u016fzn\u00fdch statick\u00fdch poloh\u00e1ch nebo p\u0159i opakovan\u00e9m zved\u00e1n\u00ed b\u0159emen.<\/p>\n\n\n\n<h2 class=\"wp-block-heading\" id=\"gf849df257f1a\">Nositeln\u00fd robotick\u00fd exoskelet bez bateri\u00ed<\/h2>\n\n\n\n<p>Zjist\u011bte, jak se nositeln\u00fd exoskelet bez pohonu od spole\u010dnosti Comau -&nbsp;<strong>MATE-XB<\/strong>&nbsp;- ukl\u00e1d\u00e1 lidskou energii do pramene a pom\u00e1h\u00e1 tak pracovn\u00edk\u016fm,<br>zvedat t\u011b\u017ek\u00e9 p\u0159edm\u011bty a objemn\u00e1 b\u0159emena s men\u0161\u00ed fyzickou n\u00e1mahou a<br>\u00fanava.<\/p>\n\n\n\n<div class=\"wp-block-buttons is-content-justification-center is-layout-flex wp-container-core-buttons-is-layout-a89b3969 wp-block-buttons-is-layout-flex\">\n<div class=\"wp-block-button is-style-outline is-style-outline--1\"><a class=\"wp-block-button__link has-white-color has-text-color wp-element-button\" href=\"https:\/\/epar-service.com\/cs\/rueckerstattung_rueckgaben\/\">Kontaktujte n\u00e1s<\/a><\/div>\n<\/div>\n<\/div>\n\n\n\n<div class=\"wp-block-group alignfull has-white-background-color has-background has-global-padding is-layout-constrained wp-container-core-group-is-layout-a4e63d72 wp-block-group-is-layout-constrained\" style=\"margin-top:0px;padding-top:4vw;padding-right:4vw;padding-bottom:4vw;padding-left:4vw\">\n<div class=\"wp-block-columns alignwide is-layout-flex wp-container-core-columns-is-layout-828b44bc wp-block-columns-is-layout-flex\">\n<div class=\"wp-block-column is-layout-flow wp-block-column-is-layout-flow\">\n<figure class=\"wp-block-image size-large is-style-default\"><img decoding=\"async\" src=\"https:\/\/www.comau.com\/wp-content\/webp-express\/webp-images\/uploads\/2023\/06\/uomo-a-sx.png.webp\" alt=\"MATE - XB\"\/><\/figure>\n\n\n\n<p>Mechanicko-kinematick\u00fd \u0159et\u011bzec<br>Konstrukce usnad\u0148uj\u00edc\u00ed voln\u00fd pohyb u\u017eivatele.<br>Za\u0159\u00edzen\u00ed umo\u017e\u0148uje u\u017eivateli voln\u011b pohybovat zavazadlov\u00fdm prostorem.<br>Pasivn\u00ed kinematick\u00fd \u0159et\u011bz je navr\u017een tak, aby byl kompaktn\u00ed kolem lidsk\u00e9ho t\u011bla.<br>Pasivn\u00ed kinematick\u00fd \u0159et\u011bzec je navr\u017een tak, aby zohled\u0148oval kinematickou kompatibilitu mezi \u010dlov\u011bkem a exoskeletem.<\/p>\n<\/div>\n\n\n\n<div class=\"wp-block-column is-layout-flow wp-block-column-is-layout-flow\">\n<figure class=\"wp-block-image size-large is-style-default\"><img decoding=\"async\" src=\"https:\/\/www.comau.com\/wp-content\/webp-express\/webp-images\/uploads\/2023\/06\/Comau_MATE-XT_Exoskeleton_Lumbar_Support-1.png.webp\" alt=\"MATE - XB\"\/><\/figure>\n\n\n\n<p><strong>Rozhran\u00ed pro od\u011bvy<\/strong><br>V\u0161echny \u010d\u00e1sti jsou v p\u0159\u00edm\u00e9m kontaktu s t\u011blem u\u017eivatele.<br>Prody\u0161n\u00e9 a biokompatibiln\u00ed materi\u00e1ly<br>\u0160irok\u00e1 kontaktn\u00ed plocha pro rozlo\u017een\u00ed reak\u010dn\u00edch sil bez vytv\u00e1\u0159en\u00ed silov\u00fdch bod\u016f.<\/p>\n<\/div>\n\n\n\n<div class=\"wp-block-column is-layout-flow wp-block-column-is-layout-flow\">\n<figure class=\"wp-block-image size-large is-style-default\"><img decoding=\"async\" src=\"https:\/\/www.comau.com\/wp-content\/webp-express\/webp-images\/uploads\/2023\/06\/Comau_MATE-XT_Exoskeleton_Back_Body-2.png.webp\" alt=\"MATE - XB\"\/><\/figure>\n\n\n\n<p><strong>Sk\u0159\u00ed\u0148ka pro generov\u00e1n\u00ed to\u010div\u00e9ho momentu (TGB)<\/strong><br>Mechanismus j\u00e1dra, kter\u00fd uchov\u00e1v\u00e1 a p\u0159em\u011b\u0148uje potenci\u00e1ln\u00ed mechanickou energii a vytv\u00e1\u0159\u00ed nastaviteln\u00fd op\u011brn\u00fd moment.<br>Podpora je \u00fam\u011brn\u00e1 to\u010div\u00e9mu momentu generovan\u00e9mu horn\u00ed \u010d\u00e1st\u00ed t\u011bla, jemn\u00e1 podpora a\u017e do 25 kg.<br>Mo\u017enost nastaven\u00ed v\u00fd\u0161ky podp\u011bry v 5 \u00farovn\u00edch<br>\u017d\u00e1dn\u00e1 p\u0159ek\u00e1\u017eka p\u0159i ch\u016fzi.<\/p>\n<\/div>\n<\/div>\n<\/div>\n\n\n\n<div class=\"wp-block-group alignfull has-white-color has-pale-cyan-blue-background-color has-text-color has-background has-global-padding is-layout-constrained wp-container-core-group-is-layout-5789501e wp-block-group-is-layout-constrained\" style=\"margin-top:0px;padding-top:4vw;padding-right:4vw;padding-bottom:4vw;padding-left:4vw\">\n<div class=\"wp-block-columns is-layout-flex wp-container-core-columns-is-layout-403af8ad wp-block-columns-is-layout-flex\">\n<div class=\"wp-block-column is-layout-flow wp-block-column-is-layout-flow\">\n<p class=\"has-text-align-center\" style=\"font-size:clamp(35.2px, 2.2rem + ((1vw - 3.2px) * 2.824), 64px);line-height:1\"><strong>2,4 kg<\/strong><\/p>\n\n\n\n<p class=\"has-text-align-center has-medium-font-size\">Hmotnost<\/p>\n<\/div>\n\n\n\n<div class=\"wp-block-column is-layout-flow wp-block-column-is-layout-flow\">\n<p class=\"has-text-align-center\" style=\"font-size:clamp(35.2px, 2.2rem + ((1vw - 3.2px) * 2.824), 64px);line-height:1\"><strong>62%<\/strong><\/p>\n\n\n\n<p class=\"has-text-align-center has-medium-font-size\">\u00daleva pro z\u00e1da<\/p>\n<\/div>\n\n\n\n<div class=\"wp-block-column is-layout-flow wp-block-column-is-layout-flow\">\n<p class=\"has-text-align-center\" style=\"font-size:clamp(35.2px, 2.2rem + ((1vw - 3.2px) * 2.824), 64px);line-height:1\"><strong>84%<\/strong><\/p>\n\n\n\n<p class=\"has-text-align-center has-medium-font-size\">Sn\u00ed\u017een\u00ed svalov\u00e9 \u00fanavy<\/p>\n<\/div>\n\n\n\n<div class=\"wp-block-column is-layout-flow wp-block-column-is-layout-flow\">\n<p class=\"has-text-align-center\" style=\"font-size:clamp(35.2px, 2.2rem + ((1vw - 3.2px) * 2.824), 64px);line-height:1\"><strong>25%<\/strong><\/p>\n\n\n\n<p class=\"has-text-align-center has-medium-font-size\">V\u011bt\u0161\u00ed s\u00edla p\u0159i zved\u00e1n\u00ed<\/p>\n<\/div>\n<\/div>\n<\/div>\n\n\n\n<h3 class=\"wp-block-heading\">CO JE MATE-XB?<\/h3>\n\n\n\n<p>MATE-XB je nepoh\u00e1n\u011bn\u00fd exoskelet pro odleh\u010den\u00ed sval\u016f v oblasti bedern\u00ed p\u00e1te\u0159e pro pracovn\u00edky, kte\u0159\u00ed mus\u00ed p\u0159en\u00e1\u0161et z\u00e1va\u017e\u00ed. Podporuje u\u017eivatele p\u0159i pr\u00e1ci v r\u016fzn\u00fdch poloh\u00e1ch, nap\u0159. p\u0159i oh\u00fdb\u00e1n\u00ed nohou (d\u0159ep), oh\u00fdb\u00e1n\u00ed dop\u0159edu nebo opakovan\u00e9m zved\u00e1n\u00ed b\u0159emen. Za\u0159\u00edzen\u00ed bylo vyvinuto s c\u00edlem sn\u00ed\u017eit z\u00e1t\u011b\u017e zad p\u0159i t\u011bchto \u010dinnostech a zlep\u0161it kvalitu pr\u00e1ce u\u017eivatele.<\/p>\n\n\n\n<h3 class=\"wp-block-heading\">MATE-XB V\u00c1M NAB\u00cdZ\u00cd P\u0158ESN\u011a TU SPR\u00c1VNOU PODPORU<\/h3>\n\n\n\n<figure class=\"wp-block-image\"><img decoding=\"async\" src=\"https:\/\/www.comau.com\/wp-content\/uploads\/2023\/06\/Comau_MATE-XT_Exoskeleton_Lumbar_Support-2.png\" alt=\"MATE - XB\" class=\"wp-image-54474\"\/><\/figure>\n\n\n\n<p>Podpora poskytovan\u00e1 exoskeletem MATE-XB napodobuje \u00fa\u010dinek oh\u00fdb\u00e1n\u00ed trupu na doln\u00ed \u010d\u00e1st zad.<\/p>\n\n\n\n<p>MATE-XB SE POHYBUJE V SOULADU S VA\u0160\u00cdM T\u011aLEM<\/p>\n\n\n\n<figure class=\"wp-block-image\"><img decoding=\"async\" src=\"https:\/\/www.comau.com\/wp-content\/uploads\/2023\/06\/Comau_MATE-XT_Exoskeleton_Back_Body-2.png\" alt=\"MATE - XB\" class=\"wp-image-54480\"\/><\/figure>\n\n\n\n<p>D\u00edky \u0159et\u011bzci pasivn\u00edch stup\u0148\u016f volnosti umo\u017e\u0148uje exoskelet u\u017eivateli plnou volnost pohybu.<\/p>\n\n\n\n<h2 class=\"wp-block-heading\">MATE-XB se p\u0159izp\u016fsob\u00ed va\u0161emu t\u011blu a umo\u017en\u00ed v\u00e1m voln\u00fd pohyb.<\/h2>\n\n\n\n<figure class=\"wp-block-image\"><img decoding=\"async\" src=\"https:\/\/www.comau.com\/wp-content\/uploads\/2023\/06\/Comau_MATE-XT_Exoskeleton_Lumbar_Support-1.png\" alt=\"MATE - XB\" class=\"wp-image-54468\"\/><\/figure>\n\n\n\n<p><strong _msttexthash=\"1478854\" _msthash=\"5\">MATE-XB funguje, kdy, kde a jak to d\u011bl\u00e1te.<\/strong><\/p>\n\n\n\n<p>Podpora poskytovan\u00e1 exoskeletem MATE-XB napodobuje \u00fa\u010dinek oh\u00fdb\u00e1n\u00ed trupu na doln\u00ed \u010d\u00e1st zad.<\/p>\n\n\n\n<h3 class=\"wp-block-heading\">MATE-XB SE POHYBUJE V SOULADU S VA\u0160\u00cdM T\u011aLEM<\/h3>\n\n\n\n<p>D\u00edky \u0159et\u011bzci pasivn\u00edch stup\u0148\u016f volnosti umo\u017e\u0148uje exoskelet u\u017eivateli plnou volnost pohybu.<\/p>\n\n\n\n<p><strong>ZP\u016eSOB, JAK\u00ddM TO D\u011aL\u00c1TE MATE-XB FIT VA\u0160E T\u011aLO<\/strong><\/p>\n\n\n\n<h3 class=\"wp-block-heading\">SVOBODA POHYBU<\/h3>\n\n\n\n<h2 class=\"wp-block-heading\">EXTR\u00c9MN\u011a ERGONOMICK\u00c9, V\u0160UDE<\/h2>\n\n\n\n<div class=\"wp-block-buttons is-content-justification-center is-layout-flex wp-container-core-buttons-is-layout-a89b3969 wp-block-buttons-is-layout-flex\">\n<div class=\"wp-block-button\"><a class=\"wp-block-button__link has-text-align-center wp-element-button\" href=\"https:\/\/epar-service.com\/cs\/rueckerstattung_rueckgaben\/\">Kontakt DEMO<\/a><\/div>\n<\/div>\n\n\n\n<div class=\"wp-block-group alignfull has-white-color has-pale-cyan-blue-background-color has-text-color has-background has-global-padding is-layout-constrained wp-container-core-group-is-layout-2b508e44 wp-block-group-is-layout-constrained\" style=\"margin-top:0px;padding-top:4vw;padding-right:4vw;padding-bottom:4vw;padding-left:4vw\">\n<h3 class=\"wp-block-heading has-text-align-center\">Na konci je MATE<\/h3>\n\n\n\n<p>MATE je zkratka pro Muscular Aiding Tech Exoskeleton.<\/p>\n\n\n\n<p>Jedn\u00e1 se o pasivn\u00ed, odpru\u017een\u00fd exoskeletov\u00fd oblek (tj. bez motorizovan\u00fdch kloub\u016f nebo bateri\u00ed), kter\u00fd poskytuje pracovn\u00edk\u016fm antigravita\u010dn\u00ed podporu p\u0159i oh\u00fdb\u00e1n\u00ed a natahov\u00e1n\u00ed ramen. MATE je vhodn\u00fd zejm\u00e9na pro pr\u00e1ci nad hlavou.<\/p>\n\n\n\n<div class=\"wp-block-buttons is-content-justification-center is-layout-flex wp-container-core-buttons-is-layout-766bf85b wp-block-buttons-is-layout-flex\">\n<div class=\"wp-block-button is-style-outline is-style-outline--2\"><a class=\"wp-block-button__link has-white-color has-text-color wp-element-button\" href=\"https:\/\/epar-service.com\/cs\/rueckerstattung_rueckgaben\/\">Kontaktujte n\u00e1s<\/a><\/div>\n<\/div>\n<\/div>","protected":false},"excerpt":{"rendered":"<p>Muskelunterst\u00fctzende Technologie Exoskelett MATE-XB ist ein nicht angetriebenes Exoskelett zur Verringerung der Erm\u00fcdung im Lendenwirbelbereich f\u00fcr Arbeiter, die Gewichte bewegen. Es unterst\u00fctzt den Benutzer bei der Arbeit in verschiedenen statischen Positionen oder beim wiederholten Heben von Lasten. Batterieloses, tragbares Roboter-Exoskelett Erfahren Sie, wie das nicht angetriebene tragbare Exoskelett von Comau \u2013&nbsp;MATE-XB&nbsp;\u2013 menschliche Energie in einer [&hellip;]<\/p>\n","protected":false},"author":1,"featured_media":0,"parent":0,"menu_order":0,"comment_status":"closed","ping_status":"closed","template":"","meta":{"om_disable_all_campaigns":false,"_monsterinsights_skip_tracking":false,"_monsterinsights_sitenote_active":false,"_monsterinsights_sitenote_note":"","_monsterinsights_sitenote_category":0,"footnotes":""},"class_list":["post-213","page","type-page","status-publish","hentry"],"aioseo_notices":[],"_links":{"self":[{"href":"https:\/\/epar-service.com\/cs\/wp-json\/wp\/v2\/pages\/213","targetHints":{"allow":["GET"]}}],"collection":[{"href":"https:\/\/epar-service.com\/cs\/wp-json\/wp\/v2\/pages"}],"about":[{"href":"https:\/\/epar-service.com\/cs\/wp-json\/wp\/v2\/types\/page"}],"author":[{"embeddable":true,"href":"https:\/\/epar-service.com\/cs\/wp-json\/wp\/v2\/users\/1"}],"replies":[{"embeddable":true,"href":"https:\/\/epar-service.com\/cs\/wp-json\/wp\/v2\/comments?post=213"}],"version-history":[{"count":14,"href":"https:\/\/epar-service.com\/cs\/wp-json\/wp\/v2\/pages\/213\/revisions"}],"predecessor-version":[{"id":352,"href":"https:\/\/epar-service.com\/cs\/wp-json\/wp\/v2\/pages\/213\/revisions\/352"}],"wp:attachment":[{"href":"https:\/\/epar-service.com\/cs\/wp-json\/wp\/v2\/media?parent=213"}],"curies":[{"name":"wp","href":"https:\/\/api.w.org\/{rel}","templated":true}]}}