{"id":207,"date":"2024-12-31T15:27:18","date_gmt":"2024-12-31T15:27:18","guid":{"rendered":"https:\/\/epar-service.com\/?page_id=207"},"modified":"2025-08-23T16:07:26","modified_gmt":"2025-08-23T16:07:26","slug":"agadexo-rameno","status":"publish","type":"page","link":"https:\/\/epar-service.com\/cs\/agadexo-rameno\/","title":{"rendered":"AGADEXO rameno"},"content":{"rendered":"<div class=\"wp-block-group alignfull has-white-color has-pale-cyan-blue-background-color has-text-color has-background has-global-padding is-layout-constrained wp-container-core-group-is-layout-6493990a wp-block-group-is-layout-constrained\" style=\"padding-top:0vw;padding-right:0vw;padding-bottom:0vw;padding-left:0vw\">\n<h1 class=\"wp-block-heading has-text-align-center\">Prvn\u00ed inteligentn\u00ed pr\u016fmyslov\u00fd exoskelet, <\/h1>\n\n\n\n<p class=\"has-text-align-center has-medium-font-size\">je navr\u017een tak, aby sni\u017eoval riziko pot\u00ed\u017e\u00ed ramenn\u00edch sval\u016f p\u0159i ru\u010dn\u00ed manipulaci s materi\u00e1lem.<\/p>\n\n\n\n<div class=\"wp-block-buttons is-content-justification-center is-layout-flex wp-container-core-buttons-is-layout-a89b3969 wp-block-buttons-is-layout-flex\">\n<div class=\"wp-block-button is-style-outline is-style-outline--1\"><a class=\"wp-block-button__link has-white-color has-text-color wp-element-button\" href=\"https:\/\/epar-service.com\/cs\/rueckerstattung_rueckgaben\/\">Kontaktujte n\u00e1s<\/a><\/div>\n<\/div>\n<\/div>\n\n\n\n<div class=\"wp-block-group alignfull has-white-background-color has-background has-global-padding is-layout-constrained wp-container-core-group-is-layout-a4e63d72 wp-block-group-is-layout-constrained\" style=\"margin-top:0px;padding-top:4vw;padding-right:4vw;padding-bottom:4vw;padding-left:4vw\">\n<div class=\"wp-block-columns alignwide is-layout-flex wp-container-core-columns-is-layout-828b44bc wp-block-columns-is-layout-flex\">\n<div class=\"wp-block-column is-layout-flow wp-block-column-is-layout-flow\">\n<div class=\"wp-block-buttons is-layout-flex wp-block-buttons-is-layout-flex\">\n<div class=\"wp-block-button\"><a class=\"wp-block-button__link wp-element-button\">Ergonomick\u00fd a robustn\u00ed design<\/a><\/div>\n<\/div>\n<\/div>\n\n\n\n<div class=\"wp-block-column is-layout-flow wp-block-column-is-layout-flow\">\n<div class=\"wp-block-buttons is-layout-flex wp-block-buttons-is-layout-flex\">\n<div class=\"wp-block-button\"><a class=\"wp-block-button__link wp-element-button\">\u00da\u010dinn\u00e1 hybridn\u00ed technologie<\/a><\/div>\n<\/div>\n<\/div>\n\n\n\n<div class=\"wp-block-column is-layout-flow wp-block-column-is-layout-flow\">\n<div class=\"wp-block-buttons is-layout-flex wp-block-buttons-is-layout-flex\">\n<div class=\"wp-block-button\"><a class=\"wp-block-button__link wp-element-button\">Intuitivn\u00ed a rychl\u00e9 ovl\u00e1d\u00e1n\u00ed<\/a><\/div>\n<\/div>\n<\/div>\n<\/div>\n\n\n\n<h1 class=\"wp-block-heading\">Nositeln\u00e1 robotika ve slu\u017eb\u00e1ch zam\u011bstnanc\u016f<\/h1>\n\n\n\n<p><strong>Sn\u00ed\u017een\u00ed stresu<\/strong><\/p>\n\n\n\n<p>Zlep\u0161uje fyzickou v\u00fdkonnost t\u00edm, \u017ee sni\u017euje stres a riziko bolesti sval\u016f zp\u016fsoben\u00e9 nam\u00e1havou manu\u00e1ln\u00ed sb\u011bra\u010dskou \u010dinnost\u00ed.<\/p>\n\n\n\n<p><strong>Vylep\u0161en\u00fd v\u00fdkon<\/strong><\/p>\n\n\n\n<p>Je navr\u017een tak, aby podporoval u\u017eivatele, ani\u017e by jim br\u00e1nil v pracovn\u00edch \u010dinnostech, a zlep\u0161oval tak jejich pohodu i produktivitu.<\/p>\n\n\n\n<p><strong>Flexibiln\u00ed realizace<\/strong><\/p>\n\n\n\n<p>Vhodn\u00e9 pro r\u016fzn\u00e9 sc\u00e9n\u00e1\u0159e pou\u017eit\u00ed s jednoduchou spr\u00e1vou ve v\u00edce pracovn\u00edch sm\u011bn\u00e1ch.<\/p>\n\n\n\n<p><strong>Rychl\u00e9 nastaven\u00ed<\/strong><\/p>\n\n\n\n<p>Rychl\u00e9 sezn\u00e1men\u00ed u\u017eivatel\u016f bez nutnosti \u00faprav v\u00fdrobn\u00edch pracovi\u0161\u0165.<\/p>\n\n\n\n<figure class=\"wp-block-video\"><video autoplay loop muted preload=\"auto\" src=\"https:\/\/agade-exoskeletons.com\/wp-content\/uploads\/2023\/11\/agade.v3.mp4\" playsinline><\/video><\/figure>\n\n\n\n<h2 class=\"wp-block-heading\">Ide\u00e1ln\u00ed exoskelet pro ru\u010dn\u00ed manipulaci s materi\u00e1lem<\/h2>\n\n\n\n<figure class=\"wp-block-image\"><img decoding=\"async\" src=\"https:\/\/agade-exoskeletons.com\/wp-content\/uploads\/2023\/10\/acade-immagine-logo.svg\" alt=\"AGADEXO rameno\"\/><\/figure>\n\n\n\n<p>Prvn\u00ed exoskelet zalo\u017een\u00fd na poloaktivn\u00ed technologii s integrovanou um\u011blou inteligenc\u00ed, kter\u00fd dok\u00e1\u017ee automaticky rozpoznat a podpo\u0159it \u010dinnosti p\u0159i sb\u011bru.<\/p>\n\n\n\n<figure class=\"wp-block-image\"><img decoding=\"async\" src=\"https:\/\/agade-exoskeletons.com\/wp-content\/uploads\/2023\/11\/assistenza-digirale-icon.svg\" alt=\"AGADEXO rameno\"\/><\/figure>\n\n\n\n<h2 class=\"wp-block-heading\">Inteligentn\u00ed podpora<\/h2>\n\n\n\n<p>Senzory \u0159\u00edzen\u00e9 n\u00e1ramky s algoritmy um\u011bl\u00e9 inteligence umo\u017e\u0148uj\u00ed, aby se rameno Agadexo automaticky aktivovalo pouze tehdy, kdy\u017e u\u017eivatel zved\u00e1\/spou\u0161t\u00ed u\u017eite\u010dn\u00e9 zat\u00ed\u017een\u00ed, a v p\u0159\u00edpad\u011b pot\u0159eby poskytlo pomoc.<\/p>\n\n\n\n<figure class=\"wp-block-image\"><img decoding=\"async\" src=\"https:\/\/agade-exoskeletons.com\/wp-content\/uploads\/2023\/11\/Agade-prodotto.jpg\" alt=\"AGADEXO rameno\"\/><\/figure>\n\n\n\n<figure class=\"wp-block-image\"><img decoding=\"async\" src=\"https:\/\/agade-exoskeletons.com\/wp-content\/uploads\/2023\/11\/tecnologia-ibrida-icon.svg\" alt=\"AGADEXO rameno\"\/><\/figure>\n\n\n\n<h2 class=\"wp-block-heading\">\u00da\u010dinn\u00e1 hybridn\u00ed technologie<\/h2>\n\n\n\n<p>Poloaktivn\u00ed aktu\u00e1tory se skl\u00e1daj\u00ed z pru\u017en\u00e9ho mechanismu spojen\u00e9ho s elektromotorem a jsou navr\u017eeny tak, aby minimalizovaly spot\u0159ebu energie, sn\u00ed\u017eily hmotnost motor\u016f a bateri\u00ed a zv\u00fd\u0161ily u\u017eivatelsk\u00fd komfort.<\/p>\n\n\n\n<figure class=\"wp-block-image\"><img decoding=\"async\" src=\"https:\/\/agade-exoskeletons.com\/wp-content\/uploads\/2023\/11\/Agade-13-esoscheletro.jpg\" alt=\"AGADEXO rameno\"\/><\/figure>\n\n\n\n<figure class=\"wp-block-image\"><img decoding=\"async\" src=\"https:\/\/agade-exoskeletons.com\/wp-content\/uploads\/2023\/11\/comando-icon.svg\" alt=\"AGADEXO rameno\"\/><\/figure>\n\n\n\n<h2 class=\"wp-block-heading\">Intuitivn\u00ed a rychl\u00e9 ovl\u00e1d\u00e1n\u00ed<\/h2>\n\n\n\n<p>U\u017eivatelsky p\u0159\u00edv\u011btiv\u00e9 p\u0159\u00edkazov\u00e9 rozhran\u00ed zaji\u0161\u0165uje maxim\u00e1ln\u00ed pohodl\u00ed p\u0159i spr\u00e1v\u011b a ovl\u00e1d\u00e1n\u00ed za\u0159\u00edzen\u00ed.<\/p>\n\n\n\n<figure class=\"wp-block-image\"><img decoding=\"async\" src=\"https:\/\/agade-exoskeletons.com\/wp-content\/uploads\/2023\/11\/Agade-08-esoscheletro-1.jpg\" alt=\"AGADEXO rameno\"\/><\/figure>\n\n\n\n<figure class=\"wp-block-image\"><img decoding=\"async\" src=\"https:\/\/agade-exoskeletons.com\/wp-content\/uploads\/2023\/11\/design-icon.svg\" alt=\"AGADEXO rameno\"\/><\/figure>\n\n\n\n<h2 class=\"wp-block-heading\">Ergonomick\u00fd a robustn\u00ed design<\/h2>\n\n\n\n<p>Mechanick\u00e1 konstrukce z uhl\u00edkov\u00fdch vl\u00e1ken je navr\u017eena tak, aby zaji\u0161\u0165ovala maxim\u00e1ln\u00ed volnost pohybu, lehkost a odolnost.<\/p>\n\n\n\n<figure class=\"wp-block-image\"><img decoding=\"async\" src=\"https:\/\/agade-exoskeletons.com\/wp-content\/uploads\/2023\/11\/Agade-09-esoscheletro-1.jpg\" alt=\"AGADEXO rameno\"\/><\/figure>\n\n\n\n<figure class=\"wp-block-image\"><img decoding=\"async\" src=\"https:\/\/agade-exoskeletons.com\/wp-content\/uploads\/2023\/11\/Agade-17-esoscheletro-1-638x1024.png\" alt=\"AGADEXO rameno\" title=\"Agade-17-esoscheletro\"\/><\/figure>\n\n\n\n<p><a href=\"https:\/\/agade-exoskeletons.com\/wp-content\/uploads\/2023\/11\/Agade-17-esoscheletro-1.png\"><\/a><\/p>\n\n\n\n<figure class=\"wp-block-image\"><img decoding=\"async\" src=\"https:\/\/agade-exoskeletons.com\/wp-content\/uploads\/2023\/11\/Agade-16-esoscheletro-1.png\" alt=\"AGADEXO rameno\" title=\"Agade-16-esoscheletro\"\/><\/figure>\n\n\n\n<p><a href=\"https:\/\/agade-exoskeletons.com\/wp-content\/uploads\/2023\/11\/Agade-16-esoscheletro-1.png\"><\/a><\/p>\n\n\n\n<figure class=\"wp-block-image\"><img decoding=\"async\" src=\"https:\/\/agade-exoskeletons.com\/wp-content\/uploads\/2023\/11\/Agade-1-esoscheletro-1-750x1024.png\" alt=\"AGADEXO rameno\" title=\"Agade-1-esoscheletro\"\/><\/figure>\n\n\n\n<p><a href=\"https:\/\/agade-exoskeletons.com\/wp-content\/uploads\/2023\/11\/Agade-1-esoscheletro-1.png\"><\/a><\/p>\n\n\n\n<figure class=\"wp-block-image\"><img decoding=\"async\" src=\"https:\/\/agade-exoskeletons.com\/wp-content\/uploads\/2023\/11\/Agade-18-esoscheletro-1.png\" alt=\"AGADEXO rameno\" title=\"Agade-18-esoscheletro\"\/><\/figure>\n\n\n\n<p><a href=\"https:\/\/agade-exoskeletons.com\/wp-content\/uploads\/2023\/11\/Agade-18-esoscheletro-1.png\"><\/a><\/p>\n\n\n\n<figure class=\"wp-block-image\"><img decoding=\"async\" src=\"https:\/\/agade-exoskeletons.com\/wp-content\/uploads\/2023\/11\/Agade-05-esoscheletro-1.png\" alt=\"AGADEXO rameno\" title=\"Agade-05-esoscheletro\"\/><\/figure>\n\n\n\n<p><a href=\"https:\/\/agade-exoskeletons.com\/wp-content\/uploads\/2023\/11\/Agade-05-esoscheletro-1.png\"><\/a><\/p>\n\n\n\n<figure class=\"wp-block-image\"><img decoding=\"async\" src=\"https:\/\/agade-exoskeletons.com\/wp-content\/uploads\/2023\/11\/Agade-10-esoscheletro-1-804x1024.png\" alt=\"AGADEXO rameno\" title=\"Agade-10-esoscheletro\"\/><\/figure>\n\n\n\n<p><a href=\"https:\/\/agade-exoskeletons.com\/wp-content\/uploads\/2023\/11\/Agade-10-esoscheletro-1.png\"><\/a><\/p>\n\n\n\n<figure class=\"wp-block-image\"><img decoding=\"async\" src=\"https:\/\/agade-exoskeletons.com\/wp-content\/uploads\/2023\/11\/Agade-11-esoscheletro-1-837x1024.png\" alt=\"AGADEXO rameno\" title=\"Agade-11-esoscheletro\"\/><\/figure>\n\n\n\n<p><a href=\"https:\/\/agade-exoskeletons.com\/wp-content\/uploads\/2023\/11\/Agade-11-esoscheletro-1.png\"><\/a><\/p>\n\n\n\n<figure class=\"wp-block-image\"><img decoding=\"async\" src=\"https:\/\/agade-exoskeletons.com\/wp-content\/uploads\/2023\/11\/Agade-12-esoscheletro-1.png\" alt=\"AGADEXO rameno\" title=\"Agade-12-esoscheletro\"\/><\/figure>\n\n\n\n<p><a href=\"https:\/\/agade-exoskeletons.com\/wp-content\/uploads\/2023\/11\/Agade-12-esoscheletro-1.png\"><\/a><\/p>\n\n\n\n<h3 class=\"wp-block-heading\">Sn\u00ed\u017een\u00ed svalov\u00e9 z\u00e1t\u011b\u017ee na \u00farovni ramene a\u017e o 40 % - Zjist\u011bte v\u00edce o v\u011bdeck\u00e9 studii<\/h3>\n<\/div>\n\n\n\n<div class=\"wp-block-buttons is-content-justification-center is-layout-flex wp-container-core-buttons-is-layout-a89b3969 wp-block-buttons-is-layout-flex\">\n<div class=\"wp-block-button\"><a class=\"wp-block-button__link wp-element-button\" href=\"https:\/\/epar-service.com\/cs\/rueckerstattung_rueckgaben\/\">Kontakt DEMO<\/a><\/div>\n<\/div>\n\n\n\n<div class=\"wp-block-group alignfull has-white-color has-pale-cyan-blue-background-color has-text-color has-background has-global-padding is-layout-constrained wp-container-core-group-is-layout-2b508e44 wp-block-group-is-layout-constrained\" style=\"margin-top:0px;padding-top:4vw;padding-right:4vw;padding-bottom:4vw;padding-left:4vw\">\n<h3 class=\"wp-block-heading has-text-align-center\">Nakonec je v\u0161echno jednodu\u0161\u0161\u00ed<\/h3>\n\n\n\n<h4 class=\"wp-block-heading\"><strong>N\u00e1\u0161 ramenn\u00ed exoskelet p\u0159esv\u011bd\u010d\u00ed sv\u00fdm v\u00fdkonem<\/strong><\/h4>\n\n\n\n<p>Agadexo Shoulder byl vyvinut pro odleh\u010den\u00ed ramen p\u0159i ru\u010dn\u00ed manipulaci s materi\u00e1lem, a t\u00edm sn\u00ed\u017een\u00ed rizika muskuloskelet\u00e1ln\u00edch poruch a pracovn\u00edch \u00faraz\u016f. Je p\u0159izp\u016fsoben \u00fakol\u016fm p\u0159i zved\u00e1n\u00ed, p\u0159en\u00e1\u0161en\u00ed a spou\u0161t\u011bn\u00ed v oblasti horn\u00ed \u010d\u00e1sti t\u011bla od v\u00fd\u0161ky bok\u016f po hlavu, kter\u00e9 se \u010dasto vyskytuj\u00ed v pr\u016fmyslov\u00fdch provozech.<\/p>\n\n\n\n<div class=\"wp-block-buttons is-content-justification-center is-layout-flex wp-container-core-buttons-is-layout-766bf85b wp-block-buttons-is-layout-flex\">\n<div class=\"wp-block-button is-style-outline is-style-outline--2\"><a class=\"wp-block-button__link has-white-color has-text-color wp-element-button\" href=\"https:\/\/epar-service.com\/cs\/rueckerstattung_rueckgaben\/\">Kontaktujte n\u00e1s<\/a><\/div>\n<\/div>\n<\/div>","protected":false},"excerpt":{"rendered":"<p>Das erste intelligente industrielle Exoskelett, das Risiko von Schultermuskelbeschwerden bei manuellen Materialtransportaufgaben reduzieren soll. Tragbare Robotik im Dienste der Arbeitnehmer Reduzierter Stress Verbessert die k\u00f6rperliche Leistungsf\u00e4higkeit durch Reduzierung von Stress und dem Risiko von Muskelschmerzen, die durch anstrengende manuelle Pfl\u00fcckeaktivit\u00e4ten verursacht werden. Verbesserte Leistung Entwickelt, um Benutzer zu unterst\u00fctzen, ohne ihre Arbeitsaktivit\u00e4ten zu behindern, und [&hellip;]<\/p>\n","protected":false},"author":1,"featured_media":0,"parent":0,"menu_order":0,"comment_status":"closed","ping_status":"closed","template":"","meta":{"om_disable_all_campaigns":false,"_monsterinsights_skip_tracking":false,"_monsterinsights_sitenote_active":false,"_monsterinsights_sitenote_note":"","_monsterinsights_sitenote_category":0,"footnotes":""},"class_list":["post-207","page","type-page","status-publish","hentry"],"aioseo_notices":[],"_links":{"self":[{"href":"https:\/\/epar-service.com\/cs\/wp-json\/wp\/v2\/pages\/207","targetHints":{"allow":["GET"]}}],"collection":[{"href":"https:\/\/epar-service.com\/cs\/wp-json\/wp\/v2\/pages"}],"about":[{"href":"https:\/\/epar-service.com\/cs\/wp-json\/wp\/v2\/types\/page"}],"author":[{"embeddable":true,"href":"https:\/\/epar-service.com\/cs\/wp-json\/wp\/v2\/users\/1"}],"replies":[{"embeddable":true,"href":"https:\/\/epar-service.com\/cs\/wp-json\/wp\/v2\/comments?post=207"}],"version-history":[{"count":4,"href":"https:\/\/epar-service.com\/cs\/wp-json\/wp\/v2\/pages\/207\/revisions"}],"predecessor-version":[{"id":423,"href":"https:\/\/epar-service.com\/cs\/wp-json\/wp\/v2\/pages\/207\/revisions\/423"}],"wp:attachment":[{"href":"https:\/\/epar-service.com\/cs\/wp-json\/wp\/v2\/media?parent=207"}],"curies":[{"name":"wp","href":"https:\/\/api.w.org\/{rel}","templated":true}]}}