{"id":2,"date":"2024-12-22T19:48:28","date_gmt":"2024-12-22T19:48:28","guid":{"rendered":"https:\/\/epar-service.com\/?page_id=2"},"modified":"2024-12-24T15:46:01","modified_gmt":"2024-12-24T15:46:01","slug":"ukazkova-stranka","status":"publish","type":"page","link":"https:\/\/epar-service.com\/cs\/ukazkova-stranka\/","title":{"rendered":"V\u0161eobecn\u00e9 obchodn\u00ed podm\u00ednky AGB"},"content":{"rendered":"<p>EPAR-service GmbH V\u0160EOBECN\u00c9 PODM\u00cdNKY PRODEJE, DOD\u00c1N\u00cd A PLATBY<\/p>\n\n\n\n<ul class=\"wp-block-list\">\n<li>N\u00e1sleduj\u00edc\u00ed prodejn\u00ed, dodac\u00ed a platebn\u00ed podm\u00ednky se vztahuj\u00ed na v\u0161echny smlouvy, dod\u00e1vky a dal\u0161\u00ed slu\u017eby, v\u010detn\u011b poradensk\u00fdch slu\u017eeb a informac\u00ed.<\/li>\n\n\n\n<li>Vztahuj\u00ed se rovn\u011b\u017e na v\u0161echny budouc\u00ed smlouvy se z\u00e1kazn\u00edkem, jako\u017e i na budouc\u00ed dod\u00e1vky a dal\u0161\u00ed slu\u017eby, kter\u00e9 maj\u00ed b\u00fdt z\u00e1kazn\u00edkovi poskytnuty.<\/li>\n\n\n\n<li>Jak\u00e9koli protich\u016fdn\u00e9 podm\u00ednky se t\u00edmto odm\u00edtaj\u00ed.<\/li>\n\n\n\n<li>Dod\u00e1v\u00e1me pouze podnikatel\u016fm (\u00a7 14 BGB), pr\u00e1vnick\u00fdm osob\u00e1m ve\u0159ejn\u00e9ho pr\u00e1va a zvl\u00e1\u0161tn\u00edm fond\u016fm ve\u0159ejn\u00e9ho pr\u00e1va. Soukrom\u00fdm kone\u010dn\u00fdm spot\u0159ebitel\u016fm nedod\u00e1v\u00e1me.<\/li>\n\n\n\n<li>Na\u0161e v\u00fdrobky jsou ur\u010deny v\u00fdhradn\u011b pro profesion\u00e1ln\u00ed pou\u017eit\u00ed a nespl\u0148uj\u00ed po\u017eadavky, kter\u00e9 plat\u00ed pro soukrom\u00e9 koncov\u00e9 u\u017eivatele.<\/li>\n<\/ul>\n\n\n\n<p><strong>Uzav\u0159en\u00ed smlouvy<\/strong><br>Objedn\u00e1vky, zm\u011bny a dodatky smlouvy a vedlej\u0161\u00ed dohody mus\u00ed b\u00fdt u\u010din\u011bny p\u00edsemn\u011b. Objedn\u00e1vky podan\u00e9 telefonicky nebo jinou formou se pova\u017euj\u00ed za p\u0159ijat\u00e9 okam\u017eikem odesl\u00e1n\u00ed nebo p\u0159ed\u00e1n\u00ed zbo\u017e\u00ed a faktury.<\/p>\n\n\n\n<p><strong>Ceny, cen\u00edky<\/strong><\/p>\n\n\n\n<ul class=\"wp-block-list\">\n<li>Na\u0161e ceny jsou uvedeny bez prac\u00ed plus poplatky za likvidaci \u00fa\u010dtovan\u00e9 du\u00e1ln\u00edm syst\u00e9mem a uveden\u00e9 v seznamu n\u00ed\u017ee. Plat\u00ed ceny platn\u00e9 v dob\u011b pod\u00e1n\u00ed objedn\u00e1vky. DPH nen\u00ed zahrnuta v cen\u011b a bude fakturov\u00e1na zvl\u00e1\u0161\u0165 v z\u00e1konn\u00e9 v\u00fd\u0161i.<\/li>\n\n\n\n<li>Za ka\u017edou dod\u00e1vku se \u00fa\u010dtuje p\u0159epravn\u00ed slu\u017eba ve v\u00fd\u0161i 17,90 eur.<\/li>\n\n\n\n<li>Doprava zdarma od hodnoty n\u00e1kupu 1000 \u20ac.<\/li>\n\n\n\n<li>P\u0159i vyu\u017eit\u00ed slu\u017eby Express Service \u00fa\u010dtujeme servisn\u00ed poplatek ve v\u00fd\u0161i 23,80 eur. Spole\u010dnost EPAR-service GmbH je opr\u00e1vn\u011bna \u00fa\u010dtovat vy\u0161\u0161\u00ed servisn\u00ed poplatky za zvl\u00e1\u0161tn\u00ed manipulaci (nap\u0159. objemn\u00e9 zbo\u017e\u00ed, expresn\u00ed objedn\u00e1vky, gener\u00e1ln\u00ed n\u00e1klad).<\/li>\n\n\n\n<li>Pokud je dohodnut\u00e1 dodac\u00ed lh\u016fta del\u0161\u00ed ne\u017e jeden m\u011bs\u00edc od uzav\u0159en\u00ed smlouvy, jsme opr\u00e1vn\u011bni \u00fa\u010dtovat ceny podle na\u0161eho cen\u00edku platn\u00e9ho v den dod\u00e1n\u00ed.<\/li>\n\n\n\n<li>P\u0159i fakturaci se ceny za jednotku balen\u00ed zaokrouhluj\u00ed na cel\u00e9 centy (t\u0159et\u00ed desetinn\u00e9 m\u00edsto v\u011bt\u0161\u00ed ne\u017e 4 se zaokrouhluje nahoru, jinak se zaokrouhluje dol\u016f) a n\u00e1sob\u00ed se mno\u017estv\u00edm objedn\u00e1vky.<\/li>\n<\/ul>\n\n\n\n<p>Platba<\/p>\n\n\n\n<ul class=\"wp-block-list\">\n<li>Na\u0161e faktury jsou splatn\u00e9 do 14 dn\u016f od vystaven\u00ed bez sr\u00e1\u017eek.<\/li>\n\n\n\n<li>U objedn\u00e1vek nad 5000 \u20ac je p\u0159i objedn\u00e1vce po\u017eadov\u00e1na z\u00e1loha ve v\u00fd\u0161i 50% z \u010d\u00e1stky.<\/li>\n\n\n\n<li>Pokud je spole\u010dnost Eparcare opr\u00e1vn\u011bna inkasovat pohled\u00e1vky v\u016f\u010di Z\u00e1kazn\u00edkovi inkasem na z\u00e1klad\u011b mand\u00e1tu k SEPA inkasu Z\u00e1kazn\u00edka, Z\u00e1kazn\u00edk souhlas\u00ed s t\u00edm, \u017ee mu spole\u010dnost Eparcare za\u0161le p\u0159edb\u011b\u017en\u00e9 ozn\u00e1men\u00ed nejpozd\u011bji t\u0159i (3) kalend\u00e1\u0159n\u00ed dny p\u0159ed datem zam\u00fd\u0161len\u00e9ho inkasa SEPA inkasa (datum proveden\u00ed).<\/li>\n\n\n\n<li>Z\u00e1kazn\u00edk je v prodlen\u00ed s platbou po obdr\u017een\u00ed prvn\u00ed upom\u00ednky nebo bez upom\u00ednky 14 dn\u00ed po datu splatnosti a obdr\u017een\u00ed faktury v souladu s \u00a7 286 odst. 3 BGB. V p\u0159\u00edpad\u011b prodlen\u00ed m\u00e1me n\u00e1rok na \u00farok z prodlen\u00ed v souladu s \u00a7 288 BGB, a to za podm\u00ednky prok\u00e1z\u00e1n\u00ed dal\u0161\u00ed \u0161kody zp\u016fsoben\u00e9 prodlen\u00edm.<\/li>\n\n\n\n<li>Zapo\u010dten\u00ed proti neuznan\u00fdm nebo pr\u00e1vn\u011b nepotvrzen\u00fdm pohled\u00e1vk\u00e1m z\u00e1kazn\u00edka je vylou\u010deno. To plat\u00ed i pro zadr\u017eovac\u00ed pr\u00e1vo z titulu takov\u00fdch protipohled\u00e1vek, pokud se tyto pohled\u00e1vky nezakl\u00e1daj\u00ed na stejn\u00e9m smluvn\u00edm vztahu.<\/li>\n<\/ul>\n\n\n\n<p><strong>doru\u010den\u00ed<\/strong><\/p>\n\n\n\n<ul class=\"wp-block-list\">\n<li>Na\u0161e povinnost dodat zbo\u017e\u00ed je podm\u00edn\u011bna jeho \u00fapln\u00fdm a spr\u00e1vn\u00fdm dod\u00e1n\u00edm, pokud nejsme odpov\u011bdn\u00ed za jeho nedod\u00e1n\u00ed nebo zpo\u017ed\u011bn\u00ed.<\/li>\n\n\n\n<li>V p\u0159\u00edpad\u011b v\u00fdrobk\u016f na m\u00edru jsou p\u0159\u00edpustn\u00e9 nadm\u011brn\u00e9 nebo kr\u00e1tk\u00e9 dod\u00e1vky a\u017e do v\u00fd\u0161e 10 %, kter\u00e9 budou zohledn\u011bny ve faktu\u0159e.<\/li>\n\n\n\n<li>Pokud jde o rozm\u011bry uveden\u00e9 u na\u0161ich dod\u00e1vek, vyhrazujeme si pr\u00e1vo na obvykl\u00e9 odchylky, pokud jsme v\u00fdslovn\u011b nezaru\u010dili dodr\u017een\u00ed rozm\u011br\u016f.<\/li>\n\n\n\n<li>Jsme opr\u00e1vn\u011bni prov\u00e1d\u011bt p\u0159im\u011b\u0159en\u00e9 d\u00edl\u010d\u00ed dod\u00e1vky.<\/li>\n\n\n\n<li>Pokud se odesl\u00e1n\u00ed objednan\u00fdch polo\u017eek dod\u00e1vky zpozd\u00ed z d\u016fvod\u016f na stran\u011b z\u00e1kazn\u00edka, p\u0159ech\u00e1z\u00ed riziko na z\u00e1kazn\u00edka okam\u017eikem obdr\u017een\u00ed ozn\u00e1men\u00ed o p\u0159ipravenosti k odesl\u00e1n\u00ed.<\/li>\n\n\n\n<li>Spolehliv\u00e9 odesl\u00e1n\u00ed objednan\u00e9ho zbo\u017e\u00ed zaji\u0161\u0165uj\u00ed n\u00e1mi pov\u011b\u0159en\u00ed dopravci. Strany se dohodly, \u017ee v p\u0159\u00edpad\u011b sporu je povinnost\u00ed z\u00e1kazn\u00edka prok\u00e1zat nedoru\u010den\u00ed dod\u00e1vky.<\/li>\n\n\n\n<li>V p\u0159\u00edpad\u011b p\u0159evzet\u00ed zbo\u017e\u00ed zp\u011bt jako projev dobr\u00e9 v\u016fle jsme opr\u00e1vn\u011bni \u00fa\u010dtovat poplatek za vr\u00e1cen\u00ed zbo\u017e\u00ed ve v\u00fd\u0161i 15% z hodnoty p\u0159evzat\u00e9ho zbo\u017e\u00ed, minim\u00e1ln\u011b 15,00 eur a maxim\u00e1ln\u011b 250,00 eur.<\/li>\n<\/ul>\n\n\n\n<p><strong>Doba dod\u00e1n\u00ed<\/strong><br>Dohodnut\u00e9 dodac\u00ed lh\u016fty se p\u0159im\u011b\u0159en\u011b prodlou\u017e\u00ed v p\u0159\u00edpad\u011b nep\u0159edv\u00eddan\u00fdch p\u0159ek\u00e1\u017eek, kter\u00e9 nem\u016f\u017eeme ovlivnit, jako jsou st\u00e1vky, v\u00fdluky, provozn\u00ed poruchy, zpo\u017ed\u011bn\u00ed v dod\u00e1vk\u00e1ch prim\u00e1rn\u00edch materi\u00e1l\u016f, bez ohledu na to, zda se tyto p\u0159ek\u00e1\u017eky vyskytnou v na\u0161ich prostor\u00e1ch nebo u na\u0161ich dodavatel\u016f. Za tyto okolnosti neneseme odpov\u011bdnost ani v p\u0159\u00edpad\u011b, \u017ee jsme ji\u017e v prodlen\u00ed. Pokud nastanou, jsou ob\u011b strany opr\u00e1vn\u011bny od smlouvy odstoupit.<\/p>\n\n\n\n<p><strong>Vyhrazen\u00ed vlastnick\u00e9ho pr\u00e1va<\/strong><\/p>\n\n\n\n<ul class=\"wp-block-list\">\n<li>N\u00e1mi dodan\u00e9 p\u0159edm\u011bty z\u016fst\u00e1vaj\u00ed na\u0161\u00edm majetkem a\u017e do doby, kdy budou spln\u011bny v\u0161echny na\u0161e st\u00e1vaj\u00edc\u00ed pohled\u00e1vky v\u016f\u010di z\u00e1kazn\u00edkovi, jako\u017e i budouc\u00ed pohled\u00e1vky, pokud souvisej\u00ed s dodan\u00fdmi p\u0159edm\u011bty.<\/li>\n\n\n\n<li>Z\u00e1kazn\u00edk je opr\u00e1vn\u011bn d\u00e1le prodat p\u0159edm\u011bty dod\u00e1vky (zbo\u017e\u00ed s v\u00fdhradou vlastnictv\u00ed), kter\u00e9 jsou v na\u0161em vlastnictv\u00ed, v r\u00e1mci b\u011b\u017en\u00e9ho obchodn\u00edho styku. T\u00edmto v\u0161ak na n\u00e1s postupuje ve\u0161ker\u00e9 pohled\u00e1vky vypl\u00fdvaj\u00edc\u00ed z tohoto dal\u0161\u00edho prodeje, a to bez ohledu na to, zda je zbo\u017e\u00ed s v\u00fdhradou d\u00e1le prod\u00e1no p\u0159ed zpracov\u00e1n\u00edm nebo po n\u011bm, nebo zda je spojeno s nemovitostmi \u010di movit\u00fdm majetkem. Pokud je vyhrazen\u00e9 zbo\u017e\u00ed d\u00e1le prod\u00e1no po zpracov\u00e1n\u00ed nebo spole\u010dn\u011b s jin\u00fdm zbo\u017e\u00edm, kter\u00e9 n\u00e1m nepat\u0159\u00ed, nebo pokud je kombinov\u00e1no s nemovitostmi nebo movit\u00fdm majetkem, pova\u017euje se pohled\u00e1vka z\u00e1kazn\u00edka v\u016f\u010di jeho z\u00e1kazn\u00edk\u016fm za postoupenou na n\u00e1s ve v\u00fd\u0161i ceny dod\u00e1vky, kterou si z\u00e1kazn\u00edk s n\u00e1mi za vyhrazen\u00e9 zbo\u017e\u00ed dohodl.<\/li>\n\n\n\n<li>Z\u00e1kazn\u00edk je opr\u00e1vn\u011bn tuto pohled\u00e1vku vym\u00e1hat i po postoupen\u00ed. Na\u0161e opr\u00e1vn\u011bn\u00ed vym\u00e1hat pohled\u00e1vku sami t\u00edm nen\u00ed dot\u010deno, zavazujeme se v\u0161ak, \u017ee tak nebudeme \u010dinit, dokud z\u00e1kazn\u00edk \u0159\u00e1dn\u011b pln\u00ed sv\u00e9 platebn\u00ed povinnosti. Pokud z\u00e1kazn\u00edk vyu\u017eije opr\u00e1vn\u011bn\u00ed k inkasu, m\u00e1me n\u00e1rok na inkasovan\u00e9 p\u0159\u00edjmy ve v\u00fd\u0161i ceny dod\u00e1vky sjednan\u00e9 mezi z\u00e1kazn\u00edkem a n\u00e1mi za vyhrazen\u00e9 zbo\u017e\u00ed.<\/li>\n\n\n\n<li>Zpracov\u00e1n\u00ed nebo p\u0159estavba zbo\u017e\u00ed s v\u00fdhradou vlastnick\u00e9ho pr\u00e1va se prov\u00e1d\u00ed pro n\u00e1s jako v\u00fdrobce v souladu s \u00a7 950 BGB, ani\u017e bychom k tomu byli povinni. Pokud je zbo\u017e\u00ed s v\u00fdhradou vlastnictv\u00ed zpracov\u00e1no s jin\u00fdmi v\u011bcmi, nab\u00fdv\u00e1me spoluvlastnick\u00e9 pr\u00e1vo k nov\u00e9 v\u011bci v pom\u011bru tr\u017en\u00ed hodnoty na\u0161eho zbo\u017e\u00ed k hodnot\u011b ostatn\u00edch zpracovan\u00fdch v\u011bc\u00ed v dob\u011b zpracov\u00e1n\u00ed. Z\u00e1kazn\u00edk pro n\u00e1s novou v\u011bc bezplatn\u011b uskladn\u00ed s p\u00e9\u010d\u00ed obvyklou v obchod\u011b.<\/li>\n\n\n\n<li>Zavazujeme se, \u017ee na po\u017e\u00e1d\u00e1n\u00ed uvoln\u00edme cenn\u00e9 pap\u00edry, na kter\u00e9 m\u00e1me n\u00e1rok, pokud jejich realizovateln\u00e1 hodnota p\u0159evy\u0161uje pohled\u00e1vky, kter\u00e9 maj\u00ed b\u00fdt zaji\u0161t\u011bny, o v\u00edce ne\u017e 20 %.<\/li>\n\n\n\n<li>Pokud p\u0159ijmeme sm\u011bnku jako platebn\u00ed prost\u0159edek, na\u0161e v\u00fdhrada vlastnick\u00e9ho pr\u00e1va trv\u00e1, dokud se neprok\u00e1\u017ee, \u017ee ji\u017e nem\u016f\u017eeme n\u00e9st sm\u011bne\u010dnou odpov\u011bdnost.<\/li>\n<\/ul>\n\n\n\n<ul class=\"wp-block-list\">\n<li><strong>St\u00ed\u017enosti<\/strong><br>Zjevn\u00e9 vady mus\u00ed b\u00fdt p\u00edsemn\u011b ozn\u00e1meny a specifikov\u00e1ny do 10 dn\u016f od p\u0159evzet\u00ed zbo\u017e\u00ed.<\/li>\n\n\n\n<li><strong>Z\u00e1ruka<\/strong><br>P\u0159izn\u00e1v\u00e1me z\u00e1kazn\u00edkovi neomezen\u00e1 pr\u00e1va na z\u00e1konnou z\u00e1ruku, a to i p\u0159es z\u00e1konn\u00e1 omezen\u00ed a zkr\u00e1cen\u00ed.<\/li>\n<\/ul>\n\n\n\n<p><strong>Vylou\u010den\u00ed n\u00e1rok\u016f na n\u00e1hradu \u0161kody<\/strong><\/p>\n\n\n\n<ul id=\"block-866ea755-7669-48ad-afc8-4a9e9f48ff6a\" class=\"wp-block-list\">\n<li>Odpov\u00edd\u00e1me - bez ohledu na pr\u00e1vn\u00ed d\u016fvody - pouze za \u0161kody vznikl\u00e9 v d\u016fsledku opomenut\u00ed nebo nespr\u00e1vn\u00e9ho proveden\u00ed n\u00e1vrh\u016f nebo rad poskytnut\u00fdch p\u0159ed nebo po uzav\u0159en\u00ed smlouvy nebo v d\u016fsledku poru\u0161en\u00ed jin\u00fdch vedlej\u0161\u00edch smluvn\u00edch povinnost\u00ed - zejm\u00e9na pokyn\u016f pro provoz a \u00fadr\u017ebu p\u0159edm\u011btu dod\u00e1vky - kter\u00e9 se net\u00fdkaly samotn\u00e9ho p\u0159edm\u011btu dod\u00e1vky.\n<ul class=\"wp-block-list\">\n<li>se z\u00e1m\u011brem<\/li>\n\n\n\n<li>v p\u0159\u00edpad\u011b hrub\u00e9 nedbalosti na\u0161ich v\u00fdkonn\u00fdch org\u00e1n\u016f nebo na\u0161ich v\u00fdkonn\u00fdch zam\u011bstnanc\u016f.<\/li>\n\n\n\n<li>v p\u0159\u00edpad\u011b zavin\u011bn\u00e9 \u00fajmy na \u017eivot\u011b, zdrav\u00ed a t\u011ble,<\/li>\n\n\n\n<li>v p\u0159\u00edpad\u011b vad, kter\u00e9 jsme podvodn\u011b zatajili nebo jejich\u017e neexistenci jsme zaru\u010dili,<\/li>\n\n\n\n<li>v p\u0159\u00edpad\u011b vad p\u0159edm\u011btu dod\u00e1vky, pokud existuje odpov\u011bdnost podle z\u00e1kona o odpov\u011bdnosti za \u0161kodu na zdrav\u00ed nebo na majetku u soukrom\u011b u\u017e\u00edvan\u00fdch v\u011bc\u00ed.<\/li>\n\n\n\n<li>V p\u0159\u00edpad\u011b zavin\u011bn\u00e9ho poru\u0161en\u00ed podstatn\u00fdch smluvn\u00edch povinnost\u00ed odpov\u00edd\u00e1me tak\u00e9 za hrubou nedbalost nev\u00fdkonn\u00fdch zam\u011bstnanc\u016f a za lehkou nedbalost, av\u0161ak v druh\u00e9m p\u0159\u00edpad\u011b omezenou na rozumn\u011b p\u0159edv\u00eddateln\u00e9 \u0161kody typick\u00e9 pro smlouvu. Dal\u0161\u00ed n\u00e1roky na n\u00e1hradu \u0161kody jsou vylou\u010deny.<\/li>\n\n\n\n<li>Spole\u010dnost Eparcare odpov\u00edd\u00e1 za \u0161kody zp\u016fsoben\u00e9 pozdn\u00edm doru\u010den\u00edm expresn\u00edch objedn\u00e1vek (\"doru\u010den\u00ed do n\u00e1sleduj\u00edc\u00edho pracovn\u00edho dne\") do maxim\u00e1ln\u00ed v\u00fd\u0161e 250 EUR na objedn\u00e1vku. Uplatn\u011bn\u00ed dal\u0161\u00edch \u0161kod zp\u016fsoben\u00fdch zpo\u017ed\u011bn\u00edm je vylou\u010deno.<\/li>\n\n\n\n<li>Nep\u0159eb\u00edr\u00e1me \u017e\u00e1dnou odpov\u011bdnost, pokud z\u00e1kazn\u00edk zp\u0159\u00edstupn\u00ed na\u0161e produkty ur\u010den\u00e9 pro profesion\u00e1ln\u00ed pou\u017eit\u00ed soukrom\u00fdm koncov\u00fdm u\u017eivatel\u016fm.<\/li>\n<\/ul>\n<\/li>\n<\/ul>\n\n\n\n<p><strong>Software<\/strong><br>Z\u00e1kazn\u00edk z\u00edsk\u00e1v\u00e1 nev\u00fdhradn\u00ed a nep\u0159evoditeln\u00e9 u\u017eivatelsk\u00e9 pr\u00e1vo na programy a souvisej\u00edc\u00ed dokumenty a n\u00e1sledn\u00e9 dodatky pro intern\u00ed pou\u017eit\u00ed s produkty, pro kter\u00e9 jsou programy dod\u00e1v\u00e1ny. V\u0161echna ostatn\u00ed pr\u00e1va k program\u016fm a dokumentaci, v\u010detn\u011b kopi\u00ed a n\u00e1sledn\u00fdch dopl\u0148k\u016f, z\u016fst\u00e1vaj\u00ed na\u0161\u00ed spole\u010dnosti. Z\u00e1kazn\u00edk je povinen zajistit, aby tyto programy a dokumenty nebyly bez p\u0159edchoz\u00edho souhlasu na\u0161\u00ed spole\u010dnosti p\u0159\u00edstupn\u00e9 t\u0159et\u00edm osob\u00e1m. Kopie lze po\u0159izovat pouze pro \u00fa\u010dely archivace jako n\u00e1hradu nebo pro odstra\u0148ov\u00e1n\u00ed probl\u00e9m\u016f. P\u0159evod zdrojov\u00fdch program\u016f vy\u017eaduje samostatnou p\u00edsemnou dohodu. Pokud jsou origin\u00e1ly opat\u0159eny pozn\u00e1mkou o autorsk\u00fdch pr\u00e1vech, mus\u00ed z\u00e1kazn\u00edk tuto pozn\u00e1mku na origin\u00e1l p\u0159ipevnit. Nen\u00ed-li dohodnuto jinak, pr\u00e1vo na u\u017e\u00edv\u00e1n\u00ed se pova\u017euje za ud\u011blen\u00e9 doru\u010den\u00edm objedn\u00e1vky a dod\u00e1n\u00edm program\u016f, dokumentace a n\u00e1sledn\u00fdch dopl\u0148k\u016f. \u00dapravy program\u016f nejsou povoleny; pokud upraven\u00e9 programy pou\u017eije z\u00e1kazn\u00edk nebo t\u0159et\u00ed osoby, na\u0161e spole\u010dnost neodpov\u00edd\u00e1 za \u0161kody.<br>Z\u00e1kazn\u00edk je upozorn\u011bn, \u017ee vzhledem k sou\u010dasn\u00e9mu stavu technick\u00e9ho v\u00fdvoje nelze zcela vylou\u010dit chyby v softwarov\u00e9m programu. Z\u00e1kazn\u00edk je povinen zkontrolovat software bezprost\u0159edn\u011b po dod\u00e1n\u00ed a neprodlen\u011b p\u00edsemn\u011b upozornit na\u0161i spole\u010dnost na p\u0159\u00edpadn\u00e9 zjevn\u00e9 chyby. Na\u0161e spole\u010dnost zaru\u010duje, \u017ee funk\u010dnost softwaru v z\u00e1sad\u011b odpov\u00edd\u00e1 popisu v dokumentaci nebo specifikac\u00edm v potvrzen\u00ed objedn\u00e1vky. Krom\u011b toho na\u0161e spole\u010dnost neru\u010d\u00ed za ur\u010dit\u00e9 vlastnosti softwarov\u00fdch program\u016f nebo jejich vhodnost pro \u00fa\u010dely z\u00e1kazn\u00edka nebo po\u017eadavky z\u00e1kazn\u00edka. Na\u0161e spole\u010dnost neodpov\u00edd\u00e1 za obnovu dat, pokud na\u0161e spole\u010dnost nezp\u016fsobila jejich zni\u010den\u00ed hrubou nedbalost\u00ed nebo \u00famysln\u011b a z\u00e1kazn\u00edk nezajistil, \u017ee tato data lze s vynalo\u017een\u00edm p\u0159im\u011b\u0159en\u00e9ho \u00fasil\u00ed rekonstruovat z datov\u00e9ho materi\u00e1lu, kter\u00fd je ulo\u017een ve strojov\u011b \u010diteln\u00e9 podob\u011b.<br>Vzhledem k tomu, \u017ee vylou\u010den\u00ed odpov\u011bdnosti podle v\u00fd\u0161e uveden\u00fdch odstavc\u016f lze pr\u00e1vn\u011b z\u00e1vazn\u011b sjednat pouze mezi pln\u011b kvalifikovan\u00fdmi obchodn\u00edky, z\u016fst\u00e1v\u00e1 pr\u00e1vn\u011b p\u0159\u00edpustn\u00e1 mo\u017enost rozs\u00e1hl\u00e9ho vylou\u010den\u00ed odpov\u011bdnosti v p\u0159\u00edpad\u011b transakce s neobchodn\u00edkem.<\/p>\n\n\n\n<p><strong>Charakteristika<\/strong><br>Informace, v\u00fdkresy, vyobrazen\u00ed, vzorky, bro\u017eury, technick\u00e9 specifikace a katalogy a dal\u0161\u00ed technick\u00e9 \u00fadaje a doporu\u010den\u00ed pro pou\u017eit\u00ed obsa\u017een\u00e9 v bro\u017eur\u00e1ch, kataloz\u00edch, reklam\u00e1ch a cen\u00edc\u00edch nebo v dokumentech, kter\u00e9 jsou sou\u010d\u00e1st\u00ed nab\u00eddky, jsou nez\u00e1vazn\u00e9; nezbavuj\u00ed z\u00e1kazn\u00edka povinnosti ov\u011b\u0159it si vhodnost zbo\u017e\u00ed pro zam\u00fd\u0161len\u00e9 \u00fa\u010dely, postupy a pou\u017eit\u00ed. Sou\u010d\u00e1st\u00ed smlouvy se st\u00e1vaj\u00ed pouze tehdy a do t\u00e9 m\u00edry, pokud byly n\u00e1mi v\u00fdslovn\u011b potvrzeny jako z\u00e1vazn\u00e9. Z\u00e1ruky za jakost jsou pouze ty, kter\u00e9 jsou jako takov\u00e9 v\u00fdslovn\u011b ozna\u010deny v potvrzen\u00ed objedn\u00e1vky. Za pou\u017eit\u00ed, pou\u017eit\u00ed a zpracov\u00e1n\u00ed zakoupen\u00e9ho zbo\u017e\u00ed odpov\u00edd\u00e1 v\u00fdhradn\u011b z\u00e1kazn\u00edk. Vyhrazujeme si vlastnick\u00e1 a autorsk\u00e1 pr\u00e1va k vyobrazen\u00edm, v\u00fdkres\u016fm a dal\u0161\u00edm dokument\u016fm. Bez na\u0161eho souhlasu mohou b\u00fdt pou\u017eity pouze ke smluvn\u011b stanoven\u00e9mu \u00fa\u010delu a nesm\u00ed b\u00fdt zp\u0159\u00edstupn\u011bny t\u0159et\u00edm osob\u00e1m.<\/p>\n\n\n\n<p><strong>M\u00edsto pln\u011bn\u00ed, soudn\u00ed p\u0159\u00edslu\u0161nost, rozhodn\u00e9 pr\u00e1vo<\/strong><\/p>\n\n\n\n<ul class=\"wp-block-list\">\n<li> M\u00edstem soudn\u00ed p\u0159\u00edslu\u0161nosti pro v\u0161echny spory vypl\u00fdvaj\u00edc\u00ed z na\u0161eho pr\u00e1vn\u00edho vztahu se z\u00e1kazn\u00edkem je Stuttgart. Jsme v\u0161ak opr\u00e1vn\u011bni podniknout pr\u00e1vn\u00ed kroky i v s\u00eddle z\u00e1kazn\u00edka.<\/li>\n\n\n\n<li>Pou\u017eije se n\u011bmeck\u00e9 pr\u00e1vo; ve v\u00fdjime\u010dn\u00fdch p\u0159\u00edpadech se pou\u017eije tak\u00e9 prodejn\u00ed pr\u00e1vo OSN.<\/li>\n<\/ul>","protected":false},"excerpt":{"rendered":"<p>EPAR-service GmbH ALLGEMEINE VERKAUFS-, LIEFERUNGS- UND ZAHLUNGSBEDINGUNGEN VertragsabschlussAuftr\u00e4ge an uns, Vertrags\u00e4nderungen und -erg\u00e4nzungen sowie Nebenabreden bed\u00fcrfen der Schriftform. Telefonisch oder in anderer Form erteilte Auftr\u00e4ge gelten als angenommen, wenn Versendung oder Aush\u00e4ndigung der Ware und Rechnung erfolgt. Preise, Preislisten Zahlung Lieferung LieferfristVereinbarte Lieferfristen verl\u00e4ngern sich angemessen beim Eintritt unvorhergesehener Hindernisse, die au\u00dferhalb unserer Einflussm\u00f6glichkeiten liegen, [&hellip;]<\/p>\n","protected":false},"author":1,"featured_media":0,"parent":0,"menu_order":0,"comment_status":"closed","ping_status":"open","template":"","meta":{"om_disable_all_campaigns":false,"_monsterinsights_skip_tracking":false,"_monsterinsights_sitenote_active":false,"_monsterinsights_sitenote_note":"","_monsterinsights_sitenote_category":0,"footnotes":""},"class_list":["post-2","page","type-page","status-publish","hentry"],"aioseo_notices":[],"_links":{"self":[{"href":"https:\/\/epar-service.com\/cs\/wp-json\/wp\/v2\/pages\/2","targetHints":{"allow":["GET"]}}],"collection":[{"href":"https:\/\/epar-service.com\/cs\/wp-json\/wp\/v2\/pages"}],"about":[{"href":"https:\/\/epar-service.com\/cs\/wp-json\/wp\/v2\/types\/page"}],"author":[{"embeddable":true,"href":"https:\/\/epar-service.com\/cs\/wp-json\/wp\/v2\/users\/1"}],"replies":[{"embeddable":true,"href":"https:\/\/epar-service.com\/cs\/wp-json\/wp\/v2\/comments?post=2"}],"version-history":[{"count":1,"href":"https:\/\/epar-service.com\/cs\/wp-json\/wp\/v2\/pages\/2\/revisions"}],"predecessor-version":[{"id":90,"href":"https:\/\/epar-service.com\/cs\/wp-json\/wp\/v2\/pages\/2\/revisions\/90"}],"wp:attachment":[{"href":"https:\/\/epar-service.com\/cs\/wp-json\/wp\/v2\/media?parent=2"}],"curies":[{"name":"wp","href":"https:\/\/api.w.org\/{rel}","templated":true}]}}