{"id":144,"date":"2024-12-25T20:26:42","date_gmt":"2024-12-25T20:26:42","guid":{"rendered":"https:\/\/epar-service.com\/?page_id=144"},"modified":"2024-12-27T07:48:16","modified_gmt":"2024-12-27T07:48:16","slug":"thorax-ssm","status":"publish","type":"page","link":"https:\/\/epar-service.com\/cs\/thorax-ssm\/","title":{"rendered":"Hrudn\u00ed ko\u0161 SSM"},"content":{"rendered":"<p class=\"has-text-align-center\"><strong>CHR\u00c1N\u00cd - PODPORUJE - STABILIZUJE<\/strong><\/p>\n\n\n\n<p><img alt=\"Hrudn\u00ed ko\u0161 SSM\" decoding=\"async\" src=\"https:\/\/www.thorax-ssm.com\/media\/a0\/ea\/fc\/1699013021\/Carbon-Hintergrund-Slider-Element.png\" srcset=\"https:\/\/www.thorax-ssm.com\/thumbnail\/a0\/ea\/fc\/1699013021\/Carbon-Hintergrund-Slider-Element_1920x1920.png 1920w, https:\/\/www.thorax-ssm.com\/thumbnail\/a0\/ea\/fc\/1699013021\/Carbon-Hintergrund-Slider-Element_800x800.png 800w, https:\/\/www.thorax-ssm.com\/thumbnail\/a0\/ea\/fc\/1699013021\/Carbon-Hintergrund-Slider-Element_400x400.png 400w\"><\/p>\n\n\n\n<h2 class=\"wp-block-heading\"><strong>TECHNOLOGIE HRUDN\u00cdKU SSM<\/strong><\/h2>\n\n\n\n<figure class=\"wp-block-image\"><img decoding=\"async\" src=\"https:\/\/www.thorax-ssm.com\/media\/e7\/ab\/b4\/1712127380\/Thorax-1000x1000-4mb.gif\" alt=\"Hrudn\u00ed ko\u0161 SSM\"\/><\/figure>\n\n\n\n<p>Na str\u00e1nk\u00e1ch&nbsp;<strong>Modul pro podporu hrudn\u00ed p\u00e1te\u0159e od ax-lightness<\/strong>&nbsp;je podp\u011bra p\u00e1te\u0159e s veden\u00edm zad od z\u00e1kladny p\u00e1nve a\u017e po ramena a poskytuje oporu p\u0159i st\u00e1n\u00ed, sezen\u00ed, ch\u016fzi a zved\u00e1n\u00ed.<br><br>Anatomick\u00e1 konstrukce zaji\u0161\u0165uje c\u00edlen\u00e9 zapojen\u00ed v\u0161ech svalov\u00fdch skupin a z\u00e1rove\u0148 maxim\u00e1ln\u00ed bezpe\u010dnost pro p\u00e1te\u0159. Rovn\u00fd postoj p\u0159i v\u0161ech typech pohybu tak p\u0159isp\u00edv\u00e1 ke stabilizaci.<br><br>Struktura a konstrukce na\u0161eho syst\u00e9mu aktivn\u011b dynamicky stabilizuje cel\u00fd trup. Karbonov\u00fd r\u00e1m zaji\u0161\u0165uje optim\u00e1ln\u00ed rozlo\u017een\u00ed z\u00e1t\u011b\u017ee p\u0159i zved\u00e1n\u00ed a no\u0161en\u00ed t\u011b\u017ek\u00fdch b\u0159emen i p\u0159i no\u0161en\u00ed batoh\u016f nebo jin\u00fdch n\u00e1klad\u016f na z\u00e1dech. Aktivn\u00edm veden\u00edm p\u00e1te\u0159e v syst\u00e9mu jsou rota\u010dn\u00ed pohyby trupu dynamicky kontrolov\u00e1ny a p\u00e1te\u0159 je chr\u00e1n\u011bna p\u0159ed rota\u010dn\u00edm po\u0161kozen\u00edm. Svaly jsou stimulov\u00e1ny k aktivn\u00ed pr\u00e1ci, co\u017e vede k v\u00fdrazn\u011b vy\u0161\u0161\u00edmu vyu\u017eit\u00ed sval\u016f trupu. Posti\u017een\u00e9 klouby jsou aktivn\u00edm syst\u00e9mem obzvl\u00e1\u0161t\u011b chr\u00e1n\u011bny. Ramenn\u00ed pletenec, p\u00e1te\u0159, p\u00e1nev a ky\u010dle jsou vystaveny anatomick\u00e9 z\u00e1t\u011b\u017ei, co\u017e vede k lep\u0161\u00edmu rozlo\u017een\u00ed sil, a t\u00edm k \u0161etrn\u011bj\u0161\u00edmu dr\u017een\u00ed t\u011bla.<\/p>\n\n\n\n<h4 class=\"wp-block-heading\"><strong>#SProtectsSupportsStabilizuje<\/strong><\/h4>\n\n\n\n<figure class=\"wp-block-embed is-type-video is-provider-youtube wp-block-embed-youtube wp-embed-aspect-16-9 wp-has-aspect-ratio\"><div class=\"wp-block-embed__wrapper\">\n<iframe loading=\"lazy\" title=\"Hrudn\u00ed ko\u0161 SSM podle ax-lightness\" width=\"500\" height=\"281\" src=\"https:\/\/www.youtube.com\/embed\/GyBHTrOKfDs?feature=oembed\" frameborder=\"0\" allow=\"accelerometer; autoplay; clipboard-write; encrypted-media; gyroscope; picture-in-picture; web-share\" referrerpolicy=\"strict-origin-when-cross-origin\" allowfullscreen><\/iframe>\n<\/div><\/figure>\n\n\n\n<p><img alt=\"Hrudn\u00ed ko\u0161 SSM\" decoding=\"async\" src=\"https:\/\/www.thorax-ssm.com\/media\/a0\/ea\/fc\/1699013021\/Carbon-Hintergrund-Slider-Element.png\" srcset=\"https:\/\/www.thorax-ssm.com\/thumbnail\/a0\/ea\/fc\/1699013021\/Carbon-Hintergrund-Slider-Element_1920x1920.png 1920w, https:\/\/www.thorax-ssm.com\/thumbnail\/a0\/ea\/fc\/1699013021\/Carbon-Hintergrund-Slider-Element_800x800.png 800w, https:\/\/www.thorax-ssm.com\/thumbnail\/a0\/ea\/fc\/1699013021\/Carbon-Hintergrund-Slider-Element_400x400.png 400w\"><\/p>\n\n\n\n<h2 class=\"wp-block-heading\"><strong>STRUKTURA HRUDN\u00cdKU SSM<\/strong><\/h2>\n\n\n\n<figure class=\"wp-block-image\"><img decoding=\"async\" src=\"https:\/\/www.thorax-ssm.com\/media\/b6\/5e\/70\/1707124126\/Thorax-Frontansicht_Beschriftung-2023%20-%20140x180mm.jpg\" alt=\"Hrudn\u00ed ko\u0161 SSM\"\/><\/figure>\n\n\n\n<ul class=\"wp-block-list\">\n<li>Vysoce kvalitn\u00ed karbon T800 s aramidov\u00fdmi a sklen\u011bn\u00fdmi vl\u00e1kny<\/li>\n\n\n\n<li>Vysok\u00e1 m\u00edra p\u0159izp\u016fsoben\u00ed d\u00edky p\u0159izp\u016fsoben\u00fdm z\u00e1dov\u00fdm prvk\u016fm<\/li>\n\n\n\n<li>od 690 gram\u016f<\/li>\n\n\n\n<li>5 standardn\u00edch velikost\u00ed a mo\u017enost p\u0159izp\u016fsoben\u00ed<\/li>\n\n\n\n<li>Pol\u0161t\u00e1\u0159e jsou vym\u011bniteln\u00e9 a prateln\u00e9 na 60 \u00b0C<\/li>\n\n\n\n<li>Skl\u00e1d\u00e1 se ze 6 \u010d\u00e1st\u00ed (z\u00e1dov\u00e9 a ramenn\u00ed popruhy, 2 st\u0159edov\u00e9 spony, 1 p\u00e1nevn\u00ed spona, 1 hrudn\u00ed deska a popruhy s magnetick\u00fdm zap\u00edn\u00e1n\u00edm).<\/li>\n<\/ul>\n\n\n\n<figure class=\"wp-block-image\"><img decoding=\"async\" src=\"https:\/\/www.thorax-ssm.com\/media\/96\/49\/7f\/1699020897\/IMG_0029.JPG\" alt=\"Hrudn\u00ed ko\u0161 SSM\"\/><\/figure>\n\n\n\n<p><img alt=\"Hrudn\u00ed ko\u0161 SSM\" decoding=\"async\" src=\"https:\/\/www.thorax-ssm.com\/media\/a0\/ea\/fc\/1699013021\/Carbon-Hintergrund-Slider-Element.png\" srcset=\"https:\/\/www.thorax-ssm.com\/thumbnail\/a0\/ea\/fc\/1699013021\/Carbon-Hintergrund-Slider-Element_1920x1920.png 1920w, https:\/\/www.thorax-ssm.com\/thumbnail\/a0\/ea\/fc\/1699013021\/Carbon-Hintergrund-Slider-Element_800x800.png 800w, https:\/\/www.thorax-ssm.com\/thumbnail\/a0\/ea\/fc\/1699013021\/Carbon-Hintergrund-Slider-Element_400x400.png 400w\"><\/p>\n\n\n\n<h2 class=\"wp-block-heading\"><strong>OBLASTI POU\u017dIT\u00cd SSM PRO HRUDN\u00cdK<\/strong><\/h2>\n\n\n\n<p class=\"has-text-align-center\"><img alt=\"Hrudn\u00ed ko\u0161 SSM\" decoding=\"async\" srcset=\"https:\/\/www.thorax-ssm.com\/thumbnail\/2a\/63\/59\/1712065332\/_DSC0196-beschnitten_web_400x400.jpg 400w, https:\/\/www.thorax-ssm.com\/thumbnail\/2a\/63\/59\/1712065332\/_DSC0196-beschnitten_web_800x800.jpg 800w, https:\/\/www.thorax-ssm.com\/thumbnail\/2a\/63\/59\/1712065332\/_DSC0196-beschnitten_web_1920x1920.jpg 1920w\" src=\"https:\/\/www.thorax-ssm.com\/media\/2a\/63\/59\/1712065332\/_DSC0196-beschnitten_web.jpg\"><strong>INDUSTRIE &amp; HANDWERK - Mont\u00e1\u017e, stroj\u00edrenstv\u00ed, v\u00fdroba a obchod<\/strong><img alt=\"Hrudn\u00ed ko\u0161 SSM\" decoding=\"async\" srcset=\"https:\/\/www.thorax-ssm.com\/thumbnail\/dd\/d9\/c8\/1712228895\/_DSC0206_ohne-Logo_web_400x400.jpg 400w, https:\/\/www.thorax-ssm.com\/thumbnail\/dd\/d9\/c8\/1712228895\/_DSC0206_ohne-Logo_web_800x800.jpg 800w, https:\/\/www.thorax-ssm.com\/thumbnail\/dd\/d9\/c8\/1712228895\/_DSC0206_ohne-Logo_web_1920x1920.jpg 1920w\" src=\"https:\/\/www.thorax-ssm.com\/media\/dd\/d9\/c8\/1712228895\/_DSC0206_ohne-Logo_web.jpg\"><strong>LOGISTIKA - Skladov\u00e1n\u00ed, doprava, vychyst\u00e1v\u00e1n\u00ed a balen\u00ed<\/strong><\/p>\n\n\n\n<p class=\"has-text-align-center\"><img alt=\"Hrudn\u00ed ko\u0161 SSM\" decoding=\"async\" srcset=\"https:\/\/www.thorax-ssm.com\/thumbnail\/14\/59\/68\/1699021768\/IMG_0114_800x800.jpg 800w, https:\/\/www.thorax-ssm.com\/thumbnail\/14\/59\/68\/1699021768\/IMG_0114_400x400.jpg 400w, https:\/\/www.thorax-ssm.com\/thumbnail\/14\/59\/68\/1699021768\/IMG_0114_1920x1920.jpg 1920w\" src=\"https:\/\/www.thorax-ssm.com\/media\/14\/59\/68\/1699021768\/IMG_0114.jpg\"><strong>Zdravotnictv\u00ed - Hasi\u010di, z\u00e1chrann\u00e1 slu\u017eba a p\u00e9\u010de<\/strong><img alt=\"Hrudn\u00ed ko\u0161 SSM\" decoding=\"async\" srcset=\"https:\/\/www.thorax-ssm.com\/thumbnail\/00\/f7\/bf\/1714036294\/DSC02641_web_400x400.jpg 400w, https:\/\/www.thorax-ssm.com\/thumbnail\/00\/f7\/bf\/1714036294\/DSC02641_web_800x800.jpg 800w, https:\/\/www.thorax-ssm.com\/thumbnail\/00\/f7\/bf\/1714036294\/DSC02641_web_1920x1920.jpg 1920w\" src=\"https:\/\/www.thorax-ssm.com\/media\/00\/f7\/bf\/1714036294\/DSC02641_web.jpg\"><strong>ADMINISTRATIVA A KANCEL\u00c1\u0158 - Sezen\u00ed a st\u00e1n\u00ed<\/strong><\/p>\n\n\n\n<p><img alt=\"Hrudn\u00ed ko\u0161 SSM\" decoding=\"async\" src=\"https:\/\/www.thorax-ssm.com\/media\/a0\/ea\/fc\/1699013021\/Carbon-Hintergrund-Slider-Element.png\" srcset=\"https:\/\/www.thorax-ssm.com\/thumbnail\/a0\/ea\/fc\/1699013021\/Carbon-Hintergrund-Slider-Element_1920x1920.png 1920w, https:\/\/www.thorax-ssm.com\/thumbnail\/a0\/ea\/fc\/1699013021\/Carbon-Hintergrund-Slider-Element_800x800.png 800w, https:\/\/www.thorax-ssm.com\/thumbnail\/a0\/ea\/fc\/1699013021\/Carbon-Hintergrund-Slider-Element_400x400.png 400w\"><\/p>\n\n\n\n<h2 class=\"wp-block-heading\"><strong>CERTIFIKOV\u00c1NO INSTITUTEM PRO ZDRAV\u00cd A ERGONOMII (IGR)<\/strong><\/h2>\n\n\n\n<figure class=\"wp-block-image\"><img decoding=\"async\" src=\"https:\/\/www.thorax-ssm.com\/media\/ab\/d5\/13\/1699273343\/IGR-Certificate_2022_07_2%20-%20DE.jpg\" alt=\"Hrudn\u00ed ko\u0161 SSM\"\/><\/figure>\n\n\n\n<p>Syst\u00e9m Thorax SSM byl certifikov\u00e1n Institutem pro zdrav\u00ed a ergonomii (Institut f\u00fcr Gesundheit und Ergonomie e.V., IGR) v souladu s normou DIN EN ISO 26800. Norma DIN EN ISO 26800 p\u0159edstavuje obecn\u00fd p\u0159\u00edstup k ergonomii a definuje kl\u00ed\u010dov\u00e9 ergonomick\u00e9 z\u00e1sady a koncepty.<br><br>Ergonomie se zab\u00fdv\u00e1 lidsk\u00fdmi, technologick\u00fdmi, ekonomick\u00fdmi a organiza\u010dn\u00edmi faktory, kter\u00e9 ovliv\u0148uj\u00ed chov\u00e1n\u00ed, \u010dinnosti a pohodu lid\u00ed p\u0159i pr\u00e1ci.<\/p>\n\n\n\n<figure class=\"wp-block-image\"><img decoding=\"async\" src=\"https:\/\/www.thorax-ssm.com\/media\/e7\/ab\/b4\/1712127380\/Thorax-1000x1000-4mb.gif\" alt=\"Hrudn\u00ed ko\u0161 SSM\"\/><\/figure>\n\n\n\n<p><img alt=\"Hrudn\u00ed ko\u0161 SSM\" decoding=\"async\" src=\"https:\/\/www.thorax-ssm.com\/media\/a0\/ea\/fc\/1699013021\/Carbon-Hintergrund-Slider-Element.png\" srcset=\"https:\/\/www.thorax-ssm.com\/thumbnail\/a0\/ea\/fc\/1699013021\/Carbon-Hintergrund-Slider-Element_1920x1920.png 1920w, https:\/\/www.thorax-ssm.com\/thumbnail\/a0\/ea\/fc\/1699013021\/Carbon-Hintergrund-Slider-Element_800x800.png 800w, https:\/\/www.thorax-ssm.com\/thumbnail\/a0\/ea\/fc\/1699013021\/Carbon-Hintergrund-Slider-Element_400x400.png 400w\"><\/p>","protected":false},"excerpt":{"rendered":"<p>SCH\u00dcTZT \u00b7 ST\u00dcTZT \u00b7 STABILISIERT TECHNOLOGIE DES THORAX SSM Das&nbsp;Thorax Spine Support Module by ax-lightness&nbsp;ist eine Wirbels\u00e4ulenst\u00fctze mit R\u00fcckenf\u00fchrung vom Beckenansatz bis zu den Schultern und unterst\u00fctzt beim Stehen, Sitzen, Laufen und Heben. Durch den anatomischen Aufbau wird eine gezielte Muskelbeanspruchung aller Muskelgruppen erreicht unter der h\u00f6chstm\u00f6glichen Sicherheit f\u00fcr die Wirbels\u00e4ule. Eine gerade K\u00f6rperhaltung in [&hellip;]<\/p>\n","protected":false},"author":1,"featured_media":0,"parent":0,"menu_order":0,"comment_status":"closed","ping_status":"closed","template":"","meta":{"om_disable_all_campaigns":false,"_monsterinsights_skip_tracking":false,"_monsterinsights_sitenote_active":false,"_monsterinsights_sitenote_note":"","_monsterinsights_sitenote_category":0,"footnotes":""},"class_list":["post-144","page","type-page","status-publish","hentry"],"aioseo_notices":[],"_links":{"self":[{"href":"https:\/\/epar-service.com\/cs\/wp-json\/wp\/v2\/pages\/144","targetHints":{"allow":["GET"]}}],"collection":[{"href":"https:\/\/epar-service.com\/cs\/wp-json\/wp\/v2\/pages"}],"about":[{"href":"https:\/\/epar-service.com\/cs\/wp-json\/wp\/v2\/types\/page"}],"author":[{"embeddable":true,"href":"https:\/\/epar-service.com\/cs\/wp-json\/wp\/v2\/users\/1"}],"replies":[{"embeddable":true,"href":"https:\/\/epar-service.com\/cs\/wp-json\/wp\/v2\/comments?post=144"}],"version-history":[{"count":2,"href":"https:\/\/epar-service.com\/cs\/wp-json\/wp\/v2\/pages\/144\/revisions"}],"predecessor-version":[{"id":153,"href":"https:\/\/epar-service.com\/cs\/wp-json\/wp\/v2\/pages\/144\/revisions\/153"}],"wp:attachment":[{"href":"https:\/\/epar-service.com\/cs\/wp-json\/wp\/v2\/media?parent=144"}],"curies":[{"name":"wp","href":"https:\/\/api.w.org\/{rel}","templated":true}]}}